{"id":202647,"date":"2024-02-08T15:46:23","date_gmt":"2024-02-08T13:46:23","guid":{"rendered":"https:\/\/www.rb-academy.it\/corsi\/senza-categoria\/psicologia-del-denaro-corso-completo-di-finanza-personale\/"},"modified":"2025-03-27T13:37:55","modified_gmt":"2025-03-27T11:37:55","slug":"psicologia-del-denaro-corso-completo-di-finanza-personale","status":"publish","type":"product","link":"https:\/\/www.rb-academy.it\/?product=psicologia-del-denaro-corso-completo-di-finanza-personale","title":{"rendered":"Psicologia del denaro: corso completo di finanza personale"},"content":{"rendered":"<p>Risparmia di pi\u00f9, investi in modo pi\u00f9 intelligente, riduci i prestiti, utilizza Excel per il tuo budget personale.<\/p>\n<p><\/p>\n<p>Per partecipare a questo corso non \u00e8 richiesta alcuna precedente esperienza in materia finanziaria o contabile e nessuna conoscenza di Excel.<\/p>\n<p><\/p>\n<p>Alcuni degli argomenti e degli esercizi trattati nel corso sono:<br \/>&#8211; Come analizzare e ridurre significativamente le tue spese personali in modo che il tuo patrimonio netto aumenti nel lungo periodo<br \/>&#8211; Come fare budgeting e avere il controllo delle tue spese in modo semplice<br \/>&#8211; Come piccoli cambiamenti nelle abitudini di risparmio portano a creare dei tesoretti pi\u00f9 avanti nella vita!<\/p>\n<p><\/p>\n<p>Alcuni degli argomenti e degli esercizi di Protect Money trattati nel corso sono:<br \/>&#8211; Comprendere e migliorare il tuo accesso al credito<br \/>&#8211; Creare il tuo budget perfetto<br \/>&#8211; Il modo migliore per presentare le tasse<br \/>&#8211; Come funzionano i conti pensionistici e come diminuire l&#8217;importo delle tasse che pagherai, il che porter\u00e0 ad aumenti significativi del tuo patrimonio netto a lungo termine<br \/>&#8211; Comprendere e aumentare il tuo patrimonio netto<\/p>\n<p><\/p>\n<p>Alcuni degli argomenti e degli esercizi di investimento trattati nel corso sono:<br \/>&#8211; Investire in azioni<br \/>&#8211; Investire in obbligazioni<br \/>&#8211; Investire in materie prime<br \/>&#8211; Investire in immobili e altro ancora<br \/>&#8211; Come creare il tuo portafoglio di investimenti diversificato<br \/>&#8211; Ridurre al minimo le commissioni che paghi alla tua banca e alle societ\u00e0 di investimento<\/p>\n<p><\/p>\n<p>Il corso si basa su conoscenze ed esperienze pratiche derivanti dalla vita reale e non sulla teoria.<\/p>\n<p><\/p>\n<p>Esclusione di responsabilit\u00e0 legale:<br \/>Il docente e la piattaforma non hanno alcuna responsabilit\u00e0 nei confronti delle attivit\u00e0 d\u2019investimento intraprese dagli utenti del corso.<\/p>\n<p><\/p>\n<p>Durata totale: 10 ore<\/p>\n","protected":false},"excerpt":{"rendered":"<p>Risparmia di pi\u00f9, investi in modo pi\u00f9 intelligente, riduci i prestiti, utilizza Excel per il tuo budget personale. Per partecipare a questo corso non \u00e8 richiesta alcuna precedente esperienza in materia finanziaria o contabile e nessuna conoscenza di Excel. Alcuni degli argomenti e degli esercizi trattati nel corso sono: &#8211; Come analizzare e ridurre significativamente [&hellip;]<\/p>\n","protected":false},"featured_media":202646,"template":"","meta":[],"product_cat":[1067],"product_tag":[],"class_list":{"0":"post-202647","1":"product","2":"type-product","3":"status-publish","4":"has-post-thumbnail","6":"product_cat-finanza-e-trading","8":"first","9":"instock","10":"taxable","11":"shipping-taxable","12":"purchasable","13":"product-type-simple"},"_links":{"self":[{"href":"https:\/\/www.rb-academy.it\/index.php?rest_route=\/wp\/v2\/product\/202647","targetHints":{"allow":["GET"]}}],"collection":[{"href":"https:\/\/www.rb-academy.it\/index.php?rest_route=\/wp\/v2\/product"}],"about":[{"href":"https:\/\/www.rb-academy.it\/index.php?rest_route=\/wp\/v2\/types\/product"}],"wp:featuredmedia":[{"embeddable":true,"href":"https:\/\/www.rb-academy.it\/index.php?rest_route=\/wp\/v2\/media\/202646"}],"wp:attachment":[{"href":"https:\/\/www.rb-academy.it\/index.php?rest_route=%2Fwp%2Fv2%2Fmedia&parent=202647"}],"wp:term":[{"taxonomy":"product_cat","embeddable":true,"href":"https:\/\/www.rb-academy.it\/index.php?rest_route=%2Fwp%2Fv2%2Fproduct_cat&post=202647"},{"taxonomy":"product_tag","embeddable":true,"href":"https:\/\/www.rb-academy.it\/index.php?rest_route=%2Fwp%2Fv2%2Fproduct_tag&post=202647"}],"curies":[{"name":"wp","href":"https:\/\/api.w.org\/{rel}","templated":true}]}}