{"id":202649,"date":"2024-02-08T15:46:23","date_gmt":"2024-02-08T13:46:23","guid":{"rendered":"https:\/\/www.rb-academy.it\/corsi\/senza-categoria\/gestione-del-tempo-fare-il-triplo-nella-meta-del-tempo\/"},"modified":"2025-03-27T13:37:55","modified_gmt":"2025-03-27T11:37:55","slug":"gestione-del-tempo-fare-il-triplo-nella-meta-del-tempo","status":"publish","type":"product","link":"https:\/\/www.rb-academy.it\/?product=gestione-del-tempo-fare-il-triplo-nella-meta-del-tempo","title":{"rendered":"Gestione del tempo: fare il triplo nella met\u00e0 del tempo"},"content":{"rendered":"<p>Produttivit\u00e0 e Time Management: fai di pi\u00f9 con meno stress. Strumenti pratici per prendere il controllo del tuo tempo.<br \/>Un corso completo di produttivit\u00e0 e gestione del tempo progettato per aiutarti a ridurre il tuo sovraccarico e aumentare i tuoi risultati.<\/p>\n<p><\/p>\n<p>Prendi il controllo del tuo tempo, della tua lista di cose da fare e della tua vita. Impara come fare il triplo nella met\u00e0 del tempo.<\/p>\n<p><\/p>\n<p>Scopri e applica strategie, tecniche e trucchi per la gestione del tempo e la produttivit\u00e0; identifica e risolvi gli ostacoli che ti impediscono di essere pi\u00f9 produttivo.<\/p>\n<p><\/p>\n<p>Usa le tue tendenze e i tuoi tratti naturali a tuo vantaggio per ottimizzare il tuo tempo e la tua produttivit\u00e0.<\/p>\n<p><\/p>\n<p>Seleziona le priorit\u00e0 in modo efficace per assicurarti di lavorare sulle cose giuste, al momento giusto.<br \/>Pianifica il tuo lavoro e gli obiettivi giornalieri, settimanali e a lungo termine per risparmiare tempo e ridurre lo stress.<\/p>\n<p><\/p>\n<p>Scopri perch\u00e9 non sei produttivo, come potresti essere e sviluppa il tuo piano per migliorare.<\/p>\n<p><\/p>\n<p>Durata totale: 6 ore<\/p>\n","protected":false},"excerpt":{"rendered":"<p>Produttivit\u00e0 e Time Management: fai di pi\u00f9 con meno stress. Strumenti pratici per prendere il controllo del tuo tempo. Un corso completo di produttivit\u00e0 e gestione del tempo progettato per aiutarti a ridurre il tuo sovraccarico e aumentare i tuoi risultati. Prendi il controllo del tuo tempo, della tua lista di cose da fare e [&hellip;]<\/p>\n","protected":false},"featured_media":202648,"template":"","meta":[],"product_cat":[1076],"product_tag":[],"class_list":{"0":"post-202649","1":"product","2":"type-product","3":"status-publish","4":"has-post-thumbnail","6":"product_cat-soft-skills","8":"first","9":"instock","10":"taxable","11":"shipping-taxable","12":"purchasable","13":"product-type-simple"},"_links":{"self":[{"href":"https:\/\/www.rb-academy.it\/index.php?rest_route=\/wp\/v2\/product\/202649","targetHints":{"allow":["GET"]}}],"collection":[{"href":"https:\/\/www.rb-academy.it\/index.php?rest_route=\/wp\/v2\/product"}],"about":[{"href":"https:\/\/www.rb-academy.it\/index.php?rest_route=\/wp\/v2\/types\/product"}],"wp:featuredmedia":[{"embeddable":true,"href":"https:\/\/www.rb-academy.it\/index.php?rest_route=\/wp\/v2\/media\/202648"}],"wp:attachment":[{"href":"https:\/\/www.rb-academy.it\/index.php?rest_route=%2Fwp%2Fv2%2Fmedia&parent=202649"}],"wp:term":[{"taxonomy":"product_cat","embeddable":true,"href":"https:\/\/www.rb-academy.it\/index.php?rest_route=%2Fwp%2Fv2%2Fproduct_cat&post=202649"},{"taxonomy":"product_tag","embeddable":true,"href":"https:\/\/www.rb-academy.it\/index.php?rest_route=%2Fwp%2Fv2%2Fproduct_tag&post=202649"}],"curies":[{"name":"wp","href":"https:\/\/api.w.org\/{rel}","templated":true}]}}