{"id":202653,"date":"2024-02-08T15:46:24","date_gmt":"2024-02-08T13:46:24","guid":{"rendered":"https:\/\/www.rb-academy.it\/corsi\/senza-categoria\/tecniche-di-lettura-e-apprendimento-veloce\/"},"modified":"2025-03-27T13:37:55","modified_gmt":"2025-03-27T11:37:55","slug":"tecniche-di-lettura-e-apprendimento-veloce","status":"publish","type":"product","link":"https:\/\/www.rb-academy.it\/?product=tecniche-di-lettura-e-apprendimento-veloce","title":{"rendered":"Tecniche di Lettura e Apprendimento veloce"},"content":{"rendered":"<p>Lettura rapida, sviluppo Oculare e del cervello, apprendimento rapido e mappe mentali. Corso completo con ESERCIZI PRATICI.<br \/>Impara pi\u00f9 velocemente e pi\u00f9 facilmente usando delle tecniche per incrementare la tua velocit\u00e0 di lettura.<\/p>\n<p><\/p>\n<p>Questo corso ti insegner\u00e0 come &#8216;hackerare&#8217; le tue capacit\u00e0 di apprendimento, lettura e memoria, consentendoti di imparare qualsiasi cosa pi\u00f9 velocemente e in modo pi\u00f9 efficace.<\/p>\n<p><\/p>\n<p>Siamo costretti a confrontarci con una quantit\u00e0 sempre crescente di informazioni e conoscenze e abbiamo tutti sperimentato la frustrazione di fronte a un lungo elenco di letture, a una lista di vocaboli stranieri da dover memorizzare o di fronte a vuoti di memoria.<\/p>\n<p><\/p>\n<p>Chiunque pu\u00f2 sviluppare abilit\u00e0 di lettura veloce.<\/p>\n<p><\/p>\n<p>Questo corso mira a migliorare la tua capacit\u00e0 di apprendere nuove abilit\u00e0 o informazioni in modo rapido ed efficace. Approfondiremo anche i fattori cognitivi e neurologici che rendono l&#8217;apprendimento pi\u00f9 facile e pi\u00f9 efficace, nonch\u00e9 tecniche di memoria avanzate per affrontare gli enormi carichi di informazioni che sarai in grado di elaborare.<\/p>\n<p><\/p>\n<p>Imparerai come inserire e conservare le informazioni in un modo completamente nuovo: un modo migliore e pi\u00f9 veloce.<\/p>\n<p><\/p>\n<p>Inoltre, le abilit\u00e0 che imparerai in questo corso sono applicabili a molti aspetti della tua vita quotidiana, come ricordare i numeri di telefono, acquisire nuove abilit\u00e0 o parlare nuove lingue.<\/p>\n<p><\/p>\n<p>Nel corso troverai:<br \/>Esercizi pratici<br \/>Video dimostrativi pratici per ogni concetto principale<\/p>\n<p><\/p>\n<p>Il corso richieder\u00e0 alcune ore di pratica e allenamento di lettura rapida e di memoria a settimana e dovrai allenarti durante le settimane seguenti.<\/p>\n<p><\/p>\n<p>Durata totale: 6 ore<\/p>\n","protected":false},"excerpt":{"rendered":"<p>Lettura rapida, sviluppo Oculare e del cervello, apprendimento rapido e mappe mentali. Corso completo con ESERCIZI PRATICI. Impara pi\u00f9 velocemente e pi\u00f9 facilmente usando delle tecniche per incrementare la tua velocit\u00e0 di lettura. Questo corso ti insegner\u00e0 come &#8216;hackerare&#8217; le tue capacit\u00e0 di apprendimento, lettura e memoria, consentendoti di imparare qualsiasi cosa pi\u00f9 velocemente e [&hellip;]<\/p>\n","protected":false},"featured_media":202652,"template":"","meta":[],"product_cat":[1081],"product_tag":[],"class_list":{"0":"post-202653","1":"product","2":"type-product","3":"status-publish","4":"has-post-thumbnail","6":"product_cat-carriera-e-lavoro","8":"first","9":"instock","10":"taxable","11":"shipping-taxable","12":"purchasable","13":"product-type-simple"},"_links":{"self":[{"href":"https:\/\/www.rb-academy.it\/index.php?rest_route=\/wp\/v2\/product\/202653","targetHints":{"allow":["GET"]}}],"collection":[{"href":"https:\/\/www.rb-academy.it\/index.php?rest_route=\/wp\/v2\/product"}],"about":[{"href":"https:\/\/www.rb-academy.it\/index.php?rest_route=\/wp\/v2\/types\/product"}],"wp:featuredmedia":[{"embeddable":true,"href":"https:\/\/www.rb-academy.it\/index.php?rest_route=\/wp\/v2\/media\/202652"}],"wp:attachment":[{"href":"https:\/\/www.rb-academy.it\/index.php?rest_route=%2Fwp%2Fv2%2Fmedia&parent=202653"}],"wp:term":[{"taxonomy":"product_cat","embeddable":true,"href":"https:\/\/www.rb-academy.it\/index.php?rest_route=%2Fwp%2Fv2%2Fproduct_cat&post=202653"},{"taxonomy":"product_tag","embeddable":true,"href":"https:\/\/www.rb-academy.it\/index.php?rest_route=%2Fwp%2Fv2%2Fproduct_tag&post=202653"}],"curies":[{"name":"wp","href":"https:\/\/api.w.org\/{rel}","templated":true}]}}