{"id":202659,"date":"2024-02-08T15:46:24","date_gmt":"2024-02-08T13:46:24","guid":{"rendered":"https:\/\/www.rb-academy.it\/corsi\/senza-categoria\/blockchain-e-finanza-decentralizzata-i-bitcoin-e-le-altcoin\/"},"modified":"2025-03-27T13:37:55","modified_gmt":"2025-03-27T11:37:55","slug":"blockchain-e-finanza-decentralizzata-i-bitcoin-e-le-altcoin","status":"publish","type":"product","link":"https:\/\/www.rb-academy.it\/?product=blockchain-e-finanza-decentralizzata-i-bitcoin-e-le-altcoin","title":{"rendered":"Blockchain e Finanza Decentralizzata: i Bitcoin e le Altcoin"},"content":{"rendered":"<p>Potrebbe trattarsi della pi\u00f9 grande rivoluzione digitale mai avvenuta fino ad ora: decentralizzare il sistema finanziario.<br \/>Prima del 2008 questo concetto non esisteva nemmeno nei film come Star Trek eppure oggi sembra di essere arrivati all&#8217;alba di una vera e propria rivoluzione finanziaria digitale. Potremmo arrivare a concepire il denaro in maniera completamente diversa da come lo concepiamo adesso, con molta pi\u00f9 fiducia, distribuzione equa e solidit\u00e0 del sistema. Questo in ogni caso non pu\u00f2 avvenire se prima non arriva la giusta informazione.<\/p>\n<p><\/p>\n<p>Che cos&#8217;\u00e8 la blockchain? Cosa rappresentano i Bitcoin? Che valore hanno Ethereum e le altre Altocoin? Gli NFT rivoluzioneranno davvero il concetto di arte e di tokenizzazione dei beni?<\/p>\n<p><\/p>\n<p>Questo corso serve a fornire un quadro chiaro di che cosa rappresentano oggi queste tecnologie. Che lo vogliamo o no sono entrate nella nostra vita e conoscerle \u00e8 diventato necessario.<br \/>Ci sono molti modi di poter guadagnare da questo Megatrend delle Cryptovalute ma niente lascia spazio al caso, \u00e8 necessario conoscere le regole e padroneggiare degli argomenti di cui stiamo parlando.<\/p>\n<p><\/p>\n<p>Come guadagnare con le criptovalute? \u00c8 possibile guadagnare con le criptovalute?<br \/>&#8211; Tra i vantaggi vi \u00e8 sicuramente la capitalizzazione che ancora non ha raggiunto altissimi livelli. Infatti, sebbene nel 2017 siano stati superati i 900 miliardi, si tratta di un mercato ancora piuttosto giovane, in fase di crescita e, al momento, poco intaccato dal mercato tradizionale.<br \/>&#8211; Un altro vantaggio \u00e8 la presenza di gap e buchi normativi e di mercato che si possono sfruttare per monetizzare.<\/p>\n<p><\/p>\n<p>Le leggi cambiano spesso e stiamo, inoltre, parlando di un mercato volatile e fragile dove una piccola indiscrezione da parte di una banca d&#8217;affari pu\u00f2 determinare un picco o un crollo del valore delle criptovalute.<br \/>Data la sua instabilit\u00e0 non \u00e8 un mercato alla portata di qualsiasi investitore. Se sei tentato ad investire parte dei tuoi risparmi in criptovalute \u00e8 bene far affidamento a strategie operative conservative.<br \/>Questo mercato \u00e8 adatto per chi ha un&#8217;elevata propensione al rischio ed un portafoglio ben diversificato: chi investe in attivit\u00e0 di medio-basso rischio pu\u00f2 pensare di metterne una parte nel mondo delle criptovalute, ovvero un investimento ad alto rischio. Non \u00e8 saggio pensare di impiegare tutta la somma a disposizione solo in questa realt\u00e0 economica, poich\u00e9 senza altri investimenti di minor rischio, la possibile perdita potrebbe azzerare il tuo portafoglio.<\/p>\n<p><\/p>\n<p>Esclusione di responsabilit\u00e0 legale:<br \/>Il docente e la piattaforma non hanno alcuna responsabilit\u00e0 nei confronti delle attivit\u00e0 d&#8217;investimento intraprese dagli utenti del corso.<\/p>\n<p><\/p>\n<p>Durata totale: 12 ore<\/p>\n","protected":false},"excerpt":{"rendered":"<p>Potrebbe trattarsi della pi\u00f9 grande rivoluzione digitale mai avvenuta fino ad ora: decentralizzare il sistema finanziario. Prima del 2008 questo concetto non esisteva nemmeno nei film come Star Trek eppure oggi sembra di essere arrivati all&#8217;alba di una vera e propria rivoluzione finanziaria digitale. Potremmo arrivare a concepire il denaro in maniera completamente diversa da [&hellip;]<\/p>\n","protected":false},"featured_media":202658,"template":"","meta":[],"product_cat":[1067],"product_tag":[],"class_list":{"0":"post-202659","1":"product","2":"type-product","3":"status-publish","4":"has-post-thumbnail","6":"product_cat-finanza-e-trading","8":"first","9":"instock","10":"taxable","11":"shipping-taxable","12":"purchasable","13":"product-type-simple"},"_links":{"self":[{"href":"https:\/\/www.rb-academy.it\/index.php?rest_route=\/wp\/v2\/product\/202659","targetHints":{"allow":["GET"]}}],"collection":[{"href":"https:\/\/www.rb-academy.it\/index.php?rest_route=\/wp\/v2\/product"}],"about":[{"href":"https:\/\/www.rb-academy.it\/index.php?rest_route=\/wp\/v2\/types\/product"}],"wp:featuredmedia":[{"embeddable":true,"href":"https:\/\/www.rb-academy.it\/index.php?rest_route=\/wp\/v2\/media\/202658"}],"wp:attachment":[{"href":"https:\/\/www.rb-academy.it\/index.php?rest_route=%2Fwp%2Fv2%2Fmedia&parent=202659"}],"wp:term":[{"taxonomy":"product_cat","embeddable":true,"href":"https:\/\/www.rb-academy.it\/index.php?rest_route=%2Fwp%2Fv2%2Fproduct_cat&post=202659"},{"taxonomy":"product_tag","embeddable":true,"href":"https:\/\/www.rb-academy.it\/index.php?rest_route=%2Fwp%2Fv2%2Fproduct_tag&post=202659"}],"curies":[{"name":"wp","href":"https:\/\/api.w.org\/{rel}","templated":true}]}}