{"id":202661,"date":"2024-02-08T15:46:25","date_gmt":"2024-02-08T13:46:25","guid":{"rendered":"https:\/\/www.rb-academy.it\/corsi\/senza-categoria\/creare-rendite-passive-i-dividendi-azionari\/"},"modified":"2025-03-27T13:37:55","modified_gmt":"2025-03-27T11:37:55","slug":"creare-rendite-passive-i-dividendi-azionari","status":"publish","type":"product","link":"https:\/\/www.rb-academy.it\/?product=creare-rendite-passive-i-dividendi-azionari","title":{"rendered":"Creare Rendite Passive: i Dividendi Azionari"},"content":{"rendered":"<p>Fondamenti di analisi finanziaria, Value Investing, Mindset, investimenti in azioni, trading online: tutto quello che devi sapere dalla A-Z<br \/>Finalmente imparerai come selezionare azioni da dividendo per creare un flusso di reddito passivo attraverso un metodo preciso.<\/p>\n<p><\/p>\n<p>Vuoi conoscere le potenzialit\u00e0 dei dividendi azionari? Stai cercando una guida passo passo agli investimenti che possa aiutarti a trarre profitto dal mercato azionario?<\/p>\n<p><\/p>\n<p>In questo corso imparerai come prendere decisioni di investimento da solo e come creare un flusso di reddito passivo con le azioni da dividendo.<\/p>\n<p><\/p>\n<p>La strategia di investimento presentata non richiede competenze ed esperienze pregresse in ambito finanziario e, una volta capito come funziona, la dovrai adottare per scegliere da solo azioni ad alto potenziale di guadagno!<\/p>\n<p><\/p>\n<p>Una verit\u00e0 importante da tenere in considerazione \u00e8 che investire nei mercati azionari di oggi \u00e8 pi\u00f9 complesso rispetto al passato. Quindi, ogni investitore dovrebbe trovare la giusta strategia di investimento che possa aiutarlo a proteggere e far crescere i propri soldi.<\/p>\n<p><\/p>\n<p>L&#8217;educazione finanziaria \u00e8 davvero cruciale non solo per gli investitori ma per ogni singola persona che vuole avvicinarsi a questo settore. Questo corso \u00e8 una &#8216;scorciatoia&#8217; per ridurre i tempi di istruzione e aiutarti a costruire il tuo portafoglio finanziario.<\/p>\n<p><\/p>\n<p>&#8220;Il pi\u00f9 grande investimento che puoi fare \u00e8 investire su te stesso.&#8221;<\/p>\n<p><\/p>\n<p>Esclusione di responsabilit\u00e0 legale:<br \/>Il docente e la piattaforma non hanno alcuna responsabilit\u00e0 nei confronti delle attivit\u00e0 d&#8217;investimento intraprese dagli utenti del corso.<\/p>\n<p><\/p>\n<p>Durata totale: 14 ore<\/p>\n","protected":false},"excerpt":{"rendered":"<p>Fondamenti di analisi finanziaria, Value Investing, Mindset, investimenti in azioni, trading online: tutto quello che devi sapere dalla A-Z Finalmente imparerai come selezionare azioni da dividendo per creare un flusso di reddito passivo attraverso un metodo preciso. Vuoi conoscere le potenzialit\u00e0 dei dividendi azionari? Stai cercando una guida passo passo agli investimenti che possa aiutarti [&hellip;]<\/p>\n","protected":false},"featured_media":202660,"template":"","meta":[],"product_cat":[1067],"product_tag":[],"class_list":{"0":"post-202661","1":"product","2":"type-product","3":"status-publish","4":"has-post-thumbnail","6":"product_cat-finanza-e-trading","8":"first","9":"instock","10":"taxable","11":"shipping-taxable","12":"purchasable","13":"product-type-simple"},"_links":{"self":[{"href":"https:\/\/www.rb-academy.it\/index.php?rest_route=\/wp\/v2\/product\/202661","targetHints":{"allow":["GET"]}}],"collection":[{"href":"https:\/\/www.rb-academy.it\/index.php?rest_route=\/wp\/v2\/product"}],"about":[{"href":"https:\/\/www.rb-academy.it\/index.php?rest_route=\/wp\/v2\/types\/product"}],"wp:featuredmedia":[{"embeddable":true,"href":"https:\/\/www.rb-academy.it\/index.php?rest_route=\/wp\/v2\/media\/202660"}],"wp:attachment":[{"href":"https:\/\/www.rb-academy.it\/index.php?rest_route=%2Fwp%2Fv2%2Fmedia&parent=202661"}],"wp:term":[{"taxonomy":"product_cat","embeddable":true,"href":"https:\/\/www.rb-academy.it\/index.php?rest_route=%2Fwp%2Fv2%2Fproduct_cat&post=202661"},{"taxonomy":"product_tag","embeddable":true,"href":"https:\/\/www.rb-academy.it\/index.php?rest_route=%2Fwp%2Fv2%2Fproduct_tag&post=202661"}],"curies":[{"name":"wp","href":"https:\/\/api.w.org\/{rel}","templated":true}]}}