{"id":202677,"date":"2024-02-08T15:46:27","date_gmt":"2024-02-08T13:46:27","guid":{"rendered":"https:\/\/www.rb-academy.it\/corsi\/senza-categoria\/potenziamento-della-leadership-esercizi-pratici\/"},"modified":"2025-03-27T13:37:57","modified_gmt":"2025-03-27T11:37:57","slug":"potenziamento-della-leadership-esercizi-pratici","status":"publish","type":"product","link":"https:\/\/www.rb-academy.it\/?product=potenziamento-della-leadership-esercizi-pratici","title":{"rendered":"Potenziamento della Leadership: esercizi pratici"},"content":{"rendered":"<p>Padroneggia le capacit\u00e0 di leadership e le tecniche di leadership con consigli altamente pratici.<\/p>\n<p><\/p>\n<p>La leadership \u00e8 spesso considerata un&#8217;abilit\u00e0 sfuggente o complessa, ma con questo corso pratico avrai tutte le chiavi necessarie per potenziarla. Che tu stia gestendo un piccolo team o un&#8217;intera azienda, una famiglia o un gruppo di amici, questo corso ti permetter\u00e0 di sviluppare competenze essenziali per la gestione del tempo, l&#8217;auto-controllo, la motivazione del team e la fiducia in se stessi. La leadership \u00e8 un&#8217;abilit\u00e0 essenziale a casa, al lavoro e in ogni fase della tua vita.<\/p>\n<p><\/p>\n<p>Durante il corso ti verranno mostrati molti esempi di vita reale (alcuni dei quali ti faranno sicuramente sorridere) e ti verranno forniti strumenti pratici che puoi usare subito per ottenere risultati migliori.<\/p>\n<p><\/p>\n<p>Diventando bravo nella leadership, non solo aprirai la strada alla promozione futura, ma avrai anche un migliore equilibrio tra lavoro e vita privata e una squadra molto pi\u00f9 felice.<\/p>\n<p><\/p>\n<p>Migliorando le tue relazioni, migliorerai il tuo benessere personale e di tutte le persone intorno a te. Inizia oggi a migliorare la tua vita.<\/p>\n<p><\/p>\n<p>Durata totale: 6 ore<\/p>\n","protected":false},"excerpt":{"rendered":"<p>Padroneggia le capacit\u00e0 di leadership e le tecniche di leadership con consigli altamente pratici. La leadership \u00e8 spesso considerata un&#8217;abilit\u00e0 sfuggente o complessa, ma con questo corso pratico avrai tutte le chiavi necessarie per potenziarla. Che tu stia gestendo un piccolo team o un&#8217;intera azienda, una famiglia o un gruppo di amici, questo corso ti [&hellip;]<\/p>\n","protected":false},"featured_media":202676,"template":"","meta":[],"product_cat":[1026],"product_tag":[],"class_list":{"0":"post-202677","1":"product","2":"type-product","3":"status-publish","4":"has-post-thumbnail","6":"product_cat-management-2","8":"first","9":"instock","10":"taxable","11":"shipping-taxable","12":"purchasable","13":"product-type-simple"},"_links":{"self":[{"href":"https:\/\/www.rb-academy.it\/index.php?rest_route=\/wp\/v2\/product\/202677","targetHints":{"allow":["GET"]}}],"collection":[{"href":"https:\/\/www.rb-academy.it\/index.php?rest_route=\/wp\/v2\/product"}],"about":[{"href":"https:\/\/www.rb-academy.it\/index.php?rest_route=\/wp\/v2\/types\/product"}],"wp:featuredmedia":[{"embeddable":true,"href":"https:\/\/www.rb-academy.it\/index.php?rest_route=\/wp\/v2\/media\/202676"}],"wp:attachment":[{"href":"https:\/\/www.rb-academy.it\/index.php?rest_route=%2Fwp%2Fv2%2Fmedia&parent=202677"}],"wp:term":[{"taxonomy":"product_cat","embeddable":true,"href":"https:\/\/www.rb-academy.it\/index.php?rest_route=%2Fwp%2Fv2%2Fproduct_cat&post=202677"},{"taxonomy":"product_tag","embeddable":true,"href":"https:\/\/www.rb-academy.it\/index.php?rest_route=%2Fwp%2Fv2%2Fproduct_tag&post=202677"}],"curies":[{"name":"wp","href":"https:\/\/api.w.org\/{rel}","templated":true}]}}