{"id":202687,"date":"2024-02-08T15:46:31","date_gmt":"2024-02-08T13:46:31","guid":{"rendered":"https:\/\/www.rb-academy.it\/corsi\/senza-categoria\/yoga-tonifica-il-tuo-corpo\/"},"modified":"2025-03-27T13:37:57","modified_gmt":"2025-03-27T11:37:57","slug":"yoga-tonifica-il-tuo-corpo","status":"publish","type":"product","link":"https:\/\/www.rb-academy.it\/?product=yoga-tonifica-il-tuo-corpo","title":{"rendered":"Yoga: tonifica il tuo corpo"},"content":{"rendered":"<p>Il corso ti aiuter\u00e0, respiro dopo respiro, a diventare pi\u00f9 forte e la lentezza ti far\u00e0 scoprire e sentire muscoli che neanche sapevi di avere! La silhouette migliora, la tua capacit\u00e0 di concentrazione aumenta mentre diventi sempre pi\u00f9 consapevole del tuo corpo. L&#8217;interiore crea l&#8217;esteriore e la bellezza \u00e8 sempre una conseguenza naturale di uno stato di amore verso noi stessi.<\/p>\n<p><\/p>\n<p>Eseguendo queste lezioni pi\u00f9 volte noterai come la pratica sar\u00e0 ogni volta diversa, la fatica diminuisce, il corpo si rimodella e aumenta il piacere di ritagliarti del tempo per prenderti cura di te.<\/p>\n<p><\/p>\n<p>Durata totale: 6 ore<\/p>\n","protected":false},"excerpt":{"rendered":"<p>Il corso ti aiuter\u00e0, respiro dopo respiro, a diventare pi\u00f9 forte e la lentezza ti far\u00e0 scoprire e sentire muscoli che neanche sapevi di avere! La silhouette migliora, la tua capacit\u00e0 di concentrazione aumenta mentre diventi sempre pi\u00f9 consapevole del tuo corpo. L&#8217;interiore crea l&#8217;esteriore e la bellezza \u00e8 sempre una conseguenza naturale di uno [&hellip;]<\/p>\n","protected":false},"featured_media":202686,"template":"","meta":[],"product_cat":[1080],"product_tag":[],"class_list":{"0":"post-202687","1":"product","2":"type-product","3":"status-publish","4":"has-post-thumbnail","6":"product_cat-yoga","8":"first","9":"instock","10":"taxable","11":"shipping-taxable","12":"purchasable","13":"product-type-simple"},"_links":{"self":[{"href":"https:\/\/www.rb-academy.it\/index.php?rest_route=\/wp\/v2\/product\/202687","targetHints":{"allow":["GET"]}}],"collection":[{"href":"https:\/\/www.rb-academy.it\/index.php?rest_route=\/wp\/v2\/product"}],"about":[{"href":"https:\/\/www.rb-academy.it\/index.php?rest_route=\/wp\/v2\/types\/product"}],"wp:featuredmedia":[{"embeddable":true,"href":"https:\/\/www.rb-academy.it\/index.php?rest_route=\/wp\/v2\/media\/202686"}],"wp:attachment":[{"href":"https:\/\/www.rb-academy.it\/index.php?rest_route=%2Fwp%2Fv2%2Fmedia&parent=202687"}],"wp:term":[{"taxonomy":"product_cat","embeddable":true,"href":"https:\/\/www.rb-academy.it\/index.php?rest_route=%2Fwp%2Fv2%2Fproduct_cat&post=202687"},{"taxonomy":"product_tag","embeddable":true,"href":"https:\/\/www.rb-academy.it\/index.php?rest_route=%2Fwp%2Fv2%2Fproduct_tag&post=202687"}],"curies":[{"name":"wp","href":"https:\/\/api.w.org\/{rel}","templated":true}]}}