{"id":202697,"date":"2024-02-08T15:46:32","date_gmt":"2024-02-08T13:46:32","guid":{"rendered":"https:\/\/www.rb-academy.it\/corsi\/senza-categoria\/corso-di-yoga-in-gravidanza\/"},"modified":"2025-03-27T13:37:57","modified_gmt":"2025-03-27T11:37:57","slug":"corso-di-yoga-in-gravidanza","status":"publish","type":"product","link":"https:\/\/www.rb-academy.it\/?product=corso-di-yoga-in-gravidanza","title":{"rendered":"Corso di Yoga in gravidanza"},"content":{"rendered":"<p>Il Corso di Yoga in gravidanza ti permetter\u00e0 di entrare in contatto profondo con il tuo corpo che mese dopo mese cambier\u00e0, accompagnandoti per accogliere al meglio il miracolo della vita che si compie attraverso di te.<br \/>Prenderti del tempo da dedicare al tuo benessere psicofisico non sar\u00e0 pi\u00f9 una forzatura, ma un momento atteso di piacere da regalarti per sentirti sempre a tuo agio dentro di te e gestire al meglio le energie che ti attraversano in questo periodo cos\u00ec speciale.<br \/>Imparerai che meriti di dedicare dei momenti solo a te ogni giorno: questo sar\u00e0 ancora pi\u00f9 utile dopo la nascita del tuo bambino, perch\u00e9 una donna rilassata e serena \u00e8 anche una madre migliore.<\/p>\n<p><\/p>\n<p>Durata totale: 10 ore<\/p>\n","protected":false},"excerpt":{"rendered":"<p>Il Corso di Yoga in gravidanza ti permetter\u00e0 di entrare in contatto profondo con il tuo corpo che mese dopo mese cambier\u00e0, accompagnandoti per accogliere al meglio il miracolo della vita che si compie attraverso di te. Prenderti del tempo da dedicare al tuo benessere psicofisico non sar\u00e0 pi\u00f9 una forzatura, ma un momento atteso [&hellip;]<\/p>\n","protected":false},"featured_media":202696,"template":"","meta":[],"product_cat":[1080],"product_tag":[],"class_list":{"0":"post-202697","1":"product","2":"type-product","3":"status-publish","4":"has-post-thumbnail","6":"product_cat-yoga","8":"first","9":"instock","10":"taxable","11":"shipping-taxable","12":"purchasable","13":"product-type-simple"},"_links":{"self":[{"href":"https:\/\/www.rb-academy.it\/index.php?rest_route=\/wp\/v2\/product\/202697","targetHints":{"allow":["GET"]}}],"collection":[{"href":"https:\/\/www.rb-academy.it\/index.php?rest_route=\/wp\/v2\/product"}],"about":[{"href":"https:\/\/www.rb-academy.it\/index.php?rest_route=\/wp\/v2\/types\/product"}],"wp:featuredmedia":[{"embeddable":true,"href":"https:\/\/www.rb-academy.it\/index.php?rest_route=\/wp\/v2\/media\/202696"}],"wp:attachment":[{"href":"https:\/\/www.rb-academy.it\/index.php?rest_route=%2Fwp%2Fv2%2Fmedia&parent=202697"}],"wp:term":[{"taxonomy":"product_cat","embeddable":true,"href":"https:\/\/www.rb-academy.it\/index.php?rest_route=%2Fwp%2Fv2%2Fproduct_cat&post=202697"},{"taxonomy":"product_tag","embeddable":true,"href":"https:\/\/www.rb-academy.it\/index.php?rest_route=%2Fwp%2Fv2%2Fproduct_tag&post=202697"}],"curies":[{"name":"wp","href":"https:\/\/api.w.org\/{rel}","templated":true}]}}