{"id":202701,"date":"2024-02-08T15:46:33","date_gmt":"2024-02-08T13:46:33","guid":{"rendered":"https:\/\/www.rb-academy.it\/corsi\/senza-categoria\/larte-dei-desideri\/"},"modified":"2025-03-27T13:37:58","modified_gmt":"2025-03-27T11:37:58","slug":"larte-dei-desideri","status":"publish","type":"product","link":"https:\/\/www.rb-academy.it\/?product=larte-dei-desideri","title":{"rendered":"L&#8217;Arte dei Desideri"},"content":{"rendered":"<p>\u201cDesiderare\u201d \u00e8 un atto bellissimo, viene dalla parola sidera, \u201cstelle\u201d e significa letteralmente: accorgersi che nel tuo cuore c&#8217;\u00e8 qualcosa di pi\u00f9 di quel che le stelle stanno concedendo all&#8217;umanit\u00e0.<br \/>Una lezione memorabile di Igor Sibaldi su come sviluppare il coraggio e il senso di libert\u00e0, esaudire i desideri pi\u00f9 profondi e intraprendere la via pi\u00f9 autentica.<\/p>\n<p><\/p>\n<p>Questa strada verso la realizzazione del s\u00e9, tuttavia, pu\u00f2 presentarsi tortuosa e difficile se non si presta attenzione alle trappole innescate dall&#8217;attuale approccio alle tematiche spirituali.<\/p>\n<p><\/p>\n<p>La spiritualit\u00e0 contemporanea, infatti, \u00e8 la pi\u00f9 grande epidemia di narcisismo della storia. Andrea Colamedici e Maura Gancitano, autori e ideatori di Tlon, ne analizzeranno lo stato di salute, offrendone una visione complessa e mettendo per la prima volta in luce la genesi e i traumi del consumismo spirituale.<\/p>\n<p><\/p>\n<p>Durata totale: 5,5 ore<\/p>\n","protected":false},"excerpt":{"rendered":"<p>\u201cDesiderare\u201d \u00e8 un atto bellissimo, viene dalla parola sidera, \u201cstelle\u201d e significa letteralmente: accorgersi che nel tuo cuore c&#8217;\u00e8 qualcosa di pi\u00f9 di quel che le stelle stanno concedendo all&#8217;umanit\u00e0. Una lezione memorabile di Igor Sibaldi su come sviluppare il coraggio e il senso di libert\u00e0, esaudire i desideri pi\u00f9 profondi e intraprendere la via [&hellip;]<\/p>\n","protected":false},"featured_media":202700,"template":"","meta":[],"product_cat":[1103],"product_tag":[],"class_list":{"0":"post-202701","1":"product","2":"type-product","3":"status-publish","4":"has-post-thumbnail","6":"product_cat-pratiche-esoteriche","8":"first","9":"instock","10":"taxable","11":"shipping-taxable","12":"purchasable","13":"product-type-simple"},"_links":{"self":[{"href":"https:\/\/www.rb-academy.it\/index.php?rest_route=\/wp\/v2\/product\/202701","targetHints":{"allow":["GET"]}}],"collection":[{"href":"https:\/\/www.rb-academy.it\/index.php?rest_route=\/wp\/v2\/product"}],"about":[{"href":"https:\/\/www.rb-academy.it\/index.php?rest_route=\/wp\/v2\/types\/product"}],"wp:featuredmedia":[{"embeddable":true,"href":"https:\/\/www.rb-academy.it\/index.php?rest_route=\/wp\/v2\/media\/202700"}],"wp:attachment":[{"href":"https:\/\/www.rb-academy.it\/index.php?rest_route=%2Fwp%2Fv2%2Fmedia&parent=202701"}],"wp:term":[{"taxonomy":"product_cat","embeddable":true,"href":"https:\/\/www.rb-academy.it\/index.php?rest_route=%2Fwp%2Fv2%2Fproduct_cat&post=202701"},{"taxonomy":"product_tag","embeddable":true,"href":"https:\/\/www.rb-academy.it\/index.php?rest_route=%2Fwp%2Fv2%2Fproduct_tag&post=202701"}],"curies":[{"name":"wp","href":"https:\/\/api.w.org\/{rel}","templated":true}]}}