{"id":202707,"date":"2024-02-08T15:46:34","date_gmt":"2024-02-08T13:46:34","guid":{"rendered":"https:\/\/www.rb-academy.it\/corsi\/senza-categoria\/evoluzione-creativa\/"},"modified":"2025-03-27T13:38:01","modified_gmt":"2025-03-27T11:38:01","slug":"evoluzione-creativa","status":"publish","type":"product","link":"https:\/\/www.rb-academy.it\/?product=evoluzione-creativa","title":{"rendered":"Evoluzione Creativa"},"content":{"rendered":"<p>La scienza, afferma il dottor Goswami, deve venire a patti con le emozioni, il significato e lo scopo della vita.<br \/>La chiave \u00e8 nel concetto di creativit\u00e0, un cambiamento paradigmatico che l\u2019autore definisce \u201cscienza all\u2019interno della coscienza\u201d.<br \/>Un invito, per l&#8217;umanit\u00e0, a ripensare alle proprie nozioni di esistenza e realt\u00e0.<\/p>\n<p><\/p>\n<p>Il tema centrale, nella consolidata ricerca del dottor Goswami, \u00e8 la pura coscienza, non la materia, che costituirebbe la forza primaria dell\u2019universo. Tale visione differisce radicalmente dalle teorie accademiche e convenzionali secondo cui l\u2019evoluzione \u00e8 il risultato di semplici reazioni fisiche, ma anche dalle tesi creazionistiche che ipotizzano un cosmo fabbricato da un Dio orologiaio onnipotente e onnisciente.<\/p>\n<p><\/p>\n<p>Con un&#8217;ampiezza di pensiero paragonabile a quella di  Einstein, il fondatore dell\u2019attivismo quantico ci invita a riscoprire le leggi che regolano l&#8217;universo e la vita, integrando l\u2019antica via spirituale con l\u2019innovativa mente scientifica. Inoltre, con grande chiarezza pratica, mostra come i principi della nuova fisica possano aiutarci a sviluppare la creativit\u00e0 interiore, a rendere pi\u00f9 profonda la nostra spiritualit\u00e0 e a vivere come persone davvero libere.<\/p>\n<p><\/p>\n<p>Durata totale: 3,5 ore<\/p>\n","protected":false},"excerpt":{"rendered":"<p>La scienza, afferma il dottor Goswami, deve venire a patti con le emozioni, il significato e lo scopo della vita. La chiave \u00e8 nel concetto di creativit\u00e0, un cambiamento paradigmatico che l\u2019autore definisce \u201cscienza all\u2019interno della coscienza\u201d. Un invito, per l&#8217;umanit\u00e0, a ripensare alle proprie nozioni di esistenza e realt\u00e0. Il tema centrale, nella consolidata [&hellip;]<\/p>\n","protected":false},"featured_media":202706,"template":"","meta":[],"product_cat":[1059],"product_tag":[],"class_list":{"0":"post-202707","1":"product","2":"type-product","3":"status-publish","4":"has-post-thumbnail","6":"product_cat-trasformazione-personale","8":"first","9":"instock","10":"taxable","11":"shipping-taxable","12":"purchasable","13":"product-type-simple"},"_links":{"self":[{"href":"https:\/\/www.rb-academy.it\/index.php?rest_route=\/wp\/v2\/product\/202707","targetHints":{"allow":["GET"]}}],"collection":[{"href":"https:\/\/www.rb-academy.it\/index.php?rest_route=\/wp\/v2\/product"}],"about":[{"href":"https:\/\/www.rb-academy.it\/index.php?rest_route=\/wp\/v2\/types\/product"}],"wp:featuredmedia":[{"embeddable":true,"href":"https:\/\/www.rb-academy.it\/index.php?rest_route=\/wp\/v2\/media\/202706"}],"wp:attachment":[{"href":"https:\/\/www.rb-academy.it\/index.php?rest_route=%2Fwp%2Fv2%2Fmedia&parent=202707"}],"wp:term":[{"taxonomy":"product_cat","embeddable":true,"href":"https:\/\/www.rb-academy.it\/index.php?rest_route=%2Fwp%2Fv2%2Fproduct_cat&post=202707"},{"taxonomy":"product_tag","embeddable":true,"href":"https:\/\/www.rb-academy.it\/index.php?rest_route=%2Fwp%2Fv2%2Fproduct_tag&post=202707"}],"curies":[{"name":"wp","href":"https:\/\/api.w.org\/{rel}","templated":true}]}}