{"id":202709,"date":"2024-02-08T15:46:34","date_gmt":"2024-02-08T13:46:34","guid":{"rendered":"https:\/\/www.rb-academy.it\/corsi\/senza-categoria\/respiro-attivo\/"},"modified":"2025-03-27T13:38:01","modified_gmt":"2025-03-27T11:38:01","slug":"respiro-attivo","status":"publish","type":"product","link":"https:\/\/www.rb-academy.it\/?product=respiro-attivo","title":{"rendered":"Respiro Attivo"},"content":{"rendered":"<p>Vivi meglio. Riappropriati della tua energia.<br \/>Nessuno, da quando sei nato, ti ha mai parlato dell\u2019importanza del respiro, vero?<\/p>\n<p><\/p>\n<p>Il modo in cui respiriamo influenza la nostra esistenza.<br \/>Disimpariamo a farlo da bimbi e da adulti diamo per scontato di saperlo fare perch\u00e9 \u00e8 un\u2019operazione innata. Eppure corriamo e scriviamo fin da bambini nonostante il nostro modo di correre e la nostra calligrafia non migliorino nel tempo se non ci dedichiamo.<\/p>\n<p><\/p>\n<p>Il respiro \u00e8 una meta-tecnica: fa funzionare meglio qualsiasi altra tecnica che miri al benessere della persona. Ciascuno di noi pu\u00f2 imparare a respirare in modo corretto e ottenere cos\u00ec risultati sorprendenti per l&#8217;equilibrio e l&#8217;efficienza del sistema Corpo-Mente-Spirito-Emozioni.<\/p>\n<p><\/p>\n<p>Ricercatori scientifici hanno dimostrato che il 90% delle persone respira col 50% del potenziale respiratorio. il 75% delle tossine del nostro corpo viene espulso tramite il processo di espirazione. Se non respiriamo nel modo corretto il nostro corpo si intossica perch\u00e9 non gli stiamo dando la possibilit\u00e0 di espellere ci\u00f2 che non \u00e8 necessario. Un sistema intelligente, quando ha poca energia, elimina il superfluo per tenere in vita le parti fondamentali.<\/p>\n<p><\/p>\n<p>Re-imparare a respirare bene \u00e8 la Via per riprendere in mano la propria Vita.<\/p>\n<p><\/p>\n<p>Durata totale: 2,5 ore<\/p>\n","protected":false},"excerpt":{"rendered":"<p>Vivi meglio. Riappropriati della tua energia. Nessuno, da quando sei nato, ti ha mai parlato dell\u2019importanza del respiro, vero? Il modo in cui respiriamo influenza la nostra esistenza. Disimpariamo a farlo da bimbi e da adulti diamo per scontato di saperlo fare perch\u00e9 \u00e8 un\u2019operazione innata. Eppure corriamo e scriviamo fin da bambini nonostante il [&hellip;]<\/p>\n","protected":false},"featured_media":202708,"template":"","meta":[],"product_cat":[1119],"product_tag":[],"class_list":{"0":"post-202709","1":"product","2":"type-product","3":"status-publish","4":"has-post-thumbnail","6":"product_cat-serenita-interiore","8":"first","9":"instock","10":"taxable","11":"shipping-taxable","12":"purchasable","13":"product-type-simple"},"_links":{"self":[{"href":"https:\/\/www.rb-academy.it\/index.php?rest_route=\/wp\/v2\/product\/202709","targetHints":{"allow":["GET"]}}],"collection":[{"href":"https:\/\/www.rb-academy.it\/index.php?rest_route=\/wp\/v2\/product"}],"about":[{"href":"https:\/\/www.rb-academy.it\/index.php?rest_route=\/wp\/v2\/types\/product"}],"wp:featuredmedia":[{"embeddable":true,"href":"https:\/\/www.rb-academy.it\/index.php?rest_route=\/wp\/v2\/media\/202708"}],"wp:attachment":[{"href":"https:\/\/www.rb-academy.it\/index.php?rest_route=%2Fwp%2Fv2%2Fmedia&parent=202709"}],"wp:term":[{"taxonomy":"product_cat","embeddable":true,"href":"https:\/\/www.rb-academy.it\/index.php?rest_route=%2Fwp%2Fv2%2Fproduct_cat&post=202709"},{"taxonomy":"product_tag","embeddable":true,"href":"https:\/\/www.rb-academy.it\/index.php?rest_route=%2Fwp%2Fv2%2Fproduct_tag&post=202709"}],"curies":[{"name":"wp","href":"https:\/\/api.w.org\/{rel}","templated":true}]}}