{"id":202713,"date":"2024-02-08T15:46:35","date_gmt":"2024-02-08T13:46:35","guid":{"rendered":"https:\/\/www.rb-academy.it\/corsi\/senza-categoria\/inbound-marketing-come-farsi-trovare-dai-clienti\/"},"modified":"2025-03-27T13:38:02","modified_gmt":"2025-03-27T11:38:02","slug":"inbound-marketing-come-farsi-trovare-dai-clienti","status":"publish","type":"product","link":"https:\/\/www.rb-academy.it\/?product=inbound-marketing-come-farsi-trovare-dai-clienti","title":{"rendered":"Inbound marketing: come farsi trovare dai clienti"},"content":{"rendered":"<p>Il corso di Inbound Marketing ha l\u2019obiettivo di aiutare il manager e l\u2019imprenditore a trovare clienti grazie a contenuti che non sono orientati alla vendita, ma hanno un carattere pi\u00f9 informativo. Creare contenuti per farsi trovare \u00e8 il segreto del successo di ogni azienda nella societ\u00e0 moderna, in cui tutti siamo bombardati da tanti e troppi messaggi e l\u2019importante \u00e8 saper comunicare in modo diverso. Attirare e fidelizzare i clienti con contenuti di qualit\u00e0 significa aumentare fatturato, conversioni e vendite indipendentemente dalla fase del funnel in cui la persona si trova.<\/p>\n<p><\/p>\n<p>Durata totale: 4 ore<\/p>\n","protected":false},"excerpt":{"rendered":"<p>Il corso di Inbound Marketing ha l\u2019obiettivo di aiutare il manager e l\u2019imprenditore a trovare clienti grazie a contenuti che non sono orientati alla vendita, ma hanno un carattere pi\u00f9 informativo. Creare contenuti per farsi trovare \u00e8 il segreto del successo di ogni azienda nella societ\u00e0 moderna, in cui tutti siamo bombardati da tanti e [&hellip;]<\/p>\n","protected":false},"featured_media":202712,"template":"","meta":[],"product_cat":[1113],"product_tag":[],"class_list":{"0":"post-202713","1":"product","2":"type-product","3":"status-publish","4":"has-post-thumbnail","6":"product_cat-strategie-di-marketing","8":"first","9":"instock","10":"taxable","11":"shipping-taxable","12":"purchasable","13":"product-type-simple"},"_links":{"self":[{"href":"https:\/\/www.rb-academy.it\/index.php?rest_route=\/wp\/v2\/product\/202713","targetHints":{"allow":["GET"]}}],"collection":[{"href":"https:\/\/www.rb-academy.it\/index.php?rest_route=\/wp\/v2\/product"}],"about":[{"href":"https:\/\/www.rb-academy.it\/index.php?rest_route=\/wp\/v2\/types\/product"}],"wp:featuredmedia":[{"embeddable":true,"href":"https:\/\/www.rb-academy.it\/index.php?rest_route=\/wp\/v2\/media\/202712"}],"wp:attachment":[{"href":"https:\/\/www.rb-academy.it\/index.php?rest_route=%2Fwp%2Fv2%2Fmedia&parent=202713"}],"wp:term":[{"taxonomy":"product_cat","embeddable":true,"href":"https:\/\/www.rb-academy.it\/index.php?rest_route=%2Fwp%2Fv2%2Fproduct_cat&post=202713"},{"taxonomy":"product_tag","embeddable":true,"href":"https:\/\/www.rb-academy.it\/index.php?rest_route=%2Fwp%2Fv2%2Fproduct_tag&post=202713"}],"curies":[{"name":"wp","href":"https:\/\/api.w.org\/{rel}","templated":true}]}}