{"id":202715,"date":"2024-02-08T15:46:35","date_gmt":"2024-02-08T13:46:35","guid":{"rendered":"https:\/\/www.rb-academy.it\/corsi\/senza-categoria\/tecniche-di-memorizzazione-avanzato\/"},"modified":"2025-03-27T13:38:02","modified_gmt":"2025-03-27T11:38:02","slug":"tecniche-di-memorizzazione-avanzato","status":"publish","type":"product","link":"https:\/\/www.rb-academy.it\/?product=tecniche-di-memorizzazione-avanzato","title":{"rendered":"Tecniche di Memorizzazione &#8211; avanzato"},"content":{"rendered":"<p>Il corso Avanzato di Tecniche di Memorizzazione ti illustrer\u00e0 l\u2019applicazione delle tecniche di memoria pi\u00f9 avanzate, attraverso moltissimi esempi pratici.<br \/>Saprai memorizzare in maniera ancora pi\u00f9 sicura lunghe quantit\u00e0 di informazioni, definizioni e punti chiave di un testo e parole complesse. Scoprirai come cos\u2019\u00e8 il palazzo mentale e come crearlo, insieme ad alcune strategie che si usano nelle competizioni di memoria.<br \/>Se quello che hai imparato nel corso dedicato alle Tecniche Base di Memorizzazione non ti basta, se nel tuo studio o nel tuo lavoro hai delle informazioni pi\u00f9 articolate da dover memorizzare, con le Tecniche Avanzate di Memorizzazione avrai a disposizione molte pi\u00f9 strategie!<\/p>\n<p><\/p>\n<p>Durata totale: 10 ore<\/p>\n","protected":false},"excerpt":{"rendered":"<p>Il corso Avanzato di Tecniche di Memorizzazione ti illustrer\u00e0 l\u2019applicazione delle tecniche di memoria pi\u00f9 avanzate, attraverso moltissimi esempi pratici. Saprai memorizzare in maniera ancora pi\u00f9 sicura lunghe quantit\u00e0 di informazioni, definizioni e punti chiave di un testo e parole complesse. Scoprirai come cos\u2019\u00e8 il palazzo mentale e come crearlo, insieme ad alcune strategie che [&hellip;]<\/p>\n","protected":false},"featured_media":202714,"template":"","meta":[],"product_cat":[1123],"product_tag":[],"class_list":{"0":"post-202715","1":"product","2":"type-product","3":"status-publish","4":"has-post-thumbnail","6":"product_cat-tecniche-di-apprendimento","8":"first","9":"instock","10":"taxable","11":"shipping-taxable","12":"purchasable","13":"product-type-simple"},"_links":{"self":[{"href":"https:\/\/www.rb-academy.it\/index.php?rest_route=\/wp\/v2\/product\/202715","targetHints":{"allow":["GET"]}}],"collection":[{"href":"https:\/\/www.rb-academy.it\/index.php?rest_route=\/wp\/v2\/product"}],"about":[{"href":"https:\/\/www.rb-academy.it\/index.php?rest_route=\/wp\/v2\/types\/product"}],"wp:featuredmedia":[{"embeddable":true,"href":"https:\/\/www.rb-academy.it\/index.php?rest_route=\/wp\/v2\/media\/202714"}],"wp:attachment":[{"href":"https:\/\/www.rb-academy.it\/index.php?rest_route=%2Fwp%2Fv2%2Fmedia&parent=202715"}],"wp:term":[{"taxonomy":"product_cat","embeddable":true,"href":"https:\/\/www.rb-academy.it\/index.php?rest_route=%2Fwp%2Fv2%2Fproduct_cat&post=202715"},{"taxonomy":"product_tag","embeddable":true,"href":"https:\/\/www.rb-academy.it\/index.php?rest_route=%2Fwp%2Fv2%2Fproduct_tag&post=202715"}],"curies":[{"name":"wp","href":"https:\/\/api.w.org\/{rel}","templated":true}]}}