{"id":202719,"date":"2024-02-08T15:46:35","date_gmt":"2024-02-08T13:46:35","guid":{"rendered":"https:\/\/www.rb-academy.it\/corsi\/senza-categoria\/corso-avanzato-di-problem-solving\/"},"modified":"2025-03-27T13:38:02","modified_gmt":"2025-03-27T11:38:02","slug":"corso-avanzato-di-problem-solving","status":"publish","type":"product","link":"https:\/\/www.rb-academy.it\/?product=corso-avanzato-di-problem-solving","title":{"rendered":"Corso avanzato di problem solving"},"content":{"rendered":"<p>Il corso intende offrire strumenti e tecniche per affrontare in maniera professionale il problem solving \u201cstrategico\u201d, finalizzato a creare, favorire e incoraggiare scenari di cambiamento e innovazione delle persone nelle aziende. Sar\u00e0 trattato il tema del thinking design, con particolare riferimento alla sua utilit\u00e0 nel progettare nuove modalit\u00e0 di servizio al cliente.<\/p>\n<p><\/p>\n<p>Durata totale: 6 ore<\/p>\n","protected":false},"excerpt":{"rendered":"<p>Il corso intende offrire strumenti e tecniche per affrontare in maniera professionale il problem solving \u201cstrategico\u201d, finalizzato a creare, favorire e incoraggiare scenari di cambiamento e innovazione delle persone nelle aziende. Sar\u00e0 trattato il tema del thinking design, con particolare riferimento alla sua utilit\u00e0 nel progettare nuove modalit\u00e0 di servizio al cliente.<\/p>\n","protected":false},"featured_media":202718,"template":"","meta":[],"product_cat":[1076],"product_tag":[],"class_list":{"0":"post-202719","1":"product","2":"type-product","3":"status-publish","4":"has-post-thumbnail","6":"product_cat-soft-skills","8":"first","9":"instock","10":"taxable","11":"shipping-taxable","12":"purchasable","13":"product-type-simple"},"_links":{"self":[{"href":"https:\/\/www.rb-academy.it\/index.php?rest_route=\/wp\/v2\/product\/202719","targetHints":{"allow":["GET"]}}],"collection":[{"href":"https:\/\/www.rb-academy.it\/index.php?rest_route=\/wp\/v2\/product"}],"about":[{"href":"https:\/\/www.rb-academy.it\/index.php?rest_route=\/wp\/v2\/types\/product"}],"wp:featuredmedia":[{"embeddable":true,"href":"https:\/\/www.rb-academy.it\/index.php?rest_route=\/wp\/v2\/media\/202718"}],"wp:attachment":[{"href":"https:\/\/www.rb-academy.it\/index.php?rest_route=%2Fwp%2Fv2%2Fmedia&parent=202719"}],"wp:term":[{"taxonomy":"product_cat","embeddable":true,"href":"https:\/\/www.rb-academy.it\/index.php?rest_route=%2Fwp%2Fv2%2Fproduct_cat&post=202719"},{"taxonomy":"product_tag","embeddable":true,"href":"https:\/\/www.rb-academy.it\/index.php?rest_route=%2Fwp%2Fv2%2Fproduct_tag&post=202719"}],"curies":[{"name":"wp","href":"https:\/\/api.w.org\/{rel}","templated":true}]}}