{"id":202729,"date":"2024-02-08T15:46:37","date_gmt":"2024-02-08T13:46:37","guid":{"rendered":"https:\/\/www.rb-academy.it\/corsi\/senza-categoria\/corso-base-di-contabilita-e-bilancio\/"},"modified":"2025-03-27T13:38:02","modified_gmt":"2025-03-27T11:38:02","slug":"corso-base-di-contabilita-e-bilancio","status":"publish","type":"product","link":"https:\/\/www.rb-academy.it\/?product=corso-base-di-contabilita-e-bilancio","title":{"rendered":"Corso base di Contabilit\u00e0 e Bilancio"},"content":{"rendered":"<p>Il Corso base di contabilit\u00e0 e bilancio illustra le basi della contabilit\u00e0 generale utili a comprendere le principali registrazioni presenti nei processi amministrativi aziendali con lo scopo di acquisire rapidamente gli strumenti per la preparazione dei dati e della documentazione amministrativa di un\u2019attivit\u00e0.<\/p>\n<p><\/p>\n<p>Durata totale: 15 ore<\/p>\n","protected":false},"excerpt":{"rendered":"<p>Il Corso base di contabilit\u00e0 e bilancio illustra le basi della contabilit\u00e0 generale utili a comprendere le principali registrazioni presenti nei processi amministrativi aziendali con lo scopo di acquisire rapidamente gli strumenti per la preparazione dei dati e della documentazione amministrativa di un\u2019attivit\u00e0.<\/p>\n","protected":false},"featured_media":202728,"template":"","meta":[],"product_cat":[1028],"product_tag":[],"class_list":{"0":"post-202729","1":"product","2":"type-product","3":"status-publish","4":"has-post-thumbnail","6":"product_cat-contabilita-2","8":"first","9":"instock","10":"taxable","11":"shipping-taxable","12":"purchasable","13":"product-type-simple"},"_links":{"self":[{"href":"https:\/\/www.rb-academy.it\/index.php?rest_route=\/wp\/v2\/product\/202729","targetHints":{"allow":["GET"]}}],"collection":[{"href":"https:\/\/www.rb-academy.it\/index.php?rest_route=\/wp\/v2\/product"}],"about":[{"href":"https:\/\/www.rb-academy.it\/index.php?rest_route=\/wp\/v2\/types\/product"}],"wp:featuredmedia":[{"embeddable":true,"href":"https:\/\/www.rb-academy.it\/index.php?rest_route=\/wp\/v2\/media\/202728"}],"wp:attachment":[{"href":"https:\/\/www.rb-academy.it\/index.php?rest_route=%2Fwp%2Fv2%2Fmedia&parent=202729"}],"wp:term":[{"taxonomy":"product_cat","embeddable":true,"href":"https:\/\/www.rb-academy.it\/index.php?rest_route=%2Fwp%2Fv2%2Fproduct_cat&post=202729"},{"taxonomy":"product_tag","embeddable":true,"href":"https:\/\/www.rb-academy.it\/index.php?rest_route=%2Fwp%2Fv2%2Fproduct_tag&post=202729"}],"curies":[{"name":"wp","href":"https:\/\/api.w.org\/{rel}","templated":true}]}}