{"id":202735,"date":"2024-02-08T15:46:38","date_gmt":"2024-02-08T13:46:38","guid":{"rendered":"https:\/\/www.rb-academy.it\/corsi\/senza-categoria\/corso-di-yoga\/"},"modified":"2025-03-27T13:38:02","modified_gmt":"2025-03-27T11:38:02","slug":"corso-di-yoga","status":"publish","type":"product","link":"https:\/\/www.rb-academy.it\/?product=corso-di-yoga","title":{"rendered":"Corso di Yoga"},"content":{"rendered":"<p>Lo yoga non \u00e8 solo ginnastica, ma un modo efficace e pratico per sviluppare forza, elasticit\u00e0 ed equilibrio a livello fisico, emozionale e spirituale. Chiunque pu\u00f2 avvicinarsi a questa pratica, non occorrono competenze di base particolari.<\/p>\n<p><\/p>\n<p>In questo corso di yoga troverai 24 brevi video in cui ti verranno mostrate le posizioni di base, dette \u201casana\u201d. In ogni lezione verranno spiegati passo dopo passo tutte le tecniche e i passaggi per entrare e uscire da ogni singola figura con consigli e avvertenze per svolgerle al meglio. Attraverso la sequenza del Saluto al Sole, poi, svilupperai forza, elasticit\u00e0 ed equilibrio in soli 10 minuti. Troverai inoltre 5 videolezioni da 35 minuti per iniziare con sequenze semplici, fatte in modo lento, a ritmo del respiro.<\/p>\n<p><\/p>\n<p>All\u2019interno del Corso di Yoga ogni singolo movimento \u00e8 spiegato accuratamente, per darti la possibilit\u00e0 di eseguire al meglio ogni passaggio traendo il massimo beneficio da ogni lezione.<\/p>\n<p><\/p>\n<p>La voce guida terr\u00e0 la tua mente occupata, facilitando la concentrazione, in modo da allontanare tutti i problemi quotidiani e trasformare questa in un\u2019esperienza di profonda rigenerazione a 360\u00b0.<\/p>\n<p><\/p>\n<p>Durata totale: 10 ore<\/p>\n","protected":false},"excerpt":{"rendered":"<p>Lo yoga non \u00e8 solo ginnastica, ma un modo efficace e pratico per sviluppare forza, elasticit\u00e0 ed equilibrio a livello fisico, emozionale e spirituale. Chiunque pu\u00f2 avvicinarsi a questa pratica, non occorrono competenze di base particolari. In questo corso di yoga troverai 24 brevi video in cui ti verranno mostrate le posizioni di base, dette [&hellip;]<\/p>\n","protected":false},"featured_media":202734,"template":"","meta":[],"product_cat":[1080],"product_tag":[],"class_list":{"0":"post-202735","1":"product","2":"type-product","3":"status-publish","4":"has-post-thumbnail","6":"product_cat-yoga","8":"first","9":"instock","10":"taxable","11":"shipping-taxable","12":"purchasable","13":"product-type-simple"},"_links":{"self":[{"href":"https:\/\/www.rb-academy.it\/index.php?rest_route=\/wp\/v2\/product\/202735","targetHints":{"allow":["GET"]}}],"collection":[{"href":"https:\/\/www.rb-academy.it\/index.php?rest_route=\/wp\/v2\/product"}],"about":[{"href":"https:\/\/www.rb-academy.it\/index.php?rest_route=\/wp\/v2\/types\/product"}],"wp:featuredmedia":[{"embeddable":true,"href":"https:\/\/www.rb-academy.it\/index.php?rest_route=\/wp\/v2\/media\/202734"}],"wp:attachment":[{"href":"https:\/\/www.rb-academy.it\/index.php?rest_route=%2Fwp%2Fv2%2Fmedia&parent=202735"}],"wp:term":[{"taxonomy":"product_cat","embeddable":true,"href":"https:\/\/www.rb-academy.it\/index.php?rest_route=%2Fwp%2Fv2%2Fproduct_cat&post=202735"},{"taxonomy":"product_tag","embeddable":true,"href":"https:\/\/www.rb-academy.it\/index.php?rest_route=%2Fwp%2Fv2%2Fproduct_tag&post=202735"}],"curies":[{"name":"wp","href":"https:\/\/api.w.org\/{rel}","templated":true}]}}