{"id":202737,"date":"2024-02-08T15:46:38","date_gmt":"2024-02-08T13:46:38","guid":{"rendered":"https:\/\/www.rb-academy.it\/corsi\/senza-categoria\/corso-di-calligrafia-sul-corsivo-inglese\/"},"modified":"2025-03-27T13:38:14","modified_gmt":"2025-03-27T11:38:14","slug":"corso-di-calligrafia-sul-corsivo-inglese","status":"publish","type":"product","link":"https:\/\/www.rb-academy.it\/?product=corso-di-calligrafia-sul-corsivo-inglese","title":{"rendered":"Corso di Calligrafia sul corsivo inglese"},"content":{"rendered":"<p>Il Corsivo inglese nasce nella prima met\u00e0 del Settecento e si diffonde, a partire dall\u2019Inghilterra, in tutto il vecchio continente fino al nuovo mondo.<br \/>Fu elaborato sul modello del corsivo italico e chiamato Copperplate, perch\u00e9 inciso su lastre di rame rappresenta una scrittura chiara ed elegante.<br \/>Il suo uso iniziale era limitato agli ambiti commerciali, ma in breve estese ovunque la sua influenza fino ad arrivare ai giorni nostri, dove ancora si applica in diversi settori (dalle intestazioni di molti enti pubblici come i Ministeri, alle partecipazioni di matrimonio dove questo carattere \u00e8 il pi\u00f9 richiesto e utilizzato per la sua eleganza e leggibilit\u00e0).<br \/>Il corso ti aiuter\u00e0 a focalizzarti sulle regole proprie della \u201cBella calligrafia\u201d che, oltre a favorire un particolare rilassamento, consente di arrivare a buoni e soddisfacenti risultati attraverso un costante esercizio, per rendere pi\u00f9 facile l\u2019esecuzione e la conoscenza di questo elegante alfabeto.<\/p>\n<p><\/p>\n<p>Durata totale: 10 ore<\/p>\n","protected":false},"excerpt":{"rendered":"<p>Il Corsivo inglese nasce nella prima met\u00e0 del Settecento e si diffonde, a partire dall\u2019Inghilterra, in tutto il vecchio continente fino al nuovo mondo. Fu elaborato sul modello del corsivo italico e chiamato Copperplate, perch\u00e9 inciso su lastre di rame rappresenta una scrittura chiara ed elegante. Il suo uso iniziale era limitato agli ambiti commerciali, [&hellip;]<\/p>\n","protected":false},"featured_media":202736,"template":"","meta":[],"product_cat":[1066],"product_tag":[],"class_list":{"0":"post-202737","1":"product","2":"type-product","3":"status-publish","4":"has-post-thumbnail","6":"product_cat-lavori-manuali-creativi","8":"first","9":"instock","10":"taxable","11":"shipping-taxable","12":"purchasable","13":"product-type-simple"},"_links":{"self":[{"href":"https:\/\/www.rb-academy.it\/index.php?rest_route=\/wp\/v2\/product\/202737","targetHints":{"allow":["GET"]}}],"collection":[{"href":"https:\/\/www.rb-academy.it\/index.php?rest_route=\/wp\/v2\/product"}],"about":[{"href":"https:\/\/www.rb-academy.it\/index.php?rest_route=\/wp\/v2\/types\/product"}],"wp:featuredmedia":[{"embeddable":true,"href":"https:\/\/www.rb-academy.it\/index.php?rest_route=\/wp\/v2\/media\/202736"}],"wp:attachment":[{"href":"https:\/\/www.rb-academy.it\/index.php?rest_route=%2Fwp%2Fv2%2Fmedia&parent=202737"}],"wp:term":[{"taxonomy":"product_cat","embeddable":true,"href":"https:\/\/www.rb-academy.it\/index.php?rest_route=%2Fwp%2Fv2%2Fproduct_cat&post=202737"},{"taxonomy":"product_tag","embeddable":true,"href":"https:\/\/www.rb-academy.it\/index.php?rest_route=%2Fwp%2Fv2%2Fproduct_tag&post=202737"}],"curies":[{"name":"wp","href":"https:\/\/api.w.org\/{rel}","templated":true}]}}