{"id":202743,"date":"2024-02-08T15:46:39","date_gmt":"2024-02-08T13:46:39","guid":{"rendered":"https:\/\/www.rb-academy.it\/corsi\/senza-categoria\/corso-base-di-barman\/"},"modified":"2025-03-27T13:38:44","modified_gmt":"2025-03-27T11:38:44","slug":"corso-base-di-barman","status":"publish","type":"product","link":"https:\/\/www.rb-academy.it\/?product=corso-base-di-barman","title":{"rendered":"Corso base di Barman"},"content":{"rendered":"<p>Il percorso formativo inizia con alcuni video relativi alla storia della miscelazione, al comportamento, abbigliamento e motivazione del barman. A seguire, lo studente, conoscer\u00e0 tutte le attrezzature presenti all\u2019interno di un bar, inizier\u00e0 ad imparare una semplice ma efficace tecnica di preparazione che lo metter\u00e0 gi\u00e0 in condizione di divertirsi e sperimentare, imparer\u00e0 le tecniche di base di costruzione di un cocktail e quali sono i bicchieri migliori per ogni prodotto.<\/p>\n<p><\/p>\n<p>A questo punto lo studente sar\u00e0 pronto per imparare tutte le 6 tecniche di miscelazione utilizzate, al momento, dai migliori barman del mondo, un video per ognuna cos\u00ec da sviscerarle tutte nel dettaglio.<\/p>\n<p><\/p>\n<p>Una serie di 30 video spiegheranno in maniera chiara, semplice ed esaustiva la preparazione di un elenco completo di cocktail; parleremo anche della storia, o delle leggende, di ognuno di essi.<\/p>\n<p><\/p>\n<p>Il corso termina con delle esercitazioni, fondamentali per impratichirsi con le varie tecniche introdotte.<\/p>\n<p><\/p>\n<p>Durata totale: 25 ore<\/p>\n","protected":false},"excerpt":{"rendered":"<p>Il percorso formativo inizia con alcuni video relativi alla storia della miscelazione, al comportamento, abbigliamento e motivazione del barman. A seguire, lo studente, conoscer\u00e0 tutte le attrezzature presenti all\u2019interno di un bar, inizier\u00e0 ad imparare una semplice ma efficace tecnica di preparazione che lo metter\u00e0 gi\u00e0 in condizione di divertirsi e sperimentare, imparer\u00e0 le tecniche [&hellip;]<\/p>\n","protected":false},"featured_media":202742,"template":"","meta":[],"product_cat":[1115],"product_tag":[],"class_list":{"0":"post-202743","1":"product","2":"type-product","3":"status-publish","4":"has-post-thumbnail","6":"product_cat-bartending-e-cocktail","8":"first","9":"instock","10":"taxable","11":"shipping-taxable","12":"purchasable","13":"product-type-simple"},"_links":{"self":[{"href":"https:\/\/www.rb-academy.it\/index.php?rest_route=\/wp\/v2\/product\/202743","targetHints":{"allow":["GET"]}}],"collection":[{"href":"https:\/\/www.rb-academy.it\/index.php?rest_route=\/wp\/v2\/product"}],"about":[{"href":"https:\/\/www.rb-academy.it\/index.php?rest_route=\/wp\/v2\/types\/product"}],"wp:featuredmedia":[{"embeddable":true,"href":"https:\/\/www.rb-academy.it\/index.php?rest_route=\/wp\/v2\/media\/202742"}],"wp:attachment":[{"href":"https:\/\/www.rb-academy.it\/index.php?rest_route=%2Fwp%2Fv2%2Fmedia&parent=202743"}],"wp:term":[{"taxonomy":"product_cat","embeddable":true,"href":"https:\/\/www.rb-academy.it\/index.php?rest_route=%2Fwp%2Fv2%2Fproduct_cat&post=202743"},{"taxonomy":"product_tag","embeddable":true,"href":"https:\/\/www.rb-academy.it\/index.php?rest_route=%2Fwp%2Fv2%2Fproduct_tag&post=202743"}],"curies":[{"name":"wp","href":"https:\/\/api.w.org\/{rel}","templated":true}]}}