{"id":203132,"date":"2025-03-27T13:40:47","date_gmt":"2025-03-27T11:40:47","guid":{"rendered":"https:\/\/staging.rb-academy.it\/corsi\/senza-categoria\/corso-su-deepseek-lintelligenza-artificiale-open-source\/"},"modified":"2025-03-27T13:40:47","modified_gmt":"2025-03-27T11:40:47","slug":"corso-su-deepseek-lintelligenza-artificiale-open-source","status":"publish","type":"product","link":"https:\/\/www.rb-academy.it\/?product=corso-su-deepseek-lintelligenza-artificiale-open-source","title":{"rendered":"Corso su DeepSeek: l&#8217;Intelligenza Artificiale open source"},"content":{"rendered":"<p>Cos&#8217;\u00e8 DeepSeek e come pu\u00f2 essere utile?<br \/>DeepSeek \u00e8 un modello di intelligenza artificiale open source che sta rivoluzionando il settore grazie alla sua accessibilit\u00e0 gratuita e alle prestazioni avanzate. Ma come funziona realmente? Quali sono i suoi punti di forza e i suoi limiti? E soprattutto, \u00e8 adatto a tutti?<\/p>\n<p><\/p>\n<p>Questo corso ti guider\u00e0 alla scoperta di DeepSeek. Non serve alcuna esperienza tecnica: partiremo dalle basi per capire cos\u2019\u00e8, come funziona e perch\u00e9 sta attirando cos\u00ec tanta attenzione. <\/p>\n<p><\/p>\n<p>DeepSeek pu\u00f2 essere utilizzato anche per la programmazione e la generazione di codice, ma questo corso non tratter\u00e0 questo aspetto. Il focus sar\u00e0 sull\u2019uso dell\u2019IA per la scrittura, la ricerca di informazioni e la produttivit\u00e0. <\/p>\n<p><\/p>\n<p>Etica e Trasparenza: oltre alle funzionalit\u00e0 pratiche, affronterai anche le implicazioni etiche di DeepSeek, come la questione della privacy e i rischi legati alla censura.<\/p>\n<p><\/p>\n<p>Iscriviti al corso e inizia subito il tuo percorso alla conoscenza di DeepSeek e delle sue potenzialit\u00e0!<\/p>\n<p><\/p>\n<p>Durata totale: 3 ore<\/p>\n","protected":false},"excerpt":{"rendered":"<p>Cos&#8217;\u00e8 DeepSeek e come pu\u00f2 essere utile? DeepSeek \u00e8 un modello di intelligenza artificiale open source che sta rivoluzionando il settore grazie alla sua accessibilit\u00e0 gratuita e alle prestazioni avanzate. Ma come funziona realmente? Quali sono i suoi punti di forza e i suoi limiti? E soprattutto, \u00e8 adatto a tutti? Questo corso ti guider\u00e0 [&hellip;]<\/p>\n","protected":false},"featured_media":203131,"template":"","meta":[],"product_cat":[1057],"product_tag":[],"class_list":{"0":"post-203132","1":"product","2":"type-product","3":"status-publish","4":"has-post-thumbnail","6":"product_cat-intelligenza-artificiale","8":"first","9":"instock","10":"taxable","11":"shipping-taxable","12":"purchasable","13":"product-type-simple"},"_links":{"self":[{"href":"https:\/\/www.rb-academy.it\/index.php?rest_route=\/wp\/v2\/product\/203132","targetHints":{"allow":["GET"]}}],"collection":[{"href":"https:\/\/www.rb-academy.it\/index.php?rest_route=\/wp\/v2\/product"}],"about":[{"href":"https:\/\/www.rb-academy.it\/index.php?rest_route=\/wp\/v2\/types\/product"}],"wp:featuredmedia":[{"embeddable":true,"href":"https:\/\/www.rb-academy.it\/index.php?rest_route=\/wp\/v2\/media\/203131"}],"wp:attachment":[{"href":"https:\/\/www.rb-academy.it\/index.php?rest_route=%2Fwp%2Fv2%2Fmedia&parent=203132"}],"wp:term":[{"taxonomy":"product_cat","embeddable":true,"href":"https:\/\/www.rb-academy.it\/index.php?rest_route=%2Fwp%2Fv2%2Fproduct_cat&post=203132"},{"taxonomy":"product_tag","embeddable":true,"href":"https:\/\/www.rb-academy.it\/index.php?rest_route=%2Fwp%2Fv2%2Fproduct_tag&post=203132"}],"curies":[{"name":"wp","href":"https:\/\/api.w.org\/{rel}","templated":true}]}}