{"id":203142,"date":"2025-03-27T13:40:49","date_gmt":"2025-03-27T11:40:49","guid":{"rendered":"https:\/\/staging.rb-academy.it\/corsi\/senza-categoria\/intelligenza-artificiale-utilizza-chatgpt-al-massimo-del-suo-potenziale\/"},"modified":"2025-03-27T13:40:49","modified_gmt":"2025-03-27T11:40:49","slug":"intelligenza-artificiale-utilizza-chatgpt-al-massimo-del-suo-potenziale","status":"publish","type":"product","link":"https:\/\/www.rb-academy.it\/?product=intelligenza-artificiale-utilizza-chatgpt-al-massimo-del-suo-potenziale","title":{"rendered":"Intelligenza Artificiale: utilizza ChatGPT al massimo del suo potenziale"},"content":{"rendered":"<p>Questo corso \u00e8 pensato per chi desidera sfruttare al meglio le potenzialit\u00e0 di ChatGPT. <\/p>\n<p><\/p>\n<p>ChatGPT \u00e8 un chatbot basato sull&#8217;intelligenza artificiale e sull&#8217;apprendimento automatico, sviluppato da OpenAI e lanciato sul mercato a fine 2022.<\/p>\n<p><\/p>\n<p>Le videolezioni del corso ti guideranno passo passo alla scoperta dell&#8217;enorme potenziale di questo strumento, partendo dalle basi per poi esplorare strategie pi\u00f9 avanzate, con focus su Prompt Engineering, personalizzazione e gestione avanzata delle funzionalit\u00e0. <\/p>\n<p><\/p>\n<p>Il corso si concentra su strategie e tecniche per ottimizzare ChatGPT, senza entrare in applicazioni settoriali specifiche. <br \/>Per chi desidera approfondire la creazione di immagini con IA, \u00e8 disponibile un corso dedicato.<\/p>\n<p><\/p>\n<p>La conoscenza di questo strumento \u00e8 ormai sempre pi\u00f9 importante, al termine del corso riceverai un attestato di frequenza e, se supererai il test finale, anche un attestato di merito riconosciuti a livello curriculare e professionale.<\/p>\n<p><\/p>\n<p>Iscriviti al corso e inizia subito a scoprire il pieno potenziale di ChatGPT!<\/p>\n<p><\/p>\n<p>Durata totale: 6 ore<\/p>\n","protected":false},"excerpt":{"rendered":"<p>Questo corso \u00e8 pensato per chi desidera sfruttare al meglio le potenzialit\u00e0 di ChatGPT. ChatGPT \u00e8 un chatbot basato sull&#8217;intelligenza artificiale e sull&#8217;apprendimento automatico, sviluppato da OpenAI e lanciato sul mercato a fine 2022. Le videolezioni del corso ti guideranno passo passo alla scoperta dell&#8217;enorme potenziale di questo strumento, partendo dalle basi per poi esplorare [&hellip;]<\/p>\n","protected":false},"featured_media":203141,"template":"","meta":[],"product_cat":[1057],"product_tag":[],"class_list":{"0":"post-203142","1":"product","2":"type-product","3":"status-publish","4":"has-post-thumbnail","6":"product_cat-intelligenza-artificiale","8":"first","9":"instock","10":"taxable","11":"shipping-taxable","12":"purchasable","13":"product-type-simple"},"_links":{"self":[{"href":"https:\/\/www.rb-academy.it\/index.php?rest_route=\/wp\/v2\/product\/203142","targetHints":{"allow":["GET"]}}],"collection":[{"href":"https:\/\/www.rb-academy.it\/index.php?rest_route=\/wp\/v2\/product"}],"about":[{"href":"https:\/\/www.rb-academy.it\/index.php?rest_route=\/wp\/v2\/types\/product"}],"wp:featuredmedia":[{"embeddable":true,"href":"https:\/\/www.rb-academy.it\/index.php?rest_route=\/wp\/v2\/media\/203141"}],"wp:attachment":[{"href":"https:\/\/www.rb-academy.it\/index.php?rest_route=%2Fwp%2Fv2%2Fmedia&parent=203142"}],"wp:term":[{"taxonomy":"product_cat","embeddable":true,"href":"https:\/\/www.rb-academy.it\/index.php?rest_route=%2Fwp%2Fv2%2Fproduct_cat&post=203142"},{"taxonomy":"product_tag","embeddable":true,"href":"https:\/\/www.rb-academy.it\/index.php?rest_route=%2Fwp%2Fv2%2Fproduct_tag&post=203142"}],"curies":[{"name":"wp","href":"https:\/\/api.w.org\/{rel}","templated":true}]}}