{"id":203152,"date":"2025-03-27T13:40:51","date_gmt":"2025-03-27T11:40:51","guid":{"rendered":"https:\/\/staging.rb-academy.it\/corsi\/senza-categoria\/corso-base-di-tiktok\/"},"modified":"2025-03-27T13:40:51","modified_gmt":"2025-03-27T11:40:51","slug":"corso-base-di-tiktok","status":"publish","type":"product","link":"https:\/\/www.rb-academy.it\/?product=corso-base-di-tiktok","title":{"rendered":"Corso base di TikTok"},"content":{"rendered":"<p>Questo corso \u00e8 pensato per chi vuole entrare nel mondo di TikTok, imparare le basi e iniziare a creare contenuti efficaci e coinvolgenti. <\/p>\n<p><\/p>\n<p>Attraverso le videolezioni pratiche e teoriche, sarai guidato passo dopo passo nella creazione di un profilo efficace, nella comprensione del funzionamento dell&#8217;algoritmo, nello sfruttare le principali tendenze della piattaforma interagendo con la community tramite Duetti, Stitch e altre funzioni, nell&#8217;utilizzo degli strumenti di creazione e montaggio video di TikTok.<\/p>\n<p><\/p>\n<p>In questo momento \u00e8 sempre pi\u00f9 importante conoscere e sfruttare le potenzialit\u00e0 di TikTok che rappresenta il social con il pi\u00f9 importante tasso di crescita della propria community, quindi assicurarsi oggi visibilit\u00e0 su questo canale \u00e8 fondamentale.<\/p>\n<p><\/p>\n<p>Iscriviti al corso e inizia subito ad utilizzare TikTok in modo corretto ed efficace!<\/p>\n<p><\/p>\n<p>Durata totale: 4 ore<\/p>\n","protected":false},"excerpt":{"rendered":"<p>Questo corso \u00e8 pensato per chi vuole entrare nel mondo di TikTok, imparare le basi e iniziare a creare contenuti efficaci e coinvolgenti. Attraverso le videolezioni pratiche e teoriche, sarai guidato passo dopo passo nella creazione di un profilo efficace, nella comprensione del funzionamento dell&#8217;algoritmo, nello sfruttare le principali tendenze della piattaforma interagendo con la [&hellip;]<\/p>\n","protected":false},"featured_media":203151,"template":"","meta":[],"product_cat":[1060],"product_tag":[],"class_list":{"0":"post-203152","1":"product","2":"type-product","3":"status-publish","4":"has-post-thumbnail","6":"product_cat-social-media-marketing","8":"first","9":"instock","10":"taxable","11":"shipping-taxable","12":"purchasable","13":"product-type-simple"},"_links":{"self":[{"href":"https:\/\/www.rb-academy.it\/index.php?rest_route=\/wp\/v2\/product\/203152","targetHints":{"allow":["GET"]}}],"collection":[{"href":"https:\/\/www.rb-academy.it\/index.php?rest_route=\/wp\/v2\/product"}],"about":[{"href":"https:\/\/www.rb-academy.it\/index.php?rest_route=\/wp\/v2\/types\/product"}],"wp:featuredmedia":[{"embeddable":true,"href":"https:\/\/www.rb-academy.it\/index.php?rest_route=\/wp\/v2\/media\/203151"}],"wp:attachment":[{"href":"https:\/\/www.rb-academy.it\/index.php?rest_route=%2Fwp%2Fv2%2Fmedia&parent=203152"}],"wp:term":[{"taxonomy":"product_cat","embeddable":true,"href":"https:\/\/www.rb-academy.it\/index.php?rest_route=%2Fwp%2Fv2%2Fproduct_cat&post=203152"},{"taxonomy":"product_tag","embeddable":true,"href":"https:\/\/www.rb-academy.it\/index.php?rest_route=%2Fwp%2Fv2%2Fproduct_tag&post=203152"}],"curies":[{"name":"wp","href":"https:\/\/api.w.org\/{rel}","templated":true}]}}