{"id":203160,"date":"2025-03-27T13:40:52","date_gmt":"2025-03-27T11:40:52","guid":{"rendered":"https:\/\/staging.rb-academy.it\/corsi\/senza-categoria\/prompt-engineering-dalle-basi-allottimizzazione-avanzata-interagisci-con-lintelligenza-artificiale\/"},"modified":"2025-03-27T13:40:52","modified_gmt":"2025-03-27T11:40:52","slug":"prompt-engineering-dalle-basi-allottimizzazione-avanzata-interagisci-con-lintelligenza-artificiale","status":"publish","type":"product","link":"https:\/\/www.rb-academy.it\/?product=prompt-engineering-dalle-basi-allottimizzazione-avanzata-interagisci-con-lintelligenza-artificiale","title":{"rendered":"Prompt Engineering dalle basi all&#8217;ottimizzazione avanzata: interagisci con l&#8217;Intelligenza Artificiale"},"content":{"rendered":"<p>Prompt Engineering dalle Basi all&#8217;Ottimizzazione Avanzata \u00e8 il corso perfetto per chi desidera migliorare le proprie interazioni con l\u2019intelligenza artificiale e ottenere il massimo dai modelli generativi come ChatGPT, Gemini, Copilot con cenni su Ideogram, Imagen3 (per immagini), ecc&#8230;<br \/>Attraverso un approccio semplice e ricco di esempi pratici, imparerai a formulare richieste chiare e precise per generare contenuti, risolvere problemi complessi e stimolare la creativit\u00e0 dell\u2019IA.<br \/>Scoprirai come sfruttare le tecniche avanzate di prompt engineering, come Chain of Thought e Tree of Thought, Ask Before Answer per raggiungere risultati sempre pi\u00f9 accurati e personalizzati.<br \/>Non \u00e8 necessario avere grandi competenze tecniche pregresse: il corso ti guider\u00e0 passo dopo passo dalle basi fino alle applicazioni pi\u00f9 complesse, esplorando il funzionamento dei Large Language Models (LLM) e approfondendo come creare prompt per testi ed immagini.<br \/>Con materiali chiari ed accessibili, come videolezioni e slide, acquisirai competenze immediatamente applicabili per cogliere le opportunit\u00e0 offerte da questa tecnologia. Perfetto per chi vuole imparare in modo semplice, pratico e responsabile.<\/p>\n<p><\/p>\n<p>Perch\u00e9 scegliere questo Corso?<br \/>Accessibile e pratico: moduli chiari e ricchi di esempi.<br \/>Conoscenze applicabili: acquisirai competenze subito utilizzabili.<br \/>Opportunit\u00e0: preparazione per sfruttare le potenzialit\u00e0 dell&#8217;IA ed ottimizzare il tuo lavoro<br \/>Al termine del corso otterrai un attestato di frequenza e, se supererai il test finale, anche un attestato di merito validi per il tuo curriculum e che potrai sfruttare per la tua carriera professionale.<\/p>\n<p><\/p>\n<p>Iscriviti al corso e inizia subito il tuo viaggio nel mondo del Prompt Engineering!<\/p>\n<p><\/p>\n<p>Durata totale: 6 ore<\/p>\n","protected":false},"excerpt":{"rendered":"<p>Prompt Engineering dalle Basi all&#8217;Ottimizzazione Avanzata \u00e8 il corso perfetto per chi desidera migliorare le proprie interazioni con l\u2019intelligenza artificiale e ottenere il massimo dai modelli generativi come ChatGPT, Gemini, Copilot con cenni su Ideogram, Imagen3 (per immagini), ecc&#8230; Attraverso un approccio semplice e ricco di esempi pratici, imparerai a formulare richieste chiare e precise [&hellip;]<\/p>\n","protected":false},"featured_media":203159,"template":"","meta":[],"product_cat":[1057],"product_tag":[],"class_list":{"0":"post-203160","1":"product","2":"type-product","3":"status-publish","4":"has-post-thumbnail","6":"product_cat-intelligenza-artificiale","8":"first","9":"instock","10":"taxable","11":"shipping-taxable","12":"purchasable","13":"product-type-simple"},"_links":{"self":[{"href":"https:\/\/www.rb-academy.it\/index.php?rest_route=\/wp\/v2\/product\/203160","targetHints":{"allow":["GET"]}}],"collection":[{"href":"https:\/\/www.rb-academy.it\/index.php?rest_route=\/wp\/v2\/product"}],"about":[{"href":"https:\/\/www.rb-academy.it\/index.php?rest_route=\/wp\/v2\/types\/product"}],"wp:featuredmedia":[{"embeddable":true,"href":"https:\/\/www.rb-academy.it\/index.php?rest_route=\/wp\/v2\/media\/203159"}],"wp:attachment":[{"href":"https:\/\/www.rb-academy.it\/index.php?rest_route=%2Fwp%2Fv2%2Fmedia&parent=203160"}],"wp:term":[{"taxonomy":"product_cat","embeddable":true,"href":"https:\/\/www.rb-academy.it\/index.php?rest_route=%2Fwp%2Fv2%2Fproduct_cat&post=203160"},{"taxonomy":"product_tag","embeddable":true,"href":"https:\/\/www.rb-academy.it\/index.php?rest_route=%2Fwp%2Fv2%2Fproduct_tag&post=203160"}],"curies":[{"name":"wp","href":"https:\/\/api.w.org\/{rel}","templated":true}]}}