{"id":203168,"date":"2025-03-27T13:40:53","date_gmt":"2025-03-27T11:40:53","guid":{"rendered":"https:\/\/staging.rb-academy.it\/corsi\/senza-categoria\/lumorismo-come-chiave-per-costruire-una-relazione-sana\/"},"modified":"2025-03-27T13:40:54","modified_gmt":"2025-03-27T11:40:54","slug":"lumorismo-come-chiave-per-costruire-una-relazione-sana","status":"publish","type":"product","link":"https:\/\/www.rb-academy.it\/?product=lumorismo-come-chiave-per-costruire-una-relazione-sana","title":{"rendered":"L\u2019umorismo come chiave per costruire una relazione sana"},"content":{"rendered":"<p>Questo corso \u00e8 un viaggio nel mondo dell&#8217;umorismo: i suoi ingredienti, i suoi luoghi di applicazione e le sue funzioni.<\/p>\n<p><\/p>\n<p>Scegliere l&#8217;umorismo come chiave della relazione significa entrare in rapporto con gli altri attraverso la leggerezza e la piacevolezza di un\u2019abilit\u00e0 unicamente umana, un\u2019abilit\u00e0 che, nonostante lo scetticismo di molti, tutti possediamo e possiamo far crescere grazie ad un allenamento &#8220;tremendamente duro&#8221; e divertente.<\/p>\n<p><\/p>\n<p>Attraverso le videolezioni scoprirai cos&#8217;\u00e8 il senso dell&#8217;umorismo e capirai che \u00e8 un&#8217;abilit\u00e0 che tutti possediamo; conoscerai cos&#8217;\u00e8 l&#8217;ambiente pre-umoristico e sarai in grado di costruire ambienti umoristici; conoscerai le diverse funzioni dell&#8217;umorismo e sarai in grado di scegliere efficacemente quale utilizzare in ogni momento.<\/p>\n<p><\/p>\n<p>Iscriviti al corso e inizia subito a utilizzare l&#8217;umorismo per costruire relazioni sane!<\/p>\n<p><\/p>\n<p>Durata totale: 3 ore<\/p>\n","protected":false},"excerpt":{"rendered":"<p>Questo corso \u00e8 un viaggio nel mondo dell&#8217;umorismo: i suoi ingredienti, i suoi luoghi di applicazione e le sue funzioni. Scegliere l&#8217;umorismo come chiave della relazione significa entrare in rapporto con gli altri attraverso la leggerezza e la piacevolezza di un\u2019abilit\u00e0 unicamente umana, un\u2019abilit\u00e0 che, nonostante lo scetticismo di molti, tutti possediamo e possiamo far [&hellip;]<\/p>\n","protected":false},"featured_media":203167,"template":"","meta":[],"product_cat":[1059],"product_tag":[],"class_list":{"0":"post-203168","1":"product","2":"type-product","3":"status-publish","4":"has-post-thumbnail","6":"product_cat-trasformazione-personale","8":"first","9":"instock","10":"taxable","11":"shipping-taxable","12":"purchasable","13":"product-type-simple"},"_links":{"self":[{"href":"https:\/\/www.rb-academy.it\/index.php?rest_route=\/wp\/v2\/product\/203168","targetHints":{"allow":["GET"]}}],"collection":[{"href":"https:\/\/www.rb-academy.it\/index.php?rest_route=\/wp\/v2\/product"}],"about":[{"href":"https:\/\/www.rb-academy.it\/index.php?rest_route=\/wp\/v2\/types\/product"}],"wp:featuredmedia":[{"embeddable":true,"href":"https:\/\/www.rb-academy.it\/index.php?rest_route=\/wp\/v2\/media\/203167"}],"wp:attachment":[{"href":"https:\/\/www.rb-academy.it\/index.php?rest_route=%2Fwp%2Fv2%2Fmedia&parent=203168"}],"wp:term":[{"taxonomy":"product_cat","embeddable":true,"href":"https:\/\/www.rb-academy.it\/index.php?rest_route=%2Fwp%2Fv2%2Fproduct_cat&post=203168"},{"taxonomy":"product_tag","embeddable":true,"href":"https:\/\/www.rb-academy.it\/index.php?rest_route=%2Fwp%2Fv2%2Fproduct_tag&post=203168"}],"curies":[{"name":"wp","href":"https:\/\/api.w.org\/{rel}","templated":true}]}}