{"id":203204,"date":"2025-03-27T13:41:08","date_gmt":"2025-03-27T11:41:08","guid":{"rendered":"https:\/\/staging.rb-academy.it\/corsi\/senza-categoria\/comunicazione-strategica-per-i-contrasti-e-i-momenti-di-crisi\/"},"modified":"2025-03-27T13:41:08","modified_gmt":"2025-03-27T11:41:08","slug":"comunicazione-strategica-per-i-contrasti-e-i-momenti-di-crisi","status":"publish","type":"product","link":"https:\/\/www.rb-academy.it\/?product=comunicazione-strategica-per-i-contrasti-e-i-momenti-di-crisi","title":{"rendered":"Comunicazione strategica per i contrasti e i momenti di crisi"},"content":{"rendered":"<p>Momenti di crisi personale, professionale, di coppia ecc&#8230; in queste situazioni &#8216;estreme&#8217; la comunicazione standard pu\u00f2 non bastare, \u00e8 meglio conoscere quali sono le sfumature comunicative necessarie per muoversi in questi particolari momenti. <\/p>\n<p><\/p>\n<p>Questo corso \u00e8 dedicato alla comunicazione in casi &#8216;estremi&#8217;. Prima di tutto affronterai l&#8217;ascolto, l&#8217;elemento fondamentale per capire in quale situazione ti trovi e poi scoprirai alcuni schemi di comunicazione estremamente semplici da applicare, su cui allenarti, in modo che quando arriver\u00e0 il momento di utilizzarli usciranno spontaneamente; il corso si concluder\u00e0 affrontando la catastrofe: quando tutto \u00e8 precipitato cosa \u00e8 meglio fare?<\/p>\n<p><\/p>\n<p>Un corso pensato per la comunicazione in situazioni complesse, se vuoi imparare a gestire i momenti pi\u00f9 difficili della tua vita professionale, personale e familiare questo \u00e8 il corso giusto per te.<\/p>\n<p><\/p>\n<p>Durata totale: 4 ore<\/p>\n","protected":false},"excerpt":{"rendered":"<p>Momenti di crisi personale, professionale, di coppia ecc&#8230; in queste situazioni &#8216;estreme&#8217; la comunicazione standard pu\u00f2 non bastare, \u00e8 meglio conoscere quali sono le sfumature comunicative necessarie per muoversi in questi particolari momenti. Questo corso \u00e8 dedicato alla comunicazione in casi &#8216;estremi&#8217;. Prima di tutto affronterai l&#8217;ascolto, l&#8217;elemento fondamentale per capire in quale situazione ti [&hellip;]<\/p>\n","protected":false},"featured_media":203203,"template":"","meta":[],"product_cat":[1070],"product_tag":[],"class_list":{"0":"post-203204","1":"product","2":"type-product","3":"status-publish","4":"has-post-thumbnail","6":"product_cat-linguaggio-e-comunicazione","8":"first","9":"instock","10":"taxable","11":"shipping-taxable","12":"purchasable","13":"product-type-simple"},"_links":{"self":[{"href":"https:\/\/www.rb-academy.it\/index.php?rest_route=\/wp\/v2\/product\/203204","targetHints":{"allow":["GET"]}}],"collection":[{"href":"https:\/\/www.rb-academy.it\/index.php?rest_route=\/wp\/v2\/product"}],"about":[{"href":"https:\/\/www.rb-academy.it\/index.php?rest_route=\/wp\/v2\/types\/product"}],"wp:featuredmedia":[{"embeddable":true,"href":"https:\/\/www.rb-academy.it\/index.php?rest_route=\/wp\/v2\/media\/203203"}],"wp:attachment":[{"href":"https:\/\/www.rb-academy.it\/index.php?rest_route=%2Fwp%2Fv2%2Fmedia&parent=203204"}],"wp:term":[{"taxonomy":"product_cat","embeddable":true,"href":"https:\/\/www.rb-academy.it\/index.php?rest_route=%2Fwp%2Fv2%2Fproduct_cat&post=203204"},{"taxonomy":"product_tag","embeddable":true,"href":"https:\/\/www.rb-academy.it\/index.php?rest_route=%2Fwp%2Fv2%2Fproduct_tag&post=203204"}],"curies":[{"name":"wp","href":"https:\/\/api.w.org\/{rel}","templated":true}]}}