{"id":203208,"date":"2025-03-27T13:41:08","date_gmt":"2025-03-27T11:41:08","guid":{"rendered":"https:\/\/staging.rb-academy.it\/corsi\/senza-categoria\/impara-a-gestire-il-tuo-stato-danimo-in-modo-efficace\/"},"modified":"2025-03-27T13:41:08","modified_gmt":"2025-03-27T11:41:08","slug":"impara-a-gestire-il-tuo-stato-danimo-in-modo-efficace","status":"publish","type":"product","link":"https:\/\/www.rb-academy.it\/?product=impara-a-gestire-il-tuo-stato-danimo-in-modo-efficace","title":{"rendered":"Impara a gestire il tuo stato d&#8217;animo in modo efficace"},"content":{"rendered":"<p>La vita \u00e8 un passaggio continuo da uno stato d&#8217;animo ad un altro. Noi viviamo in uno stato d&#8217;animo utile per lavorare, poi passiamo a quello utile per cucinare, poi passiamo a quello utile per divertirci con gli amici, \u00e8 un continuo, ma a volte questi passaggi sono faticosi, perch\u00e9 al lavoro c&#8217;\u00e8 stata quella difficolt\u00e0 e allora quando torno a casa devo cucinare, ma ancora sono distratto e mi viene tutto salato, sono con gli amici e ancora mi porto dietro un muso lungo come una giraffa. Quanto sarebbe bello poter avere una bacchetta magica per cambiare i nostri stati d&#8217;animo? Passare da uno stato utile per lavorare, a quello utile per cucinare e poi a quello utile per stare con gli amici, da un momento di sconforto al divertimento? <\/p>\n<p><\/p>\n<p>Tutto questo \u00e8 possibile grazie agli studi di uno straordinario premio Nobel che, nei primi del \u2018900, ci ha regalato la scoperta di un meccanismo di funzionamento del nostro cervello perfetto per fare questa cosa. In questo corso scoprirai i misteri del riflesso condizionato e in che modo sfruttarlo per modificare il nostro stato d\u2019animo ed entrare in quello che desideriamo. <\/p>\n<p><\/p>\n<p>Vuoi comprendere delle tecniche per passare da uno stato d&#8217;animo all&#8217;altro e vivere i momenti della tua giornata nell&#8217;emozione che desideri? Iscriviti al corso e inizia subito questo percorso formativo.<\/p>\n<p><\/p>\n<p>Durata totale: 4 ore<\/p>\n","protected":false},"excerpt":{"rendered":"<p>La vita \u00e8 un passaggio continuo da uno stato d&#8217;animo ad un altro. Noi viviamo in uno stato d&#8217;animo utile per lavorare, poi passiamo a quello utile per cucinare, poi passiamo a quello utile per divertirci con gli amici, \u00e8 un continuo, ma a volte questi passaggi sono faticosi, perch\u00e9 al lavoro c&#8217;\u00e8 stata quella [&hellip;]<\/p>\n","protected":false},"featured_media":203207,"template":"","meta":[],"product_cat":[1059],"product_tag":[],"class_list":{"0":"post-203208","1":"product","2":"type-product","3":"status-publish","4":"has-post-thumbnail","6":"product_cat-trasformazione-personale","8":"first","9":"instock","10":"taxable","11":"shipping-taxable","12":"purchasable","13":"product-type-simple"},"_links":{"self":[{"href":"https:\/\/www.rb-academy.it\/index.php?rest_route=\/wp\/v2\/product\/203208","targetHints":{"allow":["GET"]}}],"collection":[{"href":"https:\/\/www.rb-academy.it\/index.php?rest_route=\/wp\/v2\/product"}],"about":[{"href":"https:\/\/www.rb-academy.it\/index.php?rest_route=\/wp\/v2\/types\/product"}],"wp:featuredmedia":[{"embeddable":true,"href":"https:\/\/www.rb-academy.it\/index.php?rest_route=\/wp\/v2\/media\/203207"}],"wp:attachment":[{"href":"https:\/\/www.rb-academy.it\/index.php?rest_route=%2Fwp%2Fv2%2Fmedia&parent=203208"}],"wp:term":[{"taxonomy":"product_cat","embeddable":true,"href":"https:\/\/www.rb-academy.it\/index.php?rest_route=%2Fwp%2Fv2%2Fproduct_cat&post=203208"},{"taxonomy":"product_tag","embeddable":true,"href":"https:\/\/www.rb-academy.it\/index.php?rest_route=%2Fwp%2Fv2%2Fproduct_tag&post=203208"}],"curies":[{"name":"wp","href":"https:\/\/api.w.org\/{rel}","templated":true}]}}