{"id":203214,"date":"2025-03-27T13:41:09","date_gmt":"2025-03-27T11:41:09","guid":{"rendered":"https:\/\/staging.rb-academy.it\/corsi\/senza-categoria\/un-buon-feedback-puo-cambiare-la-tua-vita\/"},"modified":"2025-03-27T13:41:10","modified_gmt":"2025-03-27T11:41:10","slug":"un-buon-feedback-puo-cambiare-la-tua-vita","status":"publish","type":"product","link":"https:\/\/www.rb-academy.it\/?product=un-buon-feedback-puo-cambiare-la-tua-vita","title":{"rendered":"Un buon Feedback pu\u00f2 cambiare la tua vita"},"content":{"rendered":"<p>Feedback!!! Questa parola inglese come si traduce in italiano? \u201cRiscontro\u201d. <\/p>\n<p><\/p>\n<p>Ogni giorno abbiamo a che fare con dei riscontri, facciamo delle azioni e quelle azioni portano dei risultati, a volte sono i risultati che desideriamo, a volte non lo sono; quindi, abbiamo a che fare con delle informazioni che tornano indietro, qual \u00e8 il modo pi\u00f9 utile per affrontare questi riscontri, queste informazioni? <br \/>Qual \u00e8 la mentalit\u00e0 che pu\u00f2 veramente farci vivere una vita priva di stress, di insoddisfazione e di aspettative devastanti piene di ansia? <br \/>In che modo possiamo dare un feedback a noi stessi, ai nostri figli ai nostri collaboratori, alle persone che ci circondano per fare in modo di crescere tutti quanti in maniera continua? <\/p>\n<p><\/p>\n<p>Io posso migliorare me stesso attraverso i risultati che raggiungo ma questo pu\u00f2 accadere anche alle persone che mi stanno intorno se io riesco a dare un feedback che gli permette di farlo. <\/p>\n<p><\/p>\n<p>In questo corso approfondirai il feedback, i riscontri, per favorire una crescita continua. <br \/>Se vuoi capire come comunicare quando si tratta di dare un feedback questo \u00e8 il corso che fa per te!<\/p>\n<p><\/p>\n<p>Durata totale: 4 ore<\/p>\n","protected":false},"excerpt":{"rendered":"<p>Feedback!!! Questa parola inglese come si traduce in italiano? \u201cRiscontro\u201d. Ogni giorno abbiamo a che fare con dei riscontri, facciamo delle azioni e quelle azioni portano dei risultati, a volte sono i risultati che desideriamo, a volte non lo sono; quindi, abbiamo a che fare con delle informazioni che tornano indietro, qual \u00e8 il modo [&hellip;]<\/p>\n","protected":false},"featured_media":203213,"template":"","meta":[],"product_cat":[1070],"product_tag":[],"class_list":{"0":"post-203214","1":"product","2":"type-product","3":"status-publish","4":"has-post-thumbnail","6":"product_cat-linguaggio-e-comunicazione","8":"first","9":"instock","10":"taxable","11":"shipping-taxable","12":"purchasable","13":"product-type-simple"},"_links":{"self":[{"href":"https:\/\/www.rb-academy.it\/index.php?rest_route=\/wp\/v2\/product\/203214","targetHints":{"allow":["GET"]}}],"collection":[{"href":"https:\/\/www.rb-academy.it\/index.php?rest_route=\/wp\/v2\/product"}],"about":[{"href":"https:\/\/www.rb-academy.it\/index.php?rest_route=\/wp\/v2\/types\/product"}],"wp:featuredmedia":[{"embeddable":true,"href":"https:\/\/www.rb-academy.it\/index.php?rest_route=\/wp\/v2\/media\/203213"}],"wp:attachment":[{"href":"https:\/\/www.rb-academy.it\/index.php?rest_route=%2Fwp%2Fv2%2Fmedia&parent=203214"}],"wp:term":[{"taxonomy":"product_cat","embeddable":true,"href":"https:\/\/www.rb-academy.it\/index.php?rest_route=%2Fwp%2Fv2%2Fproduct_cat&post=203214"},{"taxonomy":"product_tag","embeddable":true,"href":"https:\/\/www.rb-academy.it\/index.php?rest_route=%2Fwp%2Fv2%2Fproduct_tag&post=203214"}],"curies":[{"name":"wp","href":"https:\/\/api.w.org\/{rel}","templated":true}]}}