{"id":203224,"date":"2025-03-27T13:41:11","date_gmt":"2025-03-27T11:41:11","guid":{"rendered":"https:\/\/staging.rb-academy.it\/corsi\/senza-categoria\/leffetto-delle-parole-sul-cervello-linguistica\/"},"modified":"2025-03-27T13:41:11","modified_gmt":"2025-03-27T11:41:11","slug":"leffetto-delle-parole-sul-cervello-linguistica","status":"publish","type":"product","link":"https:\/\/www.rb-academy.it\/?product=leffetto-delle-parole-sul-cervello-linguistica","title":{"rendered":"L\u2019effetto delle parole sul cervello (linguistica)"},"content":{"rendered":"<p>Parole, parole, parole, soltanto parole. Che effetto hanno le parole sul cervello degli esseri umani? Quando sei l\u00ec davanti a qualcuno e pronunci dei suoni, perch\u00e9 le parole sono suoni, che cosa succede nel suo cervello? <\/p>\n<p><\/p>\n<p>Scoprirai che puoi provocare delle reazioni precise nella mente del nostro interlocutore e che devi stare attento\/a ad alcune parole perch\u00e9 mandano in corto circuito la mente, perch\u00e9 creano dei sovraccarichi cognitivi, perch\u00e9 confondono; altre parole invece appartengono ad un retaggio antico e ancora ce le portiamo dietro e se un tempo potevano avere un senso, oggi hanno effetto negativo nella comunicazione e sul nostro interlocutore. <\/p>\n<p><\/p>\n<p>Parleremo della linguistica, delle parole e dello straordinario effetto che hanno sulla nostra mente e su quella delle persone che abbiamo di fronte, scoprirai come sceglierle, come capire in che modo impattano e quali evitare per non danneggiare la tua comunicazione. Parole, parole, parole, soltanto parole? Scopriremo che c&#8217;\u00e8 molto di pi\u00f9 dietro un semplice suono.<\/p>\n<p><\/p>\n<p>Iscriviti al corso e inizia subito il tuo percorso formativo alla scoperta dell&#8217;effetto che le parole hanno sul cervello!<\/p>\n<p><\/p>\n<p>Durata totale: 4 ore<\/p>\n","protected":false},"excerpt":{"rendered":"<p>Parole, parole, parole, soltanto parole. Che effetto hanno le parole sul cervello degli esseri umani? Quando sei l\u00ec davanti a qualcuno e pronunci dei suoni, perch\u00e9 le parole sono suoni, che cosa succede nel suo cervello? Scoprirai che puoi provocare delle reazioni precise nella mente del nostro interlocutore e che devi stare attento\/a ad alcune [&hellip;]<\/p>\n","protected":false},"featured_media":203223,"template":"","meta":[],"product_cat":[1070],"product_tag":[],"class_list":{"0":"post-203224","1":"product","2":"type-product","3":"status-publish","4":"has-post-thumbnail","6":"product_cat-linguaggio-e-comunicazione","8":"first","9":"instock","10":"taxable","11":"shipping-taxable","12":"purchasable","13":"product-type-simple"},"_links":{"self":[{"href":"https:\/\/www.rb-academy.it\/index.php?rest_route=\/wp\/v2\/product\/203224","targetHints":{"allow":["GET"]}}],"collection":[{"href":"https:\/\/www.rb-academy.it\/index.php?rest_route=\/wp\/v2\/product"}],"about":[{"href":"https:\/\/www.rb-academy.it\/index.php?rest_route=\/wp\/v2\/types\/product"}],"wp:featuredmedia":[{"embeddable":true,"href":"https:\/\/www.rb-academy.it\/index.php?rest_route=\/wp\/v2\/media\/203223"}],"wp:attachment":[{"href":"https:\/\/www.rb-academy.it\/index.php?rest_route=%2Fwp%2Fv2%2Fmedia&parent=203224"}],"wp:term":[{"taxonomy":"product_cat","embeddable":true,"href":"https:\/\/www.rb-academy.it\/index.php?rest_route=%2Fwp%2Fv2%2Fproduct_cat&post=203224"},{"taxonomy":"product_tag","embeddable":true,"href":"https:\/\/www.rb-academy.it\/index.php?rest_route=%2Fwp%2Fv2%2Fproduct_tag&post=203224"}],"curies":[{"name":"wp","href":"https:\/\/api.w.org\/{rel}","templated":true}]}}