{"id":203240,"date":"2025-03-27T13:41:14","date_gmt":"2025-03-27T11:41:14","guid":{"rendered":"https:\/\/staging.rb-academy.it\/corsi\/senza-categoria\/corso-base-di-intelligenza-artificiale-generativa-ai\/"},"modified":"2025-03-27T13:41:14","modified_gmt":"2025-03-27T11:41:14","slug":"corso-base-di-intelligenza-artificiale-generativa-ai","status":"publish","type":"product","link":"https:\/\/www.rb-academy.it\/?product=corso-base-di-intelligenza-artificiale-generativa-ai","title":{"rendered":"Corso base di Intelligenza Artificiale Generativa (AI)"},"content":{"rendered":"<p>Questo corso \u00e8 un&#8217;introduzione pratica agli strumenti di intelligenza artificiale generativa disponibili gratuitamente online che possono essere utilizzati come supporto in molte attivit\u00e0 quotidiane e professionali.<\/p>\n<p><\/p>\n<p>Attraverso le videolezioni che hanno un taglio molto pratico (si operer\u00e0 direttamente sui chat bot) imparerai quali sono tutte le potenzialit\u00e0 degli strumenti basati su intelligenza artificiale generativa; conoscerai i principali strumenti gratuiti di intelligenza artificiale generativa disponibili online e a cosa ti possono essere utili sia per le tue attivit\u00e0 personali che per quelle lavorative; saprai utilizzare al meglio i modelli generativi formulando i prompt in maniera corretta; approfondirai l&#8217;utilizzo di ChatGPT e saprai formulare al meglio le richieste per ottenere i risultati che cerchi; conoscerai quali sono gli strumenti migliori per generare immagini e creare delle presentazioni utilizzando l&#8217;AI.<\/p>\n<p><\/p>\n<p>Al termine del corso otterrai un attestato di frequenza e, se supererai il test finale, anche un attestato di merito che potrai inserire all&#8217;interno del tuo curriculum e sfruttare per la tua carriera professionale.<\/p>\n<p><\/p>\n<p>Iscriviti al corso e inizia subito il tuo percorso di formazione nell&#8217;utilizzo dell&#8217;Intelligenza Artificiale Generativa!<\/p>\n<p><\/p>\n<p>Durata totale: 5 ore<\/p>\n","protected":false},"excerpt":{"rendered":"<p>Questo corso \u00e8 un&#8217;introduzione pratica agli strumenti di intelligenza artificiale generativa disponibili gratuitamente online che possono essere utilizzati come supporto in molte attivit\u00e0 quotidiane e professionali. Attraverso le videolezioni che hanno un taglio molto pratico (si operer\u00e0 direttamente sui chat bot) imparerai quali sono tutte le potenzialit\u00e0 degli strumenti basati su intelligenza artificiale generativa; conoscerai [&hellip;]<\/p>\n","protected":false},"featured_media":203239,"template":"","meta":[],"product_cat":[1057],"product_tag":[],"class_list":{"0":"post-203240","1":"product","2":"type-product","3":"status-publish","4":"has-post-thumbnail","6":"product_cat-intelligenza-artificiale","8":"first","9":"instock","10":"taxable","11":"shipping-taxable","12":"purchasable","13":"product-type-simple"},"_links":{"self":[{"href":"https:\/\/www.rb-academy.it\/index.php?rest_route=\/wp\/v2\/product\/203240","targetHints":{"allow":["GET"]}}],"collection":[{"href":"https:\/\/www.rb-academy.it\/index.php?rest_route=\/wp\/v2\/product"}],"about":[{"href":"https:\/\/www.rb-academy.it\/index.php?rest_route=\/wp\/v2\/types\/product"}],"wp:featuredmedia":[{"embeddable":true,"href":"https:\/\/www.rb-academy.it\/index.php?rest_route=\/wp\/v2\/media\/203239"}],"wp:attachment":[{"href":"https:\/\/www.rb-academy.it\/index.php?rest_route=%2Fwp%2Fv2%2Fmedia&parent=203240"}],"wp:term":[{"taxonomy":"product_cat","embeddable":true,"href":"https:\/\/www.rb-academy.it\/index.php?rest_route=%2Fwp%2Fv2%2Fproduct_cat&post=203240"},{"taxonomy":"product_tag","embeddable":true,"href":"https:\/\/www.rb-academy.it\/index.php?rest_route=%2Fwp%2Fv2%2Fproduct_tag&post=203240"}],"curies":[{"name":"wp","href":"https:\/\/api.w.org\/{rel}","templated":true}]}}