{"id":203264,"date":"2025-03-27T13:41:22","date_gmt":"2025-03-27T11:41:22","guid":{"rendered":"https:\/\/staging.rb-academy.it\/corsi\/senza-categoria\/corso-avanzato-di-solidworks-cad-3d\/"},"modified":"2025-03-27T13:41:22","modified_gmt":"2025-03-27T11:41:22","slug":"corso-avanzato-di-solidworks-cad-3d","status":"publish","type":"product","link":"https:\/\/www.rb-academy.it\/?product=corso-avanzato-di-solidworks-cad-3d","title":{"rendered":"Corso avanzato di SolidWorks CAD 3D"},"content":{"rendered":"<p>Il corso avanzato di SolidWorks \u00e8 progettato per utenti che desiderano affinare le proprie competenze e approfondire le funzionalit\u00e0 pi\u00f9 complesse del software. <\/p>\n<p><\/p>\n<p>Questo corso si concentra su tecniche avanzate di modellazione, progettazione e gestione dei componenti, con un forte focus su applicazioni pratiche e ottimizzazione dei processi di design.<br \/>Attraverso una combinazione di teoria ed esercizi pratici imparerai le tecniche avanzate di SolidWorks che ti permetteranno di gestire e ottimizzare progetti complessi e assiemi avanzati.<\/p>\n<p><\/p>\n<p>Iscriviti al corso e inizia subito a utilizzare SolidWorkd CAD 3D al massimo del suo potenziale!<\/p>\n<p><\/p>\n<p>Durata totale: 7 ore<\/p>\n","protected":false},"excerpt":{"rendered":"<p>Il corso avanzato di SolidWorks \u00e8 progettato per utenti che desiderano affinare le proprie competenze e approfondire le funzionalit\u00e0 pi\u00f9 complesse del software. Questo corso si concentra su tecniche avanzate di modellazione, progettazione e gestione dei componenti, con un forte focus su applicazioni pratiche e ottimizzazione dei processi di design. Attraverso una combinazione di teoria [&hellip;]<\/p>\n","protected":false},"featured_media":203263,"template":"","meta":[],"product_cat":[1083],"product_tag":[],"class_list":{"0":"post-203264","1":"product","2":"type-product","3":"status-publish","4":"has-post-thumbnail","6":"product_cat-disegno-tecnico","8":"first","9":"instock","10":"taxable","11":"shipping-taxable","12":"purchasable","13":"product-type-simple"},"_links":{"self":[{"href":"https:\/\/www.rb-academy.it\/index.php?rest_route=\/wp\/v2\/product\/203264","targetHints":{"allow":["GET"]}}],"collection":[{"href":"https:\/\/www.rb-academy.it\/index.php?rest_route=\/wp\/v2\/product"}],"about":[{"href":"https:\/\/www.rb-academy.it\/index.php?rest_route=\/wp\/v2\/types\/product"}],"wp:featuredmedia":[{"embeddable":true,"href":"https:\/\/www.rb-academy.it\/index.php?rest_route=\/wp\/v2\/media\/203263"}],"wp:attachment":[{"href":"https:\/\/www.rb-academy.it\/index.php?rest_route=%2Fwp%2Fv2%2Fmedia&parent=203264"}],"wp:term":[{"taxonomy":"product_cat","embeddable":true,"href":"https:\/\/www.rb-academy.it\/index.php?rest_route=%2Fwp%2Fv2%2Fproduct_cat&post=203264"},{"taxonomy":"product_tag","embeddable":true,"href":"https:\/\/www.rb-academy.it\/index.php?rest_route=%2Fwp%2Fv2%2Fproduct_tag&post=203264"}],"curies":[{"name":"wp","href":"https:\/\/api.w.org\/{rel}","templated":true}]}}