{"id":203266,"date":"2025-03-27T13:41:23","date_gmt":"2025-03-27T11:41:23","guid":{"rendered":"https:\/\/staging.rb-academy.it\/corsi\/senza-categoria\/corso-intermedio-di-solidworks-cad-3d\/"},"modified":"2025-03-27T13:41:23","modified_gmt":"2025-03-27T11:41:23","slug":"corso-intermedio-di-solidworks-cad-3d","status":"publish","type":"product","link":"https:\/\/www.rb-academy.it\/?product=corso-intermedio-di-solidworks-cad-3d","title":{"rendered":"Corso intermedio di SolidWorks CAD 3D"},"content":{"rendered":"<p>Il Corso Intermedio di SolidWorks \u00e8 progettato per approfondire le competenze acquisite nel livello base e permettere ai partecipanti di affrontare sfide pi\u00f9 complesse nella modellazione 3D e nella progettazione assistita da computer. <\/p>\n<p><\/p>\n<p>Attraverso una combinazione di teoria ed esercizi pratici imparerai: ad applicare e gestire i colori, a realizzare animazioni, a modellare superfici con forme irregolari, a rifilare le superfici per ottenere la forma desiderata, a realizzare disegni tecnici completi di quote e simboli grafici per una rappresentazione precisa e professionale e tanto altro.<\/p>\n<p><\/p>\n<p>Il corso prevede la realizzazione di esercitazioni pratiche in modo da poter mettere subito in pratica tutto ci\u00f2 che si \u00e8 appreso nelle videolezioni.<\/p>\n<p><\/p>\n<p>Questo corso \u00e8 ideale per coloro che desiderano espandere le loro capacit\u00e0 e utilizzare SolidWorks in modo pi\u00f9 avanzato e versatile.<\/p>\n<p><\/p>\n<p>Iscriviti al corso e inizia subito a utilizzare SolidWorks CAD 3D a un livello pi\u00f9 avanzato!<\/p>\n<p><\/p>\n<p>Durata totale: 9 ore<\/p>\n","protected":false},"excerpt":{"rendered":"<p>Il Corso Intermedio di SolidWorks \u00e8 progettato per approfondire le competenze acquisite nel livello base e permettere ai partecipanti di affrontare sfide pi\u00f9 complesse nella modellazione 3D e nella progettazione assistita da computer. Attraverso una combinazione di teoria ed esercizi pratici imparerai: ad applicare e gestire i colori, a realizzare animazioni, a modellare superfici con [&hellip;]<\/p>\n","protected":false},"featured_media":203265,"template":"","meta":[],"product_cat":[1083],"product_tag":[],"class_list":{"0":"post-203266","1":"product","2":"type-product","3":"status-publish","4":"has-post-thumbnail","6":"product_cat-disegno-tecnico","8":"first","9":"instock","10":"taxable","11":"shipping-taxable","12":"purchasable","13":"product-type-simple"},"_links":{"self":[{"href":"https:\/\/www.rb-academy.it\/index.php?rest_route=\/wp\/v2\/product\/203266","targetHints":{"allow":["GET"]}}],"collection":[{"href":"https:\/\/www.rb-academy.it\/index.php?rest_route=\/wp\/v2\/product"}],"about":[{"href":"https:\/\/www.rb-academy.it\/index.php?rest_route=\/wp\/v2\/types\/product"}],"wp:featuredmedia":[{"embeddable":true,"href":"https:\/\/www.rb-academy.it\/index.php?rest_route=\/wp\/v2\/media\/203265"}],"wp:attachment":[{"href":"https:\/\/www.rb-academy.it\/index.php?rest_route=%2Fwp%2Fv2%2Fmedia&parent=203266"}],"wp:term":[{"taxonomy":"product_cat","embeddable":true,"href":"https:\/\/www.rb-academy.it\/index.php?rest_route=%2Fwp%2Fv2%2Fproduct_cat&post=203266"},{"taxonomy":"product_tag","embeddable":true,"href":"https:\/\/www.rb-academy.it\/index.php?rest_route=%2Fwp%2Fv2%2Fproduct_tag&post=203266"}],"curies":[{"name":"wp","href":"https:\/\/api.w.org\/{rel}","templated":true}]}}