{"id":203278,"date":"2025-03-27T13:41:25","date_gmt":"2025-03-27T11:41:25","guid":{"rendered":"https:\/\/staging.rb-academy.it\/corsi\/senza-categoria\/corso-base-di-inchiostrazione-tradizionale\/"},"modified":"2025-03-27T13:41:25","modified_gmt":"2025-03-27T11:41:25","slug":"corso-base-di-inchiostrazione-tradizionale","status":"publish","type":"product","link":"https:\/\/www.rb-academy.it\/?product=corso-base-di-inchiostrazione-tradizionale","title":{"rendered":"Corso base di inchiostrazione tradizionale"},"content":{"rendered":"<p>In questo corso di inchiostrazione avrai l&#8217;obiettivo finale di creare un piccolo paesaggio; per la realizzazione di quest&#8217;opera metterai in pratica tutte le tecniche apprese durante il percorso formativo. L&#8217;inchiostrazione \u00e8 molto pi\u00f9 di una semplice tecnica di disegno, \u00e8 un mezzo potente per esprimere creativit\u00e0 e narrare storie visive. <\/p>\n<p><\/p>\n<p>Attraverso questo corso, imparerai: a padroneggiare i diversi strumenti fondamentali come le penne fineliners e la brush pen e a creare texture e ombre che daranno una nuova dimensione alle tue opere. Non solo migliorerai le tue abilit\u00e0 tecniche, ma acquisirai anche una comprensione pi\u00f9 profonda dei principi del disegno come la composizione, il contrasto e l&#8217;uso delle luci e delle ombre.<\/p>\n<p><\/p>\n<p>Un altro aspetto fondamentale di questo corso \u00e8 il focus sullo sviluppo del proprio stile. Ogni artista ha una voce unica e sarai guidato\/a nel processo di scoperta e raffinamento della tua espressione personale. Che tu sia interessato\/a a creare illustrazioni dettagliate, a esplorare stili minimalisti o a sperimentare con tecniche innovative, troverai in questo corso le risorse e il supporto per crescere come artista. <\/p>\n<p><\/p>\n<p>Iscriviti per scoprire il potenziale dell&#8217;inchiostrazione e portare il tuo disegno a un nuovo livello, divertendoti e sperimentando lungo il percorso!<\/p>\n<p><\/p>\n<p>Durata totale: 7 ore<\/p>\n","protected":false},"excerpt":{"rendered":"<p>In questo corso di inchiostrazione avrai l&#8217;obiettivo finale di creare un piccolo paesaggio; per la realizzazione di quest&#8217;opera metterai in pratica tutte le tecniche apprese durante il percorso formativo. L&#8217;inchiostrazione \u00e8 molto pi\u00f9 di una semplice tecnica di disegno, \u00e8 un mezzo potente per esprimere creativit\u00e0 e narrare storie visive. Attraverso questo corso, imparerai: a [&hellip;]<\/p>\n","protected":false},"featured_media":203277,"template":"","meta":[],"product_cat":[1077],"product_tag":[],"class_list":{"0":"post-203278","1":"product","2":"type-product","3":"status-publish","4":"has-post-thumbnail","6":"product_cat-disegno","8":"first","9":"instock","10":"taxable","11":"shipping-taxable","12":"purchasable","13":"product-type-simple"},"_links":{"self":[{"href":"https:\/\/www.rb-academy.it\/index.php?rest_route=\/wp\/v2\/product\/203278","targetHints":{"allow":["GET"]}}],"collection":[{"href":"https:\/\/www.rb-academy.it\/index.php?rest_route=\/wp\/v2\/product"}],"about":[{"href":"https:\/\/www.rb-academy.it\/index.php?rest_route=\/wp\/v2\/types\/product"}],"wp:featuredmedia":[{"embeddable":true,"href":"https:\/\/www.rb-academy.it\/index.php?rest_route=\/wp\/v2\/media\/203277"}],"wp:attachment":[{"href":"https:\/\/www.rb-academy.it\/index.php?rest_route=%2Fwp%2Fv2%2Fmedia&parent=203278"}],"wp:term":[{"taxonomy":"product_cat","embeddable":true,"href":"https:\/\/www.rb-academy.it\/index.php?rest_route=%2Fwp%2Fv2%2Fproduct_cat&post=203278"},{"taxonomy":"product_tag","embeddable":true,"href":"https:\/\/www.rb-academy.it\/index.php?rest_route=%2Fwp%2Fv2%2Fproduct_tag&post=203278"}],"curies":[{"name":"wp","href":"https:\/\/api.w.org\/{rel}","templated":true}]}}