{"id":203308,"date":"2025-03-27T13:41:34","date_gmt":"2025-03-27T11:41:34","guid":{"rendered":"https:\/\/staging.rb-academy.it\/corsi\/senza-categoria\/adobe-photoshop-cc-i-trucchi-dellesperto\/"},"modified":"2025-03-27T13:41:34","modified_gmt":"2025-03-27T11:41:34","slug":"adobe-photoshop-cc-i-trucchi-dellesperto","status":"publish","type":"product","link":"https:\/\/www.rb-academy.it\/?product=adobe-photoshop-cc-i-trucchi-dellesperto","title":{"rendered":"Adobe Photoshop CC: i trucchi dell\u2019esperto"},"content":{"rendered":"<p>La conoscenza di un software come Adobe Photoshop \u00e8 nulla se non accompagnata dall&#8217;esperienza, ed \u00e8 per questo motivo che \u00e8 stato creato questo corso per illustrarti tecniche, astuzie, ed anche qualche piccola magia, che il docente ha acquisito grazie ad anni di utilizzo di questo meraviglioso strumento.<\/p>\n<p><\/p>\n<p>Prendendo spunto da reali casi di utilizzo, imparerai a realizzare complesse elaborazioni che difficilmente si riescono a produrre con la sola conoscenza degli strumenti, sar\u00e0  necessario spremere ulteriormente l&#8217;infinita potenza creativa che Photoshop mette a disposizione. Apprenderai, per esempio, come realizzare ombre realistiche e trasparenti sui soggetti, come scontornare quest&#8217;ultimi in maniera professionale, come provare nuove soluzioni senza correre il rischio di rovinare il vostro lavoro, come automatizzare operazioni ripetitive, qual \u00e8 il modo migliore per rimuovere imperfezioni dalle vostre immagini e tanto altro ancora.<\/p>\n<p><\/p>\n<p>Il corso verr\u00e0 aggiornato via via con le novit\u00e0 relative agli aggiornamenti che periodicamente Adobe apporta ai suoi strumenti dedicati alla creativit\u00e0 digitale.<\/p>\n<p><\/p>\n<p>Iscriviti al corso e inizia ad utilizzare Photoshop come un esperto!<\/p>\n<p><\/p>\n<p>Durata totale: 9 ore<\/p>\n","protected":false},"excerpt":{"rendered":"<p>La conoscenza di un software come Adobe Photoshop \u00e8 nulla se non accompagnata dall&#8217;esperienza, ed \u00e8 per questo motivo che \u00e8 stato creato questo corso per illustrarti tecniche, astuzie, ed anche qualche piccola magia, che il docente ha acquisito grazie ad anni di utilizzo di questo meraviglioso strumento. Prendendo spunto da reali casi di utilizzo, [&hellip;]<\/p>\n","protected":false},"featured_media":203307,"template":"","meta":[],"product_cat":[1017],"product_tag":[],"class_list":{"0":"post-203308","1":"product","2":"type-product","3":"status-publish","4":"has-post-thumbnail","6":"product_cat-graphic-design-2","8":"first","9":"instock","10":"taxable","11":"shipping-taxable","12":"purchasable","13":"product-type-simple"},"_links":{"self":[{"href":"https:\/\/www.rb-academy.it\/index.php?rest_route=\/wp\/v2\/product\/203308","targetHints":{"allow":["GET"]}}],"collection":[{"href":"https:\/\/www.rb-academy.it\/index.php?rest_route=\/wp\/v2\/product"}],"about":[{"href":"https:\/\/www.rb-academy.it\/index.php?rest_route=\/wp\/v2\/types\/product"}],"wp:featuredmedia":[{"embeddable":true,"href":"https:\/\/www.rb-academy.it\/index.php?rest_route=\/wp\/v2\/media\/203307"}],"wp:attachment":[{"href":"https:\/\/www.rb-academy.it\/index.php?rest_route=%2Fwp%2Fv2%2Fmedia&parent=203308"}],"wp:term":[{"taxonomy":"product_cat","embeddable":true,"href":"https:\/\/www.rb-academy.it\/index.php?rest_route=%2Fwp%2Fv2%2Fproduct_cat&post=203308"},{"taxonomy":"product_tag","embeddable":true,"href":"https:\/\/www.rb-academy.it\/index.php?rest_route=%2Fwp%2Fv2%2Fproduct_tag&post=203308"}],"curies":[{"name":"wp","href":"https:\/\/api.w.org\/{rel}","templated":true}]}}