{"id":203310,"date":"2025-03-27T13:41:35","date_gmt":"2025-03-27T11:41:35","guid":{"rendered":"https:\/\/staging.rb-academy.it\/corsi\/senza-categoria\/lintelligenza-artificiale-di-adobe-per-designer-e-creativi\/"},"modified":"2025-03-27T13:41:35","modified_gmt":"2025-03-27T11:41:35","slug":"lintelligenza-artificiale-di-adobe-per-designer-e-creativi","status":"publish","type":"product","link":"https:\/\/www.rb-academy.it\/?product=lintelligenza-artificiale-di-adobe-per-designer-e-creativi","title":{"rendered":"L\u2019Intelligenza Artificiale di Adobe per Designer e Creativi"},"content":{"rendered":"<p>Non c&#8217;\u00e8 dubbio: le tecnologie di intelligenza artificiale stanno entrando di prepotenza nelle nostre attivit\u00e0 professionali, ed anche nel settore delle arti grafiche stiamo assistendo ad una vera e propria rivoluzione come non se ne vedevano dai tempi dei caratteri mobili di Gutenberg. <\/p>\n<p><\/p>\n<p>Tra i vari protagonisti di queste tecnologie non poteva mancare Adobe; la casa di Photoshop e Creative Cloud, che ha messo a disposizione dei suoi utenti formidabili tecnologie che permettono al creativo digitale di produrre e realizzare, grazie all&#8217;assistenza dell&#8217;intelligenza artificiale, progetti incredibili, e di effettuare operazioni ed interventi sulle immagini digitali impensabili sino a ieri, il tutto con una velocit\u00e0 ed una semplicit\u00e0 sconcertanti.<\/p>\n<p><\/p>\n<p>Rimarrai sbalordita\/o dalla incredibile potenza della A.I. applicata al design, e attraverso questo corso imparerai a conoscere e a dominare questa stupefacente tecnologia realizzando ed elaborando immagini come mai avresti pensato di poter fare.<br \/>Questa tecnologia \u00e8 in continuo divenire, ma non ti preoccupare di quello che ci riserver\u00e0 il futuro, perch\u00e9 questo corso verr\u00e0 via via aggiornato con tutte le novit\u00e0 di rilievo che certamente arriveranno ad arricchire l&#8217;arsenale del creativo nell&#8217;era del digitale.<\/p>\n<p><\/p>\n<p>Iscriviti al corso e inizia subito ad utilizzare l&#8217;AI (intelligenza artificiale) di Adobe al massimo del suo potenziale!<\/p>\n<p><\/p>\n<p>Durata totale: 8 ore<\/p>\n","protected":false},"excerpt":{"rendered":"<p>Non c&#8217;\u00e8 dubbio: le tecnologie di intelligenza artificiale stanno entrando di prepotenza nelle nostre attivit\u00e0 professionali, ed anche nel settore delle arti grafiche stiamo assistendo ad una vera e propria rivoluzione come non se ne vedevano dai tempi dei caratteri mobili di Gutenberg. Tra i vari protagonisti di queste tecnologie non poteva mancare Adobe; la [&hellip;]<\/p>\n","protected":false},"featured_media":203309,"template":"","meta":[],"product_cat":[1017],"product_tag":[],"class_list":{"0":"post-203310","1":"product","2":"type-product","3":"status-publish","4":"has-post-thumbnail","6":"product_cat-graphic-design-2","8":"first","9":"instock","10":"taxable","11":"shipping-taxable","12":"purchasable","13":"product-type-simple"},"_links":{"self":[{"href":"https:\/\/www.rb-academy.it\/index.php?rest_route=\/wp\/v2\/product\/203310","targetHints":{"allow":["GET"]}}],"collection":[{"href":"https:\/\/www.rb-academy.it\/index.php?rest_route=\/wp\/v2\/product"}],"about":[{"href":"https:\/\/www.rb-academy.it\/index.php?rest_route=\/wp\/v2\/types\/product"}],"wp:featuredmedia":[{"embeddable":true,"href":"https:\/\/www.rb-academy.it\/index.php?rest_route=\/wp\/v2\/media\/203309"}],"wp:attachment":[{"href":"https:\/\/www.rb-academy.it\/index.php?rest_route=%2Fwp%2Fv2%2Fmedia&parent=203310"}],"wp:term":[{"taxonomy":"product_cat","embeddable":true,"href":"https:\/\/www.rb-academy.it\/index.php?rest_route=%2Fwp%2Fv2%2Fproduct_cat&post=203310"},{"taxonomy":"product_tag","embeddable":true,"href":"https:\/\/www.rb-academy.it\/index.php?rest_route=%2Fwp%2Fv2%2Fproduct_tag&post=203310"}],"curies":[{"name":"wp","href":"https:\/\/api.w.org\/{rel}","templated":true}]}}