{"id":203334,"date":"2025-03-27T13:41:40","date_gmt":"2025-03-27T11:41:40","guid":{"rendered":"https:\/\/staging.rb-academy.it\/corsi\/senza-categoria\/corso-avanzato-di-ricostruzione-unghie-in-acrygel\/"},"modified":"2025-03-27T13:41:40","modified_gmt":"2025-03-27T11:41:40","slug":"corso-avanzato-di-ricostruzione-unghie-in-acrygel","status":"publish","type":"product","link":"https:\/\/www.rb-academy.it\/?product=corso-avanzato-di-ricostruzione-unghie-in-acrygel","title":{"rendered":"Corso avanzato di Ricostruzione Unghie in Acrygel"},"content":{"rendered":"<p>Il Corso avanzato di Ricostruzione Unghie in Acrygel ti fornir\u00e0 le competenze necessarie per diventare un esperto nella ricostruzione unghie in Acrygel nella forma ballerina e mandorla russa.<br \/>Perch\u00e9 scegliere di realizzare una riscostruzione in Acrygel? L&#8217;Acrygel rappresenta una combinazione perfetta tra gel e acrilico, che unisce la solidit\u00e0 e la consistenza compatta dell&#8217;acrilico alla praticit\u00e0 del gel. Questa sinergia permette di modellare il prodotto con estrema facilit\u00e0, dato che l&#8217;Acrygel non cola e si polimerizza solo sotto la lampada, consentendo cos\u00ec una lavorazione precisa e senza fretta. Inoltre, i tempi di limatura sono notevolmente ridotti, accelerando l&#8217;intero processo di ricostruzione.<\/p>\n<p><\/p>\n<p>Il corso di ricostruzione unghie con Acrygel \u00e8 la soluzione ideale per chi desidera apprendere l&#8217;uso di questo innovativo prodotto di ultima generazione. Grazie all&#8217;Acrygel, \u00e8 possibile eseguire ricostruzioni unghie in modo semplice e rapido, rendendolo perfetto sia per i principianti che per i professionisti. Amato sia dai clienti che dai Nail artist per il suo effetto naturale, l&#8217;Acrygel \u00e8 l&#8217;opzione ideale se vuoi imparare a realizzare ricostruzioni unghie fai da te o aggiungere questo servizio al tuo centro Nails.<\/p>\n<p><\/p>\n<p>All&#8217;interno del corso troverai un modulo iniziale per effettuare il refill di un&#8217;unghia ricostruita in gel e poi successivamente imparerai, con il supporto continuo dell&#8217;insegnante, le migliori pratiche per l\u2019applicazione dell&#8217;Acrygel e della nail form, la preparazione delle unghie, la corretta rimozione del trattamento.<br \/>Durante il corso saranno mostrati e consigliati i prodotti da utilizzare e come ricostruire con Nail form le due forme pi\u00f9 richieste nel mondo Nails: la forma ballerina e mandorla russa.<\/p>\n<p><\/p>\n<p>Le videolezioni ti guideranno con istruzioni dettagliate su come ottenere risultati professionali, garantendo un\u2019applicazione senza sbavature e una durata prolungata.<\/p>\n<p><\/p>\n<p>Il &#8220;Corso avanzato di Ricostruzione Unghie in Acrygel&#8221; \u00e8 utile a tutti coloro che hanno gi\u00e0 delle conoscenze di base di ricostruzione unghie, per chi parte da 0 o desidera una formazione completa consigliamo di seguire il &#8220;Corso di ricostruzione unghie in gel&#8221;<\/p>\n<p><\/p>\n<p>Iscriviti al corso e continua il tuo percorso nel mondo della ricostruzione unghie!<\/p>\n<p><\/p>\n<p>Durata totale: 3 ore<\/p>\n","protected":false},"excerpt":{"rendered":"<p>Il Corso avanzato di Ricostruzione Unghie in Acrygel ti fornir\u00e0 le competenze necessarie per diventare un esperto nella ricostruzione unghie in Acrygel nella forma ballerina e mandorla russa. Perch\u00e9 scegliere di realizzare una riscostruzione in Acrygel? L&#8217;Acrygel rappresenta una combinazione perfetta tra gel e acrilico, che unisce la solidit\u00e0 e la consistenza compatta dell&#8217;acrilico alla [&hellip;]<\/p>\n","protected":false},"featured_media":203333,"template":"","meta":[],"product_cat":[1091],"product_tag":[],"class_list":{"0":"post-203334","1":"product","2":"type-product","3":"status-publish","4":"has-post-thumbnail","6":"product_cat-nails","8":"first","9":"instock","10":"taxable","11":"shipping-taxable","12":"purchasable","13":"product-type-simple"},"_links":{"self":[{"href":"https:\/\/www.rb-academy.it\/index.php?rest_route=\/wp\/v2\/product\/203334","targetHints":{"allow":["GET"]}}],"collection":[{"href":"https:\/\/www.rb-academy.it\/index.php?rest_route=\/wp\/v2\/product"}],"about":[{"href":"https:\/\/www.rb-academy.it\/index.php?rest_route=\/wp\/v2\/types\/product"}],"wp:featuredmedia":[{"embeddable":true,"href":"https:\/\/www.rb-academy.it\/index.php?rest_route=\/wp\/v2\/media\/203333"}],"wp:attachment":[{"href":"https:\/\/www.rb-academy.it\/index.php?rest_route=%2Fwp%2Fv2%2Fmedia&parent=203334"}],"wp:term":[{"taxonomy":"product_cat","embeddable":true,"href":"https:\/\/www.rb-academy.it\/index.php?rest_route=%2Fwp%2Fv2%2Fproduct_cat&post=203334"},{"taxonomy":"product_tag","embeddable":true,"href":"https:\/\/www.rb-academy.it\/index.php?rest_route=%2Fwp%2Fv2%2Fproduct_tag&post=203334"}],"curies":[{"name":"wp","href":"https:\/\/api.w.org\/{rel}","templated":true}]}}