{"id":203338,"date":"2025-03-27T13:41:40","date_gmt":"2025-03-27T11:41:40","guid":{"rendered":"https:\/\/staging.rb-academy.it\/corsi\/senza-categoria\/corso-completo-di-final-cut-pro-x-2\/"},"modified":"2025-03-27T13:41:40","modified_gmt":"2025-03-27T11:41:40","slug":"corso-completo-di-final-cut-pro-x-2","status":"publish","type":"product","link":"https:\/\/www.rb-academy.it\/?product=corso-completo-di-final-cut-pro-x-2","title":{"rendered":"Corso completo di Final Cut Pro X"},"content":{"rendered":"<p>Final Cut Pro X \u00e8 un&#8217;applicazione di Apple per il video editing; \u00e8 considerato uno dei migliori software attualmente in circolazione per il montaggio video, il suo punto di forza \u00e8 rappresentato da un\u2019interfaccia grafica molto semplice da utilizzare e allo stesso tempo potente, che permette ad ogni utente di esprimere a pieno la sua creativit\u00e0.<\/p>\n<p><\/p>\n<p>Attraverso le videolezioni che ti guideranno passo passo, imparerai: a creare un nuovo progetto importando i file necessari, le tecniche e gli strumenti fondamentali per il montaggio di base, a inserire titoli e sottotitoli, a correggere il colore delle tue clip, a editare l&#8217;audio e fare il voiceover, come si gestisce il chroma key in Final Cut per cambiare lo sfondo del video, a esportare correttamente il progetto finale e tante altre funzionalit\u00e0 molto efficaci e utili.<\/p>\n<p><\/p>\n<p>Durante il corso verr\u00e0 realizzato un progetto completo di montaggio di un video.<\/p>\n<p><\/p>\n<p>\u00c8 possibile scaricare una versione di prova di 90 giorni di Final Cut Pro X collegandosi a questa pagina: prova gratuita di Final Cut Pro X<\/p>\n<p><\/p>\n<p>Iscriviti al corso e inizia subito ad imparare ad utilizzare Final Cut Pro X al massimo del suo potenziale!<\/p>\n<p><\/p>\n<p>Durata totale: 6 ore<\/p>\n","protected":false},"excerpt":{"rendered":"<p>Final Cut Pro X \u00e8 un&#8217;applicazione di Apple per il video editing; \u00e8 considerato uno dei migliori software attualmente in circolazione per il montaggio video, il suo punto di forza \u00e8 rappresentato da un\u2019interfaccia grafica molto semplice da utilizzare e allo stesso tempo potente, che permette ad ogni utente di esprimere a pieno la sua [&hellip;]<\/p>\n","protected":false},"featured_media":203337,"template":"","meta":[],"product_cat":[1086],"product_tag":[],"class_list":{"0":"post-203338","1":"product","2":"type-product","3":"status-publish","4":"has-post-thumbnail","6":"product_cat-video-editing","8":"first","9":"instock","10":"taxable","11":"shipping-taxable","12":"purchasable","13":"product-type-simple"},"_links":{"self":[{"href":"https:\/\/www.rb-academy.it\/index.php?rest_route=\/wp\/v2\/product\/203338","targetHints":{"allow":["GET"]}}],"collection":[{"href":"https:\/\/www.rb-academy.it\/index.php?rest_route=\/wp\/v2\/product"}],"about":[{"href":"https:\/\/www.rb-academy.it\/index.php?rest_route=\/wp\/v2\/types\/product"}],"wp:featuredmedia":[{"embeddable":true,"href":"https:\/\/www.rb-academy.it\/index.php?rest_route=\/wp\/v2\/media\/203337"}],"wp:attachment":[{"href":"https:\/\/www.rb-academy.it\/index.php?rest_route=%2Fwp%2Fv2%2Fmedia&parent=203338"}],"wp:term":[{"taxonomy":"product_cat","embeddable":true,"href":"https:\/\/www.rb-academy.it\/index.php?rest_route=%2Fwp%2Fv2%2Fproduct_cat&post=203338"},{"taxonomy":"product_tag","embeddable":true,"href":"https:\/\/www.rb-academy.it\/index.php?rest_route=%2Fwp%2Fv2%2Fproduct_tag&post=203338"}],"curies":[{"name":"wp","href":"https:\/\/api.w.org\/{rel}","templated":true}]}}