{"id":203358,"date":"2025-03-27T13:41:44","date_gmt":"2025-03-27T11:41:44","guid":{"rendered":"https:\/\/staging.rb-academy.it\/corsi\/senza-categoria\/corso-di-yoga-anti-stress\/"},"modified":"2025-03-27T13:41:44","modified_gmt":"2025-03-27T11:41:44","slug":"corso-di-yoga-anti-stress","status":"publish","type":"product","link":"https:\/\/www.rb-academy.it\/?product=corso-di-yoga-anti-stress","title":{"rendered":"Corso di Yoga Anti-Stress"},"content":{"rendered":"<p>In questo videocorso troverai un ampio spazio dedicato al Pranayama, quella branca dello Yoga che ci insegna a immagazzinare l&#8217;energia vitale attraverso il respiro, l&#8217;ansiolitico pi\u00f9 potente che esista. <\/p>\n<p><\/p>\n<p>Alcune lezione sono pi\u00f9 lente, altre pi\u00f9 dinamiche, ma in tutte troverai che respirare in modo profondo e consapevole ci aiuta ad entrare sempre pi\u00f9 in connessione con noi stessi.<br \/>In un mondo che corre, fermarsi a respirare \u00e8 un atto rivoluzionario!<br \/>Prenderci cura di noi richiede tempo e fin quando non siamo disposti a prenderci del tempo per noi, saremo sempre sotto stress.<br \/>Ad esempio i 5 tibetani richiedono una pratica quotidiana per fare esperienza dei tantissimi benefici che possono portarci. Pochi minuti al giorno per avere benefici incredibili!<\/p>\n<p><\/p>\n<p>Iscriviti al corso e inizia subito a eliminare lo stress accumulato!<\/p>\n<p><\/p>\n<p>Durata totale: 5 ore<\/p>\n","protected":false},"excerpt":{"rendered":"<p>In questo videocorso troverai un ampio spazio dedicato al Pranayama, quella branca dello Yoga che ci insegna a immagazzinare l&#8217;energia vitale attraverso il respiro, l&#8217;ansiolitico pi\u00f9 potente che esista. Alcune lezione sono pi\u00f9 lente, altre pi\u00f9 dinamiche, ma in tutte troverai che respirare in modo profondo e consapevole ci aiuta ad entrare sempre pi\u00f9 in [&hellip;]<\/p>\n","protected":false},"featured_media":203357,"template":"","meta":[],"product_cat":[1080],"product_tag":[],"class_list":{"0":"post-203358","1":"product","2":"type-product","3":"status-publish","4":"has-post-thumbnail","6":"product_cat-yoga","8":"first","9":"instock","10":"taxable","11":"shipping-taxable","12":"purchasable","13":"product-type-simple"},"_links":{"self":[{"href":"https:\/\/www.rb-academy.it\/index.php?rest_route=\/wp\/v2\/product\/203358","targetHints":{"allow":["GET"]}}],"collection":[{"href":"https:\/\/www.rb-academy.it\/index.php?rest_route=\/wp\/v2\/product"}],"about":[{"href":"https:\/\/www.rb-academy.it\/index.php?rest_route=\/wp\/v2\/types\/product"}],"wp:featuredmedia":[{"embeddable":true,"href":"https:\/\/www.rb-academy.it\/index.php?rest_route=\/wp\/v2\/media\/203357"}],"wp:attachment":[{"href":"https:\/\/www.rb-academy.it\/index.php?rest_route=%2Fwp%2Fv2%2Fmedia&parent=203358"}],"wp:term":[{"taxonomy":"product_cat","embeddable":true,"href":"https:\/\/www.rb-academy.it\/index.php?rest_route=%2Fwp%2Fv2%2Fproduct_cat&post=203358"},{"taxonomy":"product_tag","embeddable":true,"href":"https:\/\/www.rb-academy.it\/index.php?rest_route=%2Fwp%2Fv2%2Fproduct_tag&post=203358"}],"curies":[{"name":"wp","href":"https:\/\/api.w.org\/{rel}","templated":true}]}}