{"id":203360,"date":"2025-03-27T13:41:44","date_gmt":"2025-03-27T11:41:44","guid":{"rendered":"https:\/\/staging.rb-academy.it\/corsi\/senza-categoria\/corso-di-power-yoga\/"},"modified":"2025-03-27T13:41:44","modified_gmt":"2025-03-27T11:41:44","slug":"corso-di-power-yoga","status":"publish","type":"product","link":"https:\/\/www.rb-academy.it\/?product=corso-di-power-yoga","title":{"rendered":"Corso di Power Yoga"},"content":{"rendered":"<p>Questo corso di Power Yoga \u00e8 strutturato con lezioni pi\u00f9 intense rispetto ad un classico corso di Yoga con l&#8217;obiettivo di scendere ancora pi\u00f9 in profondit\u00e0.<\/p>\n<p><\/p>\n<p>Non confondere la lentezza con la difficolt\u00e0. In realt\u00e0 fare alcune sequenze in modo lento \u00e8 pi\u00f9 difficile che farle velocemente.<br \/>Il ritmo del respiro scandisce ogni lezioni in modo da entrare con maggiore profondit\u00e0 dentro di noi e sintonizzarci con il nostro corpo.<br \/>Lo Yoga non \u00e8 una semplice ginnastica, non \u00e8 solo muovere il corpo, ma imparare ad ascoltarlo, mettersi in gioco dimenticando la nostra et\u00e0 e migliorando, lezione dopo lezione, equilibrio, forza e resistenza a tutti i livelli dell&#8217;Essere: fisico, mentale e spirituale.<\/p>\n<p><\/p>\n<p>Si consiglia di eseguire questo ciclo di lezioni pi\u00f9 volte nel tempo per notare i miglioramenti pratica dopo pratica.<\/p>\n<p><\/p>\n<p>Iscriviti al corso e inizia subito a seguire il primo ciclo di esercizi per incrementare la tua energia psico-fisica!<\/p>\n<p><\/p>\n<p>Durata totale: 5 ore<\/p>\n","protected":false},"excerpt":{"rendered":"<p>Questo corso di Power Yoga \u00e8 strutturato con lezioni pi\u00f9 intense rispetto ad un classico corso di Yoga con l&#8217;obiettivo di scendere ancora pi\u00f9 in profondit\u00e0. Non confondere la lentezza con la difficolt\u00e0. In realt\u00e0 fare alcune sequenze in modo lento \u00e8 pi\u00f9 difficile che farle velocemente. Il ritmo del respiro scandisce ogni lezioni in [&hellip;]<\/p>\n","protected":false},"featured_media":203359,"template":"","meta":[],"product_cat":[1080],"product_tag":[],"class_list":{"0":"post-203360","1":"product","2":"type-product","3":"status-publish","4":"has-post-thumbnail","6":"product_cat-yoga","8":"first","9":"instock","10":"taxable","11":"shipping-taxable","12":"purchasable","13":"product-type-simple"},"_links":{"self":[{"href":"https:\/\/www.rb-academy.it\/index.php?rest_route=\/wp\/v2\/product\/203360","targetHints":{"allow":["GET"]}}],"collection":[{"href":"https:\/\/www.rb-academy.it\/index.php?rest_route=\/wp\/v2\/product"}],"about":[{"href":"https:\/\/www.rb-academy.it\/index.php?rest_route=\/wp\/v2\/types\/product"}],"wp:featuredmedia":[{"embeddable":true,"href":"https:\/\/www.rb-academy.it\/index.php?rest_route=\/wp\/v2\/media\/203359"}],"wp:attachment":[{"href":"https:\/\/www.rb-academy.it\/index.php?rest_route=%2Fwp%2Fv2%2Fmedia&parent=203360"}],"wp:term":[{"taxonomy":"product_cat","embeddable":true,"href":"https:\/\/www.rb-academy.it\/index.php?rest_route=%2Fwp%2Fv2%2Fproduct_cat&post=203360"},{"taxonomy":"product_tag","embeddable":true,"href":"https:\/\/www.rb-academy.it\/index.php?rest_route=%2Fwp%2Fv2%2Fproduct_tag&post=203360"}],"curies":[{"name":"wp","href":"https:\/\/api.w.org\/{rel}","templated":true}]}}