{"id":203376,"date":"2025-03-27T13:41:53","date_gmt":"2025-03-27T11:41:53","guid":{"rendered":"https:\/\/staging.rb-academy.it\/corsi\/senza-categoria\/diventa-un-dog-sitter\/"},"modified":"2025-03-27T13:41:53","modified_gmt":"2025-03-27T11:41:53","slug":"diventa-un-dog-sitter","status":"publish","type":"product","link":"https:\/\/www.rb-academy.it\/?product=diventa-un-dog-sitter","title":{"rendered":"Diventa un Dog Sitter"},"content":{"rendered":"<p>Benvenuto nel corso di dog sitting: un&#8217;opportunit\u00e0 unica per trasformare la tua passione per i cani in una professione gratificante. Questo corso \u00e8 progettato per fornirvi tutte le competenze necessarie per diventare un dog sitter di successo.<\/p>\n<p><\/p>\n<p>Perch\u00e9 Diventare Dog Sitter?<br \/>Il ruolo del dog sitter \u00e8 sempre pi\u00f9 richiesto, con molte persone che cercano un aiuto affidabile e competente per prendersi cura dei loro amici a quattro zampe. Diventare un dog sitter non solo ti permette di trascorrere del tempo con i cani, ma ti offre anche la possibilit\u00e0 di avviare una carriera flessibile e remunerativa che pu\u00f2 adattarsi perfettamente al tuo stile di vita.<\/p>\n<p><\/p>\n<p>Cosa imparerai durante il corso?<br \/>Attraverso le videolezioni che ti guideranno passo passo, comprenderai il ruolo e le responsabilit\u00e0 di un dog sitter e come comunicare efficacemente con i proprietari dei cani. <br \/>La gestione del cane sar\u00e0 un altro punto focale con consigli pratici su come affrontare comportamenti problematici e garantire la sicurezza del cane in ogni situazione.<br \/>La passeggiata col cane \u00e8 un&#8217;arte che richiede strategie perch\u00e9 sia sicura e piacevole ed \u00e8 importante mantenere il cane attivo e stimolato. <br \/>Altri argomenti importanti che verranno approfonditi durante il corso sono: la cura quotidiana del cane, l&#8217;alimentazione, l&#8217;igiene, la salute e come riconoscere i segnali di malessere per sapere quando consultare un veterinario.<br \/>Infine ci sar\u00e0 un approfondimento anche sulle strategie di marketing e promozione per avviare l\u2019attivit\u00e0 senza trascurare la conoscenza degli aspetti legali, assicurativi e normativi della professione di dog sitter.<\/p>\n<p><\/p>\n<p>Iscriviti al corso e inizia subito ad acquisire le conoscenze necessarie per diventare un ottimo Dog Sitter!<\/p>\n<p><\/p>\n<p>Durata totale: 4 ore<\/p>\n","protected":false},"excerpt":{"rendered":"<p>Benvenuto nel corso di dog sitting: un&#8217;opportunit\u00e0 unica per trasformare la tua passione per i cani in una professione gratificante. Questo corso \u00e8 progettato per fornirvi tutte le competenze necessarie per diventare un dog sitter di successo. Perch\u00e9 Diventare Dog Sitter? Il ruolo del dog sitter \u00e8 sempre pi\u00f9 richiesto, con molte persone che cercano [&hellip;]<\/p>\n","protected":false},"featured_media":203375,"template":"","meta":[],"product_cat":[1098],"product_tag":[],"class_list":{"0":"post-203376","1":"product","2":"type-product","3":"status-publish","4":"has-post-thumbnail","6":"product_cat-educazione-e-gestione-animali","8":"first","9":"instock","10":"taxable","11":"shipping-taxable","12":"purchasable","13":"product-type-simple"},"_links":{"self":[{"href":"https:\/\/www.rb-academy.it\/index.php?rest_route=\/wp\/v2\/product\/203376","targetHints":{"allow":["GET"]}}],"collection":[{"href":"https:\/\/www.rb-academy.it\/index.php?rest_route=\/wp\/v2\/product"}],"about":[{"href":"https:\/\/www.rb-academy.it\/index.php?rest_route=\/wp\/v2\/types\/product"}],"wp:featuredmedia":[{"embeddable":true,"href":"https:\/\/www.rb-academy.it\/index.php?rest_route=\/wp\/v2\/media\/203375"}],"wp:attachment":[{"href":"https:\/\/www.rb-academy.it\/index.php?rest_route=%2Fwp%2Fv2%2Fmedia&parent=203376"}],"wp:term":[{"taxonomy":"product_cat","embeddable":true,"href":"https:\/\/www.rb-academy.it\/index.php?rest_route=%2Fwp%2Fv2%2Fproduct_cat&post=203376"},{"taxonomy":"product_tag","embeddable":true,"href":"https:\/\/www.rb-academy.it\/index.php?rest_route=%2Fwp%2Fv2%2Fproduct_tag&post=203376"}],"curies":[{"name":"wp","href":"https:\/\/api.w.org\/{rel}","templated":true}]}}