{"id":203438,"date":"2025-03-27T13:42:08","date_gmt":"2025-03-27T11:42:08","guid":{"rendered":"https:\/\/staging.rb-academy.it\/corsi\/senza-categoria\/corso-di-ritratto-e-autoritratto-a-matita\/"},"modified":"2025-03-27T13:42:08","modified_gmt":"2025-03-27T11:42:08","slug":"corso-di-ritratto-e-autoritratto-a-matita","status":"publish","type":"product","link":"https:\/\/www.rb-academy.it\/?product=corso-di-ritratto-e-autoritratto-a-matita","title":{"rendered":"Corso di Ritratto e Autoritratto a matita"},"content":{"rendered":"<p>Hai mai pensato di disegnare te stesso?<br \/>Pensiamo spesso di conoscerci, ma con una matita in mano e un foglio bianco di solito abbiamo tutti grande difficolt\u00e0 nel disegnare il proprio ritratto.<br \/>In effetti, ogni volto \u00e8 molto di pi\u00f9 di ci\u00f2 che traspare allo specchio o in una fotografia; siamo luce, forme ed ombre che animano il nostro volto e lo rendono unico. Quanto difficile pu\u00f2 essere provare a catturare l&#8217;essenza di un volto?<\/p>\n<p><\/p>\n<p>Con questo corso, attraverso le videolezioni che ti guideranno passo passo, verrai accompagnato in un percorso in cui imparerai a realizzare un ritratto e un autoritratto a matita a partire da una fotografia.<br \/>Iniziando da ci\u00f2 che ci rende tutti uguali (una testa, due occhi e una bocca) imparerai a sfruttare linee e luce per individuare quei piccoli caratteri che rendono ogni volto unico e riconoscibile.<\/p>\n<p><\/p>\n<p>La docente del corso svolger\u00e0 con te tutti gli esercizi e anche l\u2019autoritratto finale in modo da fornirti sempre un esempio di riferimento e vedrai che seguendo i suoi passi riuscirai a realizzare un ottimo lavoro!<\/p>\n<p><\/p>\n<p>Iscriviti al corso e inizia subito a realizzare un ritratto e un autoritratto a matita!<\/p>\n<p><\/p>\n<p>Durata totale: 32 ore<\/p>\n","protected":false},"excerpt":{"rendered":"<p>Hai mai pensato di disegnare te stesso? Pensiamo spesso di conoscerci, ma con una matita in mano e un foglio bianco di solito abbiamo tutti grande difficolt\u00e0 nel disegnare il proprio ritratto. In effetti, ogni volto \u00e8 molto di pi\u00f9 di ci\u00f2 che traspare allo specchio o in una fotografia; siamo luce, forme ed ombre [&hellip;]<\/p>\n","protected":false},"featured_media":203437,"template":"","meta":[],"product_cat":[1077],"product_tag":[],"class_list":{"0":"post-203438","1":"product","2":"type-product","3":"status-publish","4":"has-post-thumbnail","6":"product_cat-disegno","8":"first","9":"instock","10":"taxable","11":"shipping-taxable","12":"purchasable","13":"product-type-simple"},"_links":{"self":[{"href":"https:\/\/www.rb-academy.it\/index.php?rest_route=\/wp\/v2\/product\/203438","targetHints":{"allow":["GET"]}}],"collection":[{"href":"https:\/\/www.rb-academy.it\/index.php?rest_route=\/wp\/v2\/product"}],"about":[{"href":"https:\/\/www.rb-academy.it\/index.php?rest_route=\/wp\/v2\/types\/product"}],"wp:featuredmedia":[{"embeddable":true,"href":"https:\/\/www.rb-academy.it\/index.php?rest_route=\/wp\/v2\/media\/203437"}],"wp:attachment":[{"href":"https:\/\/www.rb-academy.it\/index.php?rest_route=%2Fwp%2Fv2%2Fmedia&parent=203438"}],"wp:term":[{"taxonomy":"product_cat","embeddable":true,"href":"https:\/\/www.rb-academy.it\/index.php?rest_route=%2Fwp%2Fv2%2Fproduct_cat&post=203438"},{"taxonomy":"product_tag","embeddable":true,"href":"https:\/\/www.rb-academy.it\/index.php?rest_route=%2Fwp%2Fv2%2Fproduct_tag&post=203438"}],"curies":[{"name":"wp","href":"https:\/\/api.w.org\/{rel}","templated":true}]}}