{"id":203486,"date":"2025-03-27T13:42:23","date_gmt":"2025-03-27T11:42:23","guid":{"rendered":"https:\/\/staging.rb-academy.it\/corsi\/senza-categoria\/incrementa-la-tua-autorevolezza-attraverso-la-persuasione\/"},"modified":"2025-03-27T13:42:23","modified_gmt":"2025-03-27T11:42:23","slug":"incrementa-la-tua-autorevolezza-attraverso-la-persuasione","status":"publish","type":"product","link":"https:\/\/www.rb-academy.it\/?product=incrementa-la-tua-autorevolezza-attraverso-la-persuasione","title":{"rendered":"Incrementa la tua autorevolezza attraverso la Persuasione"},"content":{"rendered":"<p>Vorresti essere pi\u00f9 capace\u00a0di difendere le tue idee e i tuoi valori?\u00a0<br \/>Vorresti &#8220;saperlo dire&#8221; meglio?\u00a0<br \/>Vorresti essere pi\u00f9 abile nel convincere gli altri (amici, familiari, clienti, colleghi)?<br \/>E nello stesso tempo vorresti capire quali sono le regole del gioco\u00a0per poterti a tua volta difendere, consapevolmente, da trucchi e strategie di chi vuole portarti dalla sua parte senza il tuo consenso?<\/p>\n<p><\/p>\n<p>In questo corso approfondiremo le tecniche di persuasione partendo dalle basi teoriche\u00a0e arrivando a esaminare casi reali, modelli ed esempi\u00a0per un&#8217;applicazione concreta delle tecniche sia nella vita\u00a0personale che professionale.<\/p>\n<p><\/p>\n<p>Cosa non \u00e8 questo corso: non \u00e8 un corso sulla vendita, o sulla comunicazione &#8220;accademica&#8221;, o sul marketing, o sulla pubblicit\u00e0 e nemmeno sullo sviluppo personale. In qualche modo tutti questi argomenti sono presenti, ma si tratta\u00a0\u00a0di un corso focalizzato proprio sulla persuasione, ovvero sulla capacit\u00e0 di dare valore e forza alle proprie caratteristiche, partendo dal presupposto che la tua identit\u00e0 \u00e8 diversa da quella di qualsiasi altro e che occorrano strategie specifiche per valorizzarla e difenderla.<\/p>\n<p><\/p>\n<p>Vengono condivise strategie che hanno basi scientifiche (negli ultimi anni si sono fatti passi da gigante su questo fronte)\u00a0ma anche psicologiche e di osservazione dei modelli vincenti.<br \/>Acquisirai sensibilit\u00e0 su questo argomento,\u00a0ti si apriranno nuove porte e nuovi scenari, avrai a disposizione molti strumenti in pi\u00f9 per ottenere consenso e autorevolezza e lo potrai fare in modo etico,\u00a0nel rispetto dell&#8217;intelligenza\u00a0altrui e usando le giuste leve.<\/p>\n<p><\/p>\n<p>Iscriviti subito al corso e inizia ad acquisire i primi strumenti di Persuasione!<\/p>\n<p><\/p>\n<p>Durata totale: 8 ore<\/p>\n","protected":false},"excerpt":{"rendered":"<p>Vorresti essere pi\u00f9 capace\u00a0di difendere le tue idee e i tuoi valori?\u00a0 Vorresti &#8220;saperlo dire&#8221; meglio?\u00a0 Vorresti essere pi\u00f9 abile nel convincere gli altri (amici, familiari, clienti, colleghi)? E nello stesso tempo vorresti capire quali sono le regole del gioco\u00a0per poterti a tua volta difendere, consapevolmente, da trucchi e strategie di chi vuole portarti dalla [&hellip;]<\/p>\n","protected":false},"featured_media":202771,"template":"","meta":[],"product_cat":[1070],"product_tag":[],"class_list":{"0":"post-203486","1":"product","2":"type-product","3":"status-publish","4":"has-post-thumbnail","6":"product_cat-linguaggio-e-comunicazione","8":"first","9":"instock","10":"taxable","11":"shipping-taxable","12":"purchasable","13":"product-type-simple"},"_links":{"self":[{"href":"https:\/\/www.rb-academy.it\/index.php?rest_route=\/wp\/v2\/product\/203486","targetHints":{"allow":["GET"]}}],"collection":[{"href":"https:\/\/www.rb-academy.it\/index.php?rest_route=\/wp\/v2\/product"}],"about":[{"href":"https:\/\/www.rb-academy.it\/index.php?rest_route=\/wp\/v2\/types\/product"}],"wp:featuredmedia":[{"embeddable":true,"href":"https:\/\/www.rb-academy.it\/index.php?rest_route=\/wp\/v2\/media\/202771"}],"wp:attachment":[{"href":"https:\/\/www.rb-academy.it\/index.php?rest_route=%2Fwp%2Fv2%2Fmedia&parent=203486"}],"wp:term":[{"taxonomy":"product_cat","embeddable":true,"href":"https:\/\/www.rb-academy.it\/index.php?rest_route=%2Fwp%2Fv2%2Fproduct_cat&post=203486"},{"taxonomy":"product_tag","embeddable":true,"href":"https:\/\/www.rb-academy.it\/index.php?rest_route=%2Fwp%2Fv2%2Fproduct_tag&post=203486"}],"curies":[{"name":"wp","href":"https:\/\/api.w.org\/{rel}","templated":true}]}}