{"id":203518,"date":"2025-03-27T13:42:35","date_gmt":"2025-03-27T11:42:35","guid":{"rendered":"https:\/\/staging.rb-academy.it\/corsi\/senza-categoria\/sculture-di-palloncini-babbo-natale-con-palloni-da-12-pollici\/"},"modified":"2025-03-27T13:42:35","modified_gmt":"2025-03-27T11:42:35","slug":"sculture-di-palloncini-babbo-natale-con-palloni-da-12-pollici","status":"publish","type":"product","link":"https:\/\/www.rb-academy.it\/?product=sculture-di-palloncini-babbo-natale-con-palloni-da-12-pollici","title":{"rendered":"Sculture di palloncini &#8211; Babbo Natale con palloni da 12 pollici"},"content":{"rendered":"<p>Grazie a questo corso che ti mostra passo passo ogni passaggio riuscirai a realizzare un Babbo di Natale di palloncini in modo semplice e rapido. <\/p>\n<p><\/p>\n<p>Il corso comprende quattro videolezioni pratiche che ti guidano nella realizzazione della scultura di palloni e, in pi\u00f9, offrono molti spunti teorici per poter realizzare diverse varianti e per poterla personalizzare.<\/p>\n<p><\/p>\n<p>Nelle videolezioni trovi anche suggerimenti utili per evitare gli errori pi\u00f9 comuni e ridurre drasticamente il rischio di scoppio del palloncino; inoltre, ti dar\u00f2 indicazioni per comprendere come mantenere le giuste proporzioni per realizzare un Babbo Natale pi\u00f9 grande o pi\u00f9 piccolo rispetto a quello mostrato.<\/p>\n<p><\/p>\n<p>Durata totale: 2 ore<\/p>\n","protected":false},"excerpt":{"rendered":"<p>Grazie a questo corso che ti mostra passo passo ogni passaggio riuscirai a realizzare un Babbo di Natale di palloncini in modo semplice e rapido. Il corso comprende quattro videolezioni pratiche che ti guidano nella realizzazione della scultura di palloni e, in pi\u00f9, offrono molti spunti teorici per poter realizzare diverse varianti e per poterla [&hellip;]<\/p>\n","protected":false},"featured_media":202831,"template":"","meta":[],"product_cat":[1105],"product_tag":[],"class_list":{"0":"post-203518","1":"product","2":"type-product","3":"status-publish","4":"has-post-thumbnail","6":"product_cat-balloon-art-e-allestimenti-palloncini","8":"first","9":"instock","10":"taxable","11":"shipping-taxable","12":"purchasable","13":"product-type-simple"},"_links":{"self":[{"href":"https:\/\/www.rb-academy.it\/index.php?rest_route=\/wp\/v2\/product\/203518","targetHints":{"allow":["GET"]}}],"collection":[{"href":"https:\/\/www.rb-academy.it\/index.php?rest_route=\/wp\/v2\/product"}],"about":[{"href":"https:\/\/www.rb-academy.it\/index.php?rest_route=\/wp\/v2\/types\/product"}],"wp:featuredmedia":[{"embeddable":true,"href":"https:\/\/www.rb-academy.it\/index.php?rest_route=\/wp\/v2\/media\/202831"}],"wp:attachment":[{"href":"https:\/\/www.rb-academy.it\/index.php?rest_route=%2Fwp%2Fv2%2Fmedia&parent=203518"}],"wp:term":[{"taxonomy":"product_cat","embeddable":true,"href":"https:\/\/www.rb-academy.it\/index.php?rest_route=%2Fwp%2Fv2%2Fproduct_cat&post=203518"},{"taxonomy":"product_tag","embeddable":true,"href":"https:\/\/www.rb-academy.it\/index.php?rest_route=%2Fwp%2Fv2%2Fproduct_tag&post=203518"}],"curies":[{"name":"wp","href":"https:\/\/api.w.org\/{rel}","templated":true}]}}