{"id":203522,"date":"2025-03-27T13:42:40","date_gmt":"2025-03-27T11:42:40","guid":{"rendered":"https:\/\/staging.rb-academy.it\/corsi\/senza-categoria\/larte-di-comunicare-sviluppo-personale-pnl-e-leadership\/"},"modified":"2025-03-27T13:42:40","modified_gmt":"2025-03-27T11:42:40","slug":"larte-di-comunicare-sviluppo-personale-pnl-e-leadership","status":"publish","type":"product","link":"https:\/\/www.rb-academy.it\/?product=larte-di-comunicare-sviluppo-personale-pnl-e-leadership","title":{"rendered":"L&#8217;Arte di Comunicare: Sviluppo personale, PNL e Leadership"},"content":{"rendered":"<p>Questo corso ha l&#8217;obiettivo di evidenziare le dinamiche che ci sono nei rapporti umani.<br \/>Sono stati scritti milioni di libri sui rapporti fra esseri umani e sulla psicologia di come prendiamo decisioni in ambito affettivo, familiare e lavorativo. Queste regole possono essere applicate per migliorare la vita di tutti i giorni nei rapporti intimi e di gruppo.<\/p>\n<p><\/p>\n<p>Come mai siamo schiavi di un sistema che ci vuole sempre pi\u00f9 divisi? La chiave \u00e8 restare uniti. Nell&#8217;era dell&#8217;informazione l&#8217;ignoranza \u00e8 una scelta e oggi non sono sufficienti le competenze che la scuola ci d\u00e0 in ambito sociale e relazionale. \u00c8 necessario che tu agisca ed \u00e8 fondamentale apprendere le dinamiche che legano gli esseri umani. Oggi \u00e8 una necessit\u00e0 sempre maggiore quella di comunicare e migliorare le nostre relazioni.<\/p>\n<p><\/p>\n<p>&#8220;Quando sono nato, io piangevo e tutti intorno a me stavano ridendo, quando morir\u00f2 voglio ridere, mentre tutti gli altri piangeranno.&#8221;<\/p>\n<p><\/p>\n<p>Il corso \u00e8 strutturato in modo semplice e comprensibile, senza usare parole troppo gonfiate, ma con un linguaggio semplice per arrivare al miglioramento pratico delle relazioni umane. Un approccio pratico e non teorico.<\/p>\n<p><\/p>\n<p>Migliorando le tue relazioni migliorerai il tuo benessere personale e di tutte le persone intorno a te. Inizia oggi a migliorare la tua vita.<\/p>\n<p><\/p>\n<p>Durata totale: 12 ore<\/p>\n","protected":false},"excerpt":{"rendered":"<p>Questo corso ha l&#8217;obiettivo di evidenziare le dinamiche che ci sono nei rapporti umani. Sono stati scritti milioni di libri sui rapporti fra esseri umani e sulla psicologia di come prendiamo decisioni in ambito affettivo, familiare e lavorativo. Queste regole possono essere applicate per migliorare la vita di tutti i giorni nei rapporti intimi e [&hellip;]<\/p>\n","protected":false},"featured_media":202839,"template":"","meta":[],"product_cat":[1059],"product_tag":[],"class_list":{"0":"post-203522","1":"product","2":"type-product","3":"status-publish","4":"has-post-thumbnail","6":"product_cat-trasformazione-personale","8":"first","9":"instock","10":"taxable","11":"shipping-taxable","12":"purchasable","13":"product-type-simple"},"_links":{"self":[{"href":"https:\/\/www.rb-academy.it\/index.php?rest_route=\/wp\/v2\/product\/203522","targetHints":{"allow":["GET"]}}],"collection":[{"href":"https:\/\/www.rb-academy.it\/index.php?rest_route=\/wp\/v2\/product"}],"about":[{"href":"https:\/\/www.rb-academy.it\/index.php?rest_route=\/wp\/v2\/types\/product"}],"wp:featuredmedia":[{"embeddable":true,"href":"https:\/\/www.rb-academy.it\/index.php?rest_route=\/wp\/v2\/media\/202839"}],"wp:attachment":[{"href":"https:\/\/www.rb-academy.it\/index.php?rest_route=%2Fwp%2Fv2%2Fmedia&parent=203522"}],"wp:term":[{"taxonomy":"product_cat","embeddable":true,"href":"https:\/\/www.rb-academy.it\/index.php?rest_route=%2Fwp%2Fv2%2Fproduct_cat&post=203522"},{"taxonomy":"product_tag","embeddable":true,"href":"https:\/\/www.rb-academy.it\/index.php?rest_route=%2Fwp%2Fv2%2Fproduct_tag&post=203522"}],"curies":[{"name":"wp","href":"https:\/\/api.w.org\/{rel}","templated":true}]}}