{"id":203524,"date":"2025-03-27T13:42:40","date_gmt":"2025-03-27T11:42:40","guid":{"rendered":"https:\/\/staging.rb-academy.it\/corsi\/senza-categoria\/la-comunicazione-verbale-limportanza-delle-parole\/"},"modified":"2025-03-27T13:42:40","modified_gmt":"2025-03-27T11:42:40","slug":"la-comunicazione-verbale-limportanza-delle-parole","status":"publish","type":"product","link":"https:\/\/www.rb-academy.it\/?product=la-comunicazione-verbale-limportanza-delle-parole","title":{"rendered":"La comunicazione verbale: l&#8217;importanza delle parole"},"content":{"rendered":"<p>Un videocorso in cui si conosce e si pratica la comunicazione verbale in tutti i suoi elementi, per insegnarti le tecniche per scegliere le parole giuste, le frasi pi\u00f9 coerenti con il tuo messaggio, le logiche della narrazione.<br \/>Imparerai gli elementi di base dello storytelling, cosa vuole dire scrivere usando l\u2019immaginazione e il potere magico delle parole sensoriali, le tecniche di revisione e di eliminazione del superfluo, le 5 W del giornalismo, cosa significa \u201cmostrare con le parole\u201d senza descrivere ogni cosa (show, don&#8217;t tell) e tanto altro ancora per imparare a trasmettere con le parole il tuo messaggio in modo unico e suggestivo!<br \/>Perch\u00e9 scrivere partendo da chi ti ascolta o ti legge, calibrare le parti di ci\u00f2 che dici o scrivi \u00e8 una delle chiavi del successo nella comunicazione. Il segreto perch\u00e9 la tua mail non venga interrotta dopo poche righe, il tuo discorso ascoltato veramente senza distrazione e i tuoi messaggi siano in grado di raccontare le tue emozioni e farle vivere negli altri.<br \/>Con questo corso le tue parole, sia nello scrivere un racconto che una mail, uno speech davanti agli azionisti della tua azienda o un testo di una canzone, saranno un successo assicurato!<\/p>\n<p><\/p>\n<p>Durata totale: 5 ore<\/p>\n","protected":false},"excerpt":{"rendered":"<p>Un videocorso in cui si conosce e si pratica la comunicazione verbale in tutti i suoi elementi, per insegnarti le tecniche per scegliere le parole giuste, le frasi pi\u00f9 coerenti con il tuo messaggio, le logiche della narrazione. Imparerai gli elementi di base dello storytelling, cosa vuole dire scrivere usando l\u2019immaginazione e il potere magico [&hellip;]<\/p>\n","protected":false},"featured_media":202843,"template":"","meta":[],"product_cat":[1070],"product_tag":[],"class_list":{"0":"post-203524","1":"product","2":"type-product","3":"status-publish","4":"has-post-thumbnail","6":"product_cat-linguaggio-e-comunicazione","8":"first","9":"instock","10":"taxable","11":"shipping-taxable","12":"purchasable","13":"product-type-simple"},"_links":{"self":[{"href":"https:\/\/www.rb-academy.it\/index.php?rest_route=\/wp\/v2\/product\/203524","targetHints":{"allow":["GET"]}}],"collection":[{"href":"https:\/\/www.rb-academy.it\/index.php?rest_route=\/wp\/v2\/product"}],"about":[{"href":"https:\/\/www.rb-academy.it\/index.php?rest_route=\/wp\/v2\/types\/product"}],"wp:featuredmedia":[{"embeddable":true,"href":"https:\/\/www.rb-academy.it\/index.php?rest_route=\/wp\/v2\/media\/202843"}],"wp:attachment":[{"href":"https:\/\/www.rb-academy.it\/index.php?rest_route=%2Fwp%2Fv2%2Fmedia&parent=203524"}],"wp:term":[{"taxonomy":"product_cat","embeddable":true,"href":"https:\/\/www.rb-academy.it\/index.php?rest_route=%2Fwp%2Fv2%2Fproduct_cat&post=203524"},{"taxonomy":"product_tag","embeddable":true,"href":"https:\/\/www.rb-academy.it\/index.php?rest_route=%2Fwp%2Fv2%2Fproduct_tag&post=203524"}],"curies":[{"name":"wp","href":"https:\/\/api.w.org\/{rel}","templated":true}]}}