{"id":203525,"date":"2025-03-27T13:42:40","date_gmt":"2025-03-27T11:42:40","guid":{"rendered":"https:\/\/staging.rb-academy.it\/corsi\/senza-categoria\/il-linguaggio-del-corpo-la-comunicazione-non-verbale\/"},"modified":"2025-03-27T13:42:40","modified_gmt":"2025-03-27T11:42:40","slug":"il-linguaggio-del-corpo-la-comunicazione-non-verbale","status":"publish","type":"product","link":"https:\/\/www.rb-academy.it\/?product=il-linguaggio-del-corpo-la-comunicazione-non-verbale","title":{"rendered":"Il linguaggio del corpo: la comunicazione non verbale"},"content":{"rendered":"<p>Imparare a conoscere il linguaggio del corpo per costruire una comunicazione efficace?<br \/>Il nostro corpo di per s\u00e9 \u00e8 uno spazio, un setting, nel quale avvengono infinite esperienze sensoriali che a loro volta generano esperienze riflessive ed \u00e8 grazie ad esso che riceviamo le informazioni, le elaboriamo e le comunichiamo.<\/p>\n<p><\/p>\n<p>Il corpo definisce i nostri confini, dice al mondo chi siamo, di cosa abbiamo paura, che cosa siamo stati e cosa vogliamo diventare: ogni gesto, ogni movimento cos\u00ec come ogni non-movimento, al pari del silenzio, rivela qualcosa di noi.<\/p>\n<p><\/p>\n<p>\u201cIl corpo non mente, o meglio, il corpo non sa mentire\u201d , ed essendo non solo personale ma anche universale e intra-culturale, esso ci permette di condividere le nostre esperienze con gli altri.<\/p>\n<p><\/p>\n<p>Il nostro corpo trasmette credibilit\u00e0, intimit\u00e0, competenza e sicurezza ed \u00e8 quindi un elemento fondamentale nello stabilire un rapporto con gli altri. Le nostre emozioni passano soprattutto attraverso l\u2019aspetto non-verbale della comunicazione, non dimentichiamolo!<\/p>\n<p><\/p>\n<p>Per questo abbiamo pensato di proporti, nel nostro metodo, un modulo specifico per aiutarti a conoscere e utilizzare gli elementi espressivi che caratterizzano il linguaggio non verbale, che abbiamo conosciuto e approfondito nel nostro lavoro artistico teatrale:<\/p>\n<p><\/p>\n<p>\u2022 POSTURA<br \/>\u2022 GESTI\/MOVIMENTO<br \/>\u2022 SPAZIO<br \/>\u2022 ESTETICA<\/p>\n<p><\/p>\n<p>Oggi pi\u00f9 che mai \u00e8 utile riaprire un dialogo con il tuo corpo e valorizzarne la saggezza creativa, rendendo la tua comunicazione pi\u00f9 efficace e consapevole. Perch\u00e9, se ci pensi il corpo, \u00e8 l\u2019unico posto in cui siamo noi stessi!<\/p>\n<p><\/p>\n<p>Durata totale: 5 ore<\/p>\n","protected":false},"excerpt":{"rendered":"<p>Imparare a conoscere il linguaggio del corpo per costruire una comunicazione efficace? Il nostro corpo di per s\u00e9 \u00e8 uno spazio, un setting, nel quale avvengono infinite esperienze sensoriali che a loro volta generano esperienze riflessive ed \u00e8 grazie ad esso che riceviamo le informazioni, le elaboriamo e le comunichiamo. Il corpo definisce i nostri [&hellip;]<\/p>\n","protected":false},"featured_media":202845,"template":"","meta":[],"product_cat":[1070],"product_tag":[],"class_list":{"0":"post-203525","1":"product","2":"type-product","3":"status-publish","4":"has-post-thumbnail","6":"product_cat-linguaggio-e-comunicazione","8":"first","9":"instock","10":"taxable","11":"shipping-taxable","12":"purchasable","13":"product-type-simple"},"_links":{"self":[{"href":"https:\/\/www.rb-academy.it\/index.php?rest_route=\/wp\/v2\/product\/203525","targetHints":{"allow":["GET"]}}],"collection":[{"href":"https:\/\/www.rb-academy.it\/index.php?rest_route=\/wp\/v2\/product"}],"about":[{"href":"https:\/\/www.rb-academy.it\/index.php?rest_route=\/wp\/v2\/types\/product"}],"wp:featuredmedia":[{"embeddable":true,"href":"https:\/\/www.rb-academy.it\/index.php?rest_route=\/wp\/v2\/media\/202845"}],"wp:attachment":[{"href":"https:\/\/www.rb-academy.it\/index.php?rest_route=%2Fwp%2Fv2%2Fmedia&parent=203525"}],"wp:term":[{"taxonomy":"product_cat","embeddable":true,"href":"https:\/\/www.rb-academy.it\/index.php?rest_route=%2Fwp%2Fv2%2Fproduct_cat&post=203525"},{"taxonomy":"product_tag","embeddable":true,"href":"https:\/\/www.rb-academy.it\/index.php?rest_route=%2Fwp%2Fv2%2Fproduct_tag&post=203525"}],"curies":[{"name":"wp","href":"https:\/\/api.w.org\/{rel}","templated":true}]}}