{"id":203528,"date":"2025-03-27T13:42:40","date_gmt":"2025-03-27T11:42:40","guid":{"rendered":"https:\/\/staging.rb-academy.it\/corsi\/senza-categoria\/vivere-e-pensare-altrimenti\/"},"modified":"2025-03-27T13:42:40","modified_gmt":"2025-03-27T11:42:40","slug":"vivere-e-pensare-altrimenti","status":"publish","type":"product","link":"https:\/\/www.rb-academy.it\/?product=vivere-e-pensare-altrimenti","title":{"rendered":"Vivere e Pensare Altrimenti"},"content":{"rendered":"<p>Il filosofo pi\u00f9 seguito e controcorrente d&#8217;Italia ci introduce alle radici del suo pensiero e alla necessit\u00e0 del dissentire nella societ\u00e0 globalizzata contemporanea.<\/p>\n<p><\/p>\n<p>Vivere e pensare altrimenti non solo \u00e8 possibile, ma, al giorno d&#8217;oggi, \u00e8 un dovere morale. L&#8217;unica via, contro il nuovo ordine economico transnazionale e il pensiero unico mondialista che tutto omologa e banalizza, \u00e8 coltivare la filosofia del dissenso e l&#8217;arte della disobbedienza.<\/p>\n<p><\/p>\n<p>In questo corso, Diego Fusaro ci guida e ci incoraggia verso una trasformazione ideale dell&#8217;immagine di noi stessi e del mondo: una rivoluzione ontologica, mossa principalmente dall&#8217;amore per la conoscenza e tesa a rovesciare i rapporti di forza attuali sempre pi\u00f9 asimmetrici.<\/p>\n<p><\/p>\n<p>Ci\u00f2 che c&#8217;\u00e8 non \u00e8 tutto.<\/p>\n<p><\/p>\n<p>Durata totale: 3 ore<\/p>\n","protected":false},"excerpt":{"rendered":"<p>Il filosofo pi\u00f9 seguito e controcorrente d&#8217;Italia ci introduce alle radici del suo pensiero e alla necessit\u00e0 del dissentire nella societ\u00e0 globalizzata contemporanea. Vivere e pensare altrimenti non solo \u00e8 possibile, ma, al giorno d&#8217;oggi, \u00e8 un dovere morale. L&#8217;unica via, contro il nuovo ordine economico transnazionale e il pensiero unico mondialista che tutto omologa [&hellip;]<\/p>\n","protected":false},"featured_media":202851,"template":"","meta":[],"product_cat":[1059],"product_tag":[],"class_list":{"0":"post-203528","1":"product","2":"type-product","3":"status-publish","4":"has-post-thumbnail","6":"product_cat-trasformazione-personale","8":"first","9":"instock","10":"taxable","11":"shipping-taxable","12":"purchasable","13":"product-type-simple"},"_links":{"self":[{"href":"https:\/\/www.rb-academy.it\/index.php?rest_route=\/wp\/v2\/product\/203528","targetHints":{"allow":["GET"]}}],"collection":[{"href":"https:\/\/www.rb-academy.it\/index.php?rest_route=\/wp\/v2\/product"}],"about":[{"href":"https:\/\/www.rb-academy.it\/index.php?rest_route=\/wp\/v2\/types\/product"}],"wp:featuredmedia":[{"embeddable":true,"href":"https:\/\/www.rb-academy.it\/index.php?rest_route=\/wp\/v2\/media\/202851"}],"wp:attachment":[{"href":"https:\/\/www.rb-academy.it\/index.php?rest_route=%2Fwp%2Fv2%2Fmedia&parent=203528"}],"wp:term":[{"taxonomy":"product_cat","embeddable":true,"href":"https:\/\/www.rb-academy.it\/index.php?rest_route=%2Fwp%2Fv2%2Fproduct_cat&post=203528"},{"taxonomy":"product_tag","embeddable":true,"href":"https:\/\/www.rb-academy.it\/index.php?rest_route=%2Fwp%2Fv2%2Fproduct_tag&post=203528"}],"curies":[{"name":"wp","href":"https:\/\/api.w.org\/{rel}","templated":true}]}}