{"id":203531,"date":"2025-03-27T13:42:44","date_gmt":"2025-03-27T11:42:44","guid":{"rendered":"https:\/\/staging.rb-academy.it\/corsi\/senza-categoria\/corso-base-di-coaching\/"},"modified":"2025-03-27T13:42:44","modified_gmt":"2025-03-27T11:42:44","slug":"corso-base-di-coaching","status":"publish","type":"product","link":"https:\/\/www.rb-academy.it\/?product=corso-base-di-coaching","title":{"rendered":"Corso base di coaching"},"content":{"rendered":"<p>Il corso base di coaching vuole fornire le informazioni utili a conoscere meglio il coaching, come funziona, quando si applica e quali risultati si possono ottenere. Nonostante sia una disciplina ancora poco diffusa in Italia, si tratta di un\u2019attivit\u00e0 che pu\u00f2 trovare applicazione in molti ambiti e che, se correttamente svolta, pu\u00f2 portare molti benefici.<br \/>Nel corso delle lezioni scopriremo com\u2019\u00e8 nato il coaching, quante tipologie di coaching esistano e come, attuandolo, si possa migliorare e cambiare, sia nella propria vita che nelle relazioni con gli altri.<\/p>\n<p><\/p>\n<p>Durata totale: 4 ore<\/p>\n","protected":false},"excerpt":{"rendered":"<p>Il corso base di coaching vuole fornire le informazioni utili a conoscere meglio il coaching, come funziona, quando si applica e quali risultati si possono ottenere. Nonostante sia una disciplina ancora poco diffusa in Italia, si tratta di un\u2019attivit\u00e0 che pu\u00f2 trovare applicazione in molti ambiti e che, se correttamente svolta, pu\u00f2 portare molti benefici. [&hellip;]<\/p>\n","protected":false},"featured_media":202857,"template":"","meta":[],"product_cat":[1059],"product_tag":[],"class_list":{"0":"post-203531","1":"product","2":"type-product","3":"status-publish","4":"has-post-thumbnail","6":"product_cat-trasformazione-personale","8":"first","9":"instock","10":"taxable","11":"shipping-taxable","12":"purchasable","13":"product-type-simple"},"_links":{"self":[{"href":"https:\/\/www.rb-academy.it\/index.php?rest_route=\/wp\/v2\/product\/203531","targetHints":{"allow":["GET"]}}],"collection":[{"href":"https:\/\/www.rb-academy.it\/index.php?rest_route=\/wp\/v2\/product"}],"about":[{"href":"https:\/\/www.rb-academy.it\/index.php?rest_route=\/wp\/v2\/types\/product"}],"wp:featuredmedia":[{"embeddable":true,"href":"https:\/\/www.rb-academy.it\/index.php?rest_route=\/wp\/v2\/media\/202857"}],"wp:attachment":[{"href":"https:\/\/www.rb-academy.it\/index.php?rest_route=%2Fwp%2Fv2%2Fmedia&parent=203531"}],"wp:term":[{"taxonomy":"product_cat","embeddable":true,"href":"https:\/\/www.rb-academy.it\/index.php?rest_route=%2Fwp%2Fv2%2Fproduct_cat&post=203531"},{"taxonomy":"product_tag","embeddable":true,"href":"https:\/\/www.rb-academy.it\/index.php?rest_route=%2Fwp%2Fv2%2Fproduct_tag&post=203531"}],"curies":[{"name":"wp","href":"https:\/\/api.w.org\/{rel}","templated":true}]}}