{"id":203533,"date":"2025-03-27T13:42:44","date_gmt":"2025-03-27T11:42:44","guid":{"rendered":"https:\/\/staging.rb-academy.it\/corsi\/senza-categoria\/team-work-come-lavorare-in-team\/"},"modified":"2025-03-27T13:42:44","modified_gmt":"2025-03-27T11:42:44","slug":"team-work-come-lavorare-in-team","status":"publish","type":"product","link":"https:\/\/www.rb-academy.it\/?product=team-work-come-lavorare-in-team","title":{"rendered":"Team work: come lavorare in team"},"content":{"rendered":"<p>Contrariamente a quanto si pensa, lavorare in gruppo non \u00e8 affatto semplice.<br \/>Ci si deve scontrare con idee diverse dalle nostre, fondate su valori e principi soggettivi, bisogna scendere a compromessi sui tempi, modalit\u00e0, sul linguaggio e non \u00e8 raro che emergano conflitti o incomprensioni a complicare tutto.<\/p>\n<p><\/p>\n<p>La verit\u00e0, \u00e8 che per lavorare in gruppo serve strategia, preparazione e impegno, ma la buona notizia \u00e8 che il comportamento di un singolo individuo pu\u00f2 essere d\u2019esempio per molti altri.<\/p>\n<p><\/p>\n<p>In questo corso impareremo le principali regole e strategie per lavorare in gruppo in modo efficace, analizzando i ruoli, gli status, gli stili di linguaggio e comportamento, ed approfondendo tecniche utili in tutte le realt\u00e0.<\/p>\n<p><\/p>\n<p>Un gruppo efficace garantisce risultati straordinari e come affermano i pi\u00f9 grandi imprenditori al mondo: investire nella propria squadra, rimane una delle scelte pi\u00f9 sagge che si possano fare.<\/p>\n<p><\/p>\n<p>Durata totale: 8 ore<\/p>\n","protected":false},"excerpt":{"rendered":"<p>Contrariamente a quanto si pensa, lavorare in gruppo non \u00e8 affatto semplice. Ci si deve scontrare con idee diverse dalle nostre, fondate su valori e principi soggettivi, bisogna scendere a compromessi sui tempi, modalit\u00e0, sul linguaggio e non \u00e8 raro che emergano conflitti o incomprensioni a complicare tutto. La verit\u00e0, \u00e8 che per lavorare in [&hellip;]<\/p>\n","protected":false},"featured_media":202861,"template":"","meta":[],"product_cat":[1081],"product_tag":[],"class_list":{"0":"post-203533","1":"product","2":"type-product","3":"status-publish","4":"has-post-thumbnail","6":"product_cat-carriera-e-lavoro","8":"first","9":"instock","10":"taxable","11":"shipping-taxable","12":"purchasable","13":"product-type-simple"},"_links":{"self":[{"href":"https:\/\/www.rb-academy.it\/index.php?rest_route=\/wp\/v2\/product\/203533","targetHints":{"allow":["GET"]}}],"collection":[{"href":"https:\/\/www.rb-academy.it\/index.php?rest_route=\/wp\/v2\/product"}],"about":[{"href":"https:\/\/www.rb-academy.it\/index.php?rest_route=\/wp\/v2\/types\/product"}],"wp:featuredmedia":[{"embeddable":true,"href":"https:\/\/www.rb-academy.it\/index.php?rest_route=\/wp\/v2\/media\/202861"}],"wp:attachment":[{"href":"https:\/\/www.rb-academy.it\/index.php?rest_route=%2Fwp%2Fv2%2Fmedia&parent=203533"}],"wp:term":[{"taxonomy":"product_cat","embeddable":true,"href":"https:\/\/www.rb-academy.it\/index.php?rest_route=%2Fwp%2Fv2%2Fproduct_cat&post=203533"},{"taxonomy":"product_tag","embeddable":true,"href":"https:\/\/www.rb-academy.it\/index.php?rest_route=%2Fwp%2Fv2%2Fproduct_tag&post=203533"}],"curies":[{"name":"wp","href":"https:\/\/api.w.org\/{rel}","templated":true}]}}