{"id":203536,"date":"2025-03-27T13:42:45","date_gmt":"2025-03-27T11:42:45","guid":{"rendered":"https:\/\/staging.rb-academy.it\/corsi\/senza-categoria\/come-uscire-dalla-comfort-zone\/"},"modified":"2025-03-27T13:42:45","modified_gmt":"2025-03-27T11:42:45","slug":"come-uscire-dalla-comfort-zone","status":"publish","type":"product","link":"https:\/\/www.rb-academy.it\/?product=come-uscire-dalla-comfort-zone","title":{"rendered":"Come uscire dalla comfort zone"},"content":{"rendered":"<p>Ogni nave \u00e8 pi\u00f9 sicura al porto, ma nessuna nave \u00e8 costruita per rimanervi.<\/p>\n<p><\/p>\n<p>Amiamo ci\u00f2 che \u00e8 confortevole, lo cerchiamo, desideriamo, lottiamo per ottenerlo perch\u00e9 ci tranquillizza, ci fa respirare, ci fa sentire sicuri.<br \/>Tuttavia non sempre la zona comfort \u00e8 amica della felicit\u00e0, anzi, il pi\u00f9 delle volte \u00e8 proprio quando ci fermiamo che iniziamo a stagnare e questo ci rallenta, genera malessere, provoca emozioni contrastanti.<\/p>\n<p><\/p>\n<p>In questo corso affronteremo l\u2019ampio mondo della zona di comfort, approfondendone le tipologie e gli scopi.<br \/>Abbiamo bisogno di equilibri ma non tutti ci fanno realmente star bene, tuttavia esserne consapevoli non sempre basta, in quanto uscire dalla zona di comfort \u00e8 pi\u00f9 facile a dirsi che a farsi.<\/p>\n<p><\/p>\n<p>Questo corso si pone come prerogativa quella di fornire gli strumenti conoscitivi e pratici necessari a perturbare qualsiasi zona di comfort, al fine di ravvivare quelle routine che ci fanno bene e attaccare radicalmente quelle che invece ci fanno star male.<\/p>\n<p><\/p>\n<p>Durata totale: 6 ore<\/p>\n","protected":false},"excerpt":{"rendered":"<p>Ogni nave \u00e8 pi\u00f9 sicura al porto, ma nessuna nave \u00e8 costruita per rimanervi. Amiamo ci\u00f2 che \u00e8 confortevole, lo cerchiamo, desideriamo, lottiamo per ottenerlo perch\u00e9 ci tranquillizza, ci fa respirare, ci fa sentire sicuri. Tuttavia non sempre la zona comfort \u00e8 amica della felicit\u00e0, anzi, il pi\u00f9 delle volte \u00e8 proprio quando ci fermiamo [&hellip;]<\/p>\n","protected":false},"featured_media":202867,"template":"","meta":[],"product_cat":[1059],"product_tag":[],"class_list":{"0":"post-203536","1":"product","2":"type-product","3":"status-publish","4":"has-post-thumbnail","6":"product_cat-trasformazione-personale","8":"first","9":"instock","10":"taxable","11":"shipping-taxable","12":"purchasable","13":"product-type-simple"},"_links":{"self":[{"href":"https:\/\/www.rb-academy.it\/index.php?rest_route=\/wp\/v2\/product\/203536","targetHints":{"allow":["GET"]}}],"collection":[{"href":"https:\/\/www.rb-academy.it\/index.php?rest_route=\/wp\/v2\/product"}],"about":[{"href":"https:\/\/www.rb-academy.it\/index.php?rest_route=\/wp\/v2\/types\/product"}],"wp:featuredmedia":[{"embeddable":true,"href":"https:\/\/www.rb-academy.it\/index.php?rest_route=\/wp\/v2\/media\/202867"}],"wp:attachment":[{"href":"https:\/\/www.rb-academy.it\/index.php?rest_route=%2Fwp%2Fv2%2Fmedia&parent=203536"}],"wp:term":[{"taxonomy":"product_cat","embeddable":true,"href":"https:\/\/www.rb-academy.it\/index.php?rest_route=%2Fwp%2Fv2%2Fproduct_cat&post=203536"},{"taxonomy":"product_tag","embeddable":true,"href":"https:\/\/www.rb-academy.it\/index.php?rest_route=%2Fwp%2Fv2%2Fproduct_tag&post=203536"}],"curies":[{"name":"wp","href":"https:\/\/api.w.org\/{rel}","templated":true}]}}