{"id":203538,"date":"2025-03-27T13:42:49","date_gmt":"2025-03-27T11:42:49","guid":{"rendered":"https:\/\/staging.rb-academy.it\/corsi\/senza-categoria\/emozioni-negative-cosa-sono-e-come-controllarle\/"},"modified":"2025-03-27T13:42:49","modified_gmt":"2025-03-27T11:42:49","slug":"emozioni-negative-cosa-sono-e-come-controllarle","status":"publish","type":"product","link":"https:\/\/www.rb-academy.it\/?product=emozioni-negative-cosa-sono-e-come-controllarle","title":{"rendered":"Emozioni negative: cosa sono e come controllarle"},"content":{"rendered":"<p>Sarebbe bello ogni tanto scordarsi di pensare.<br \/>Quando si sta male magari, o quando le cose non vanno come volevi e ci ritrova a chiedersi:\u00a0\u201cma chi me lo ha fatto fare?\u201d.<\/p>\n<p><\/p>\n<p>Paradossalmente, il pi\u00f9 delle volte, le emozioni che pi\u00f9 feriscono sono anche quelle che pi\u00f9 ci guariscono.<br \/>In questo corso parleremo di emozioni negative, di cui non fanno parte solo quelle comunemente associate al dolore, bens\u00ec tutte quelle che ci ostacolano per qualsivoglia motivo.<br \/>Le emozioni sono il nostro pi\u00f9 grande alleato ma sono anche il pi\u00f9 importante ostacolo tra il\u00a0\u201cnoi\u201d di oggi\u00a0e il\u00a0\u201cnoi\u201d di domani.<\/p>\n<p><\/p>\n<p>Esattamente come lo sono state tra il\u00a0\u201cnoi\u201d di ieri\u00a0e il\u00a0\u201cnoi\u201d di oggi.<br \/>Liberarsi dalle emozioni negative \u00e8 possibile, ma come ogni cambiamento inizia da un giorno 1.<br \/>Ricordiamoci che fare il primo passo non ti porta dove vuoi, ma ti sposta da dove sei. sposta da dove sei.<\/p>\n<p><\/p>\n<p>Durata totale: 5 ore<\/p>\n","protected":false},"excerpt":{"rendered":"<p>Sarebbe bello ogni tanto scordarsi di pensare. Quando si sta male magari, o quando le cose non vanno come volevi e ci ritrova a chiedersi:\u00a0\u201cma chi me lo ha fatto fare?\u201d. Paradossalmente, il pi\u00f9 delle volte, le emozioni che pi\u00f9 feriscono sono anche quelle che pi\u00f9 ci guariscono. In questo corso parleremo di emozioni negative, [&hellip;]<\/p>\n","protected":false},"featured_media":202871,"template":"","meta":[],"product_cat":[1119],"product_tag":[],"class_list":{"0":"post-203538","1":"product","2":"type-product","3":"status-publish","4":"has-post-thumbnail","6":"product_cat-serenita-interiore","8":"first","9":"instock","10":"taxable","11":"shipping-taxable","12":"purchasable","13":"product-type-simple"},"_links":{"self":[{"href":"https:\/\/www.rb-academy.it\/index.php?rest_route=\/wp\/v2\/product\/203538","targetHints":{"allow":["GET"]}}],"collection":[{"href":"https:\/\/www.rb-academy.it\/index.php?rest_route=\/wp\/v2\/product"}],"about":[{"href":"https:\/\/www.rb-academy.it\/index.php?rest_route=\/wp\/v2\/types\/product"}],"wp:featuredmedia":[{"embeddable":true,"href":"https:\/\/www.rb-academy.it\/index.php?rest_route=\/wp\/v2\/media\/202871"}],"wp:attachment":[{"href":"https:\/\/www.rb-academy.it\/index.php?rest_route=%2Fwp%2Fv2%2Fmedia&parent=203538"}],"wp:term":[{"taxonomy":"product_cat","embeddable":true,"href":"https:\/\/www.rb-academy.it\/index.php?rest_route=%2Fwp%2Fv2%2Fproduct_cat&post=203538"},{"taxonomy":"product_tag","embeddable":true,"href":"https:\/\/www.rb-academy.it\/index.php?rest_route=%2Fwp%2Fv2%2Fproduct_tag&post=203538"}],"curies":[{"name":"wp","href":"https:\/\/api.w.org\/{rel}","templated":true}]}}