{"id":203541,"date":"2025-03-27T13:42:50","date_gmt":"2025-03-27T11:42:50","guid":{"rendered":"https:\/\/staging.rb-academy.it\/corsi\/senza-categoria\/corso-di-empowerment-riappropriati-del-tuo-potenziale\/"},"modified":"2025-03-27T13:42:50","modified_gmt":"2025-03-27T11:42:50","slug":"corso-di-empowerment-riappropriati-del-tuo-potenziale","status":"publish","type":"product","link":"https:\/\/www.rb-academy.it\/?product=corso-di-empowerment-riappropriati-del-tuo-potenziale","title":{"rendered":"Corso di Empowerment: riappropriati del tuo potenziale"},"content":{"rendered":"<p>Hai mai avuto la sensazione di poter dare ancora molto o di possedere un potenziale inespresso che non sei in grado di sfruttare al 100%?<\/p>\n<p><\/p>\n<p>L\u2019Empowerment rappresenta proprio quel processo di crescita, personale e professionale, che ti permetter\u00e0 di riappropiarti del tuo potenziale.<\/p>\n<p><\/p>\n<p>Per farlo \u00e8 indispensabile passare ad analizzare argomenti fondamentali come la stima di s\u00e9, la motivazione e il pensiero, senza per\u00f2 perdere di vista la propria individualit\u00e0.<\/p>\n<p><\/p>\n<p>All\u2019interno del Corso di Empowermet lavorerai al potenziamento reale delle risorse che gi\u00e0 possiedi, potendo anche arrivare a svilupparne altre che desideri fortemente.<\/p>\n<p><\/p>\n<p>Durata totale: 6 ore<\/p>\n","protected":false},"excerpt":{"rendered":"<p>Hai mai avuto la sensazione di poter dare ancora molto o di possedere un potenziale inespresso che non sei in grado di sfruttare al 100%? L\u2019Empowerment rappresenta proprio quel processo di crescita, personale e professionale, che ti permetter\u00e0 di riappropiarti del tuo potenziale. Per farlo \u00e8 indispensabile passare ad analizzare argomenti fondamentali come la stima [&hellip;]<\/p>\n","protected":false},"featured_media":202877,"template":"","meta":[],"product_cat":[1059],"product_tag":[],"class_list":{"0":"post-203541","1":"product","2":"type-product","3":"status-publish","4":"has-post-thumbnail","6":"product_cat-trasformazione-personale","8":"first","9":"instock","10":"taxable","11":"shipping-taxable","12":"purchasable","13":"product-type-simple"},"_links":{"self":[{"href":"https:\/\/www.rb-academy.it\/index.php?rest_route=\/wp\/v2\/product\/203541","targetHints":{"allow":["GET"]}}],"collection":[{"href":"https:\/\/www.rb-academy.it\/index.php?rest_route=\/wp\/v2\/product"}],"about":[{"href":"https:\/\/www.rb-academy.it\/index.php?rest_route=\/wp\/v2\/types\/product"}],"wp:featuredmedia":[{"embeddable":true,"href":"https:\/\/www.rb-academy.it\/index.php?rest_route=\/wp\/v2\/media\/202877"}],"wp:attachment":[{"href":"https:\/\/www.rb-academy.it\/index.php?rest_route=%2Fwp%2Fv2%2Fmedia&parent=203541"}],"wp:term":[{"taxonomy":"product_cat","embeddable":true,"href":"https:\/\/www.rb-academy.it\/index.php?rest_route=%2Fwp%2Fv2%2Fproduct_cat&post=203541"},{"taxonomy":"product_tag","embeddable":true,"href":"https:\/\/www.rb-academy.it\/index.php?rest_route=%2Fwp%2Fv2%2Fproduct_tag&post=203541"}],"curies":[{"name":"wp","href":"https:\/\/api.w.org\/{rel}","templated":true}]}}